{"id":138931,"date":"2025-05-18T23:00:34","date_gmt":"2025-05-18T23:00:34","guid":{"rendered":"https:\/\/staging2.stylingagenten.com\/fi\/produkt\/4711-original-edc-200ml\/"},"modified":"2026-03-30T13:38:27","modified_gmt":"2026-03-30T13:38:27","slug":"4711-original-edc-200ml","status":"publish","type":"product","link":"https:\/\/stylingagenten.com\/fi\/tuote\/4711-original-edc-200ml\/","title":{"rendered":"4711 Original Edc 200ml"},"content":{"rendered":"<p><strong>4711 Original Eau de Cologne Echt K&ouml;lnisch Wasser 200 ml<\/strong><\/p>\n<p>4711 on yksi t\u00e4m\u00e4n p\u00e4iv\u00e4n vanhimmista merkeist\u00e4, ja se tunnetaan ymp\u00e4ri maailmaa &ouml; ver. 4711:t\u00e4 kutsutaan yleens\u00e4 &#8221;ihmevedeksi&#8221;; ja sen sanotaan olevan kaikkien K\u00f6lnin juomien perusta. Sen salainen kaava on edelleen eritt\u00e4in suosittu t\u00e4n\u00e4\u00e4n ja sit\u00e4 pidet\u00e4\u00e4n menneisyyden klassikkona. Sen yl\u00e4tuoksussa on bergamottia, sitruunaa ja appelsiinia sek\u00e4 laventelia ja rosmariinia. Pohja tulee appelsiininkukka\u00f6ljyst\u00e4 (neroli).<\/p>\n<p>4711 Original Eau de Colognen huolella valitut ainesosat vaikuttavat positiivisesti; keho, mieli ja sielu.<\/p>\n<p>Yl\u00e4tuoksu: Bergamotti, sitruuna ja appelsiini tarjoavat virkist\u00e4v\u00e4n tunteen.<br \/>Syd\u00e4ntuoksu: Laventelilla ja rosmariinilla on rauhoittava, rentouttava vaikutus ja ne vahvistavat hermoja.<br \/>Pohja Huomioi: Appelsiininkukista uutettu appelsiininkukka\u00f6ljy (neroli) on eritt\u00e4in rauhoittava ja edist\u00e4\u00e4 positiivista asennetta.<\/p>\n","protected":false},"excerpt":{"rendered":"<p>4711 Original Eau de Cologne Echt K&ouml;lnisch Wasser 200 ml 4711 on yksi t\u00e4m\u00e4n p\u00e4iv\u00e4n vanhimmista merkeist\u00e4, ja se tunnetaan ymp\u00e4ri maailmaa &ouml; ver. 4711:t\u00e4 kutsutaan yleens\u00e4 &#8221;ihmevedeksi&#8221;; ja sen sanotaan olevan kaikkien K\u00f6lnin juomien perusta. Sen salainen kaava on edelleen eritt\u00e4in suosittu t\u00e4n\u00e4\u00e4n ja sit\u00e4 pidet\u00e4\u00e4n menneisyyden klassikkona. Sen yl\u00e4tuoksussa on bergamottia, sitruunaa ja [&hellip;]<\/p>\n","protected":false},"featured_media":138926,"comment_status":"open","ping_status":"closed","template":"","meta":{"_trash_the_other_posts":false},"product_brand":[],"product_cat":[984,710,1000,735],"product_tag":[2321],"berocket_brand":[1276],"class_list":{"0":"post-138931","1":"product","2":"type-product","3":"status-publish","4":"has-post-thumbnail","6":"product_cat-4711-original-edc","7":"product_cat-eau-de-cologne-miehet","8":"product_cat-kampanjatarjous-miehelle","9":"product_cat-kampanjamme","10":"product_tag-4711-original-edc","11":"pa_brand-1793","12":"pa_variantti-200ml","13":"berocket_brand-1276","15":"first","16":"instock","17":"sale","18":"taxable","19":"shipping-taxable","20":"purchasable","21":"product-type-simple"},"_links":{"self":[{"href":"https:\/\/stylingagenten.com\/fi\/wp-json\/wp\/v2\/product\/138931","targetHints":{"allow":["GET"]}}],"collection":[{"href":"https:\/\/stylingagenten.com\/fi\/wp-json\/wp\/v2\/product"}],"about":[{"href":"https:\/\/stylingagenten.com\/fi\/wp-json\/wp\/v2\/types\/product"}],"replies":[{"embeddable":true,"href":"https:\/\/stylingagenten.com\/fi\/wp-json\/wp\/v2\/comments?post=138931"}],"version-history":[{"count":0,"href":"https:\/\/stylingagenten.com\/fi\/wp-json\/wp\/v2\/product\/138931\/revisions"}],"wp:featuredmedia":[{"embeddable":true,"href":"https:\/\/stylingagenten.com\/fi\/wp-json\/wp\/v2\/media\/138926"}],"wp:attachment":[{"href":"https:\/\/stylingagenten.com\/fi\/wp-json\/wp\/v2\/media?parent=138931"}],"wp:term":[{"taxonomy":"product_brand","embeddable":true,"href":"https:\/\/stylingagenten.com\/fi\/wp-json\/wp\/v2\/product_brand?post=138931"},{"taxonomy":"product_cat","embeddable":true,"href":"https:\/\/stylingagenten.com\/fi\/wp-json\/wp\/v2\/product_cat?post=138931"},{"taxonomy":"product_tag","embeddable":true,"href":"https:\/\/stylingagenten.com\/fi\/wp-json\/wp\/v2\/product_tag?post=138931"},{"taxonomy":"berocket_brand","embeddable":true,"href":"https:\/\/stylingagenten.com\/fi\/wp-json\/wp\/v2\/berocket_brand?post=138931"}],"curies":[{"name":"wp","href":"https:\/\/api.w.org\/{rel}","templated":true}]}}