{"id":138927,"date":"2025-05-18T23:00:32","date_gmt":"2025-05-18T23:00:32","guid":{"rendered":"https:\/\/staging2.stylingagenten.com\/fi\/produkt\/hermes-un-jardin-sur-le-nil-edt-50-ml\/"},"modified":"2026-03-25T14:28:25","modified_gmt":"2026-03-25T14:28:25","slug":"hermes-un-jardin-sur-le-nil-edt-50-ml","status":"publish","type":"product","link":"https:\/\/stylingagenten.com\/fi\/tuote\/hermes-un-jardin-sur-le-nil-edt-50-ml\/","title":{"rendered":"Hermes Un Jardin Sur Le Nil Edt 50ml"},"content":{"rendered":"<p>Mets\u00e4 t\u00e4ynn\u00e4 el\u00e4m\u00e4\u00e4, iloinen ja ylenpalttinen, jossa vihre\u00e4n mangon, lootuksen ja calamuksen tuoksu sekoittuvat suitsukkeen ja sykomorin kanssa.<br \/>Un Jardin sur le Nil on impressionistinen k\u00e4velymatka Niilin puutarhojen l\u00e4pi Aswanissa, l\u00e4ht\u00f6kohta uudelle tuoksuseikkailulle. Vihre\u00e4 mango, lootus, suitsuke, calamus ja laventeli. ovat kaikki t\u00e4m\u00e4n virkist\u00e4v\u00e4n oodin ytimess\u00e4.<\/p>\n","protected":false},"excerpt":{"rendered":"<p>Mets\u00e4 t\u00e4ynn\u00e4 el\u00e4m\u00e4\u00e4, iloinen ja ylenpalttinen, jossa vihre\u00e4n mangon, lootuksen ja calamuksen tuoksu sekoittuvat suitsukkeen ja sykomorin kanssa.Un Jardin sur le Nil on impressionistinen k\u00e4velymatka Niilin puutarhojen l\u00e4pi Aswanissa, l\u00e4ht\u00f6kohta uudelle tuoksuseikkailulle. Vihre\u00e4 mango, lootus, suitsuke, calamus ja laventeli. ovat kaikki t\u00e4m\u00e4n virkist\u00e4v\u00e4n oodin ytimess\u00e4.<\/p>\n","protected":false},"featured_media":138923,"comment_status":"open","ping_status":"closed","template":"","meta":{"_trash_the_other_posts":false},"product_brand":[],"product_cat":[1000,709,735],"product_tag":[],"berocket_brand":[1337],"class_list":{"0":"post-138927","1":"product","2":"type-product","3":"status-publish","4":"has-post-thumbnail","6":"product_cat-kampanjatarjous-miehelle","7":"product_cat-miesten-eau-de-toilette","8":"product_cat-kampanjamme","9":"pa_brand-hermes","10":"berocket_brand-hermes","12":"first","13":"instock","14":"sale","15":"taxable","16":"shipping-taxable","17":"purchasable","18":"product-type-simple"},"_links":{"self":[{"href":"https:\/\/stylingagenten.com\/fi\/wp-json\/wp\/v2\/product\/138927","targetHints":{"allow":["GET"]}}],"collection":[{"href":"https:\/\/stylingagenten.com\/fi\/wp-json\/wp\/v2\/product"}],"about":[{"href":"https:\/\/stylingagenten.com\/fi\/wp-json\/wp\/v2\/types\/product"}],"replies":[{"embeddable":true,"href":"https:\/\/stylingagenten.com\/fi\/wp-json\/wp\/v2\/comments?post=138927"}],"version-history":[{"count":0,"href":"https:\/\/stylingagenten.com\/fi\/wp-json\/wp\/v2\/product\/138927\/revisions"}],"wp:featuredmedia":[{"embeddable":true,"href":"https:\/\/stylingagenten.com\/fi\/wp-json\/wp\/v2\/media\/138923"}],"wp:attachment":[{"href":"https:\/\/stylingagenten.com\/fi\/wp-json\/wp\/v2\/media?parent=138927"}],"wp:term":[{"taxonomy":"product_brand","embeddable":true,"href":"https:\/\/stylingagenten.com\/fi\/wp-json\/wp\/v2\/product_brand?post=138927"},{"taxonomy":"product_cat","embeddable":true,"href":"https:\/\/stylingagenten.com\/fi\/wp-json\/wp\/v2\/product_cat?post=138927"},{"taxonomy":"product_tag","embeddable":true,"href":"https:\/\/stylingagenten.com\/fi\/wp-json\/wp\/v2\/product_tag?post=138927"},{"taxonomy":"berocket_brand","embeddable":true,"href":"https:\/\/stylingagenten.com\/fi\/wp-json\/wp\/v2\/berocket_brand?post=138927"}],"curies":[{"name":"wp","href":"https:\/\/api.w.org\/{rel}","templated":true}]}}