{"id":138908,"date":"2025-05-18T23:00:25","date_gmt":"2025-05-18T23:00:25","guid":{"rendered":"https:\/\/staging2.stylingagenten.com\/fi\/produkt\/hugo-boss-bottled-unlimited-edt-100ml\/"},"modified":"2026-04-14T10:50:28","modified_gmt":"2026-04-14T10:50:28","slug":"hugo-boss-bottled-unlimited-edt-100ml","status":"publish","type":"product","link":"https:\/\/stylingagenten.com\/fi\/tuote\/hugo-boss-bottled-unlimited-edt-100ml\/","title":{"rendered":"Hugo Boss Bottled Unlimited Edt 100ml"},"content":{"rendered":"<p>Hugo Boss Bottled Unlimited on raikas tuoksu, jossa on aavistus virkist\u00e4v\u00e4\u00e4 minttua ja puumaista aromia. Tuoksu tarjoaa trendik\u00e4st\u00e4 turvallisuutta, joka kest\u00e4\u00e4 pitk\u00e4\u00e4n.<br \/>Toimii kaikissa tilanteissa.<\/p>\n<p>Tuoksutuoksu: minttu, greippi, santelipuu, myski, ananas, ruusu, orvokkilehti ja kaneli.<\/p>\n","protected":false},"excerpt":{"rendered":"<p>Hugo Boss Bottled Unlimited on raikas tuoksu, jossa on aavistus virkist\u00e4v\u00e4\u00e4 minttua ja puumaista aromia. Tuoksu tarjoaa trendik\u00e4st\u00e4 turvallisuutta, joka kest\u00e4\u00e4 pitk\u00e4\u00e4n.Toimii kaikissa tilanteissa. Tuoksutuoksu: minttu, greippi, santelipuu, myski, ananas, ruusu, orvokkilehti ja kaneli.<\/p>\n","protected":false},"featured_media":138905,"comment_status":"open","ping_status":"closed","template":"","meta":{"_trash_the_other_posts":false},"product_brand":[],"product_cat":[1006,1000,709,1003,735],"product_tag":[],"berocket_brand":[1339],"class_list":{"0":"post-138908","1":"product","2":"type-product","3":"status-publish","4":"has-post-thumbnail","6":"product_cat-kampanjahinta","7":"product_cat-kampanjatarjous-miehelle","8":"product_cat-miesten-eau-de-toilette","9":"product_cat-myydyimmat","10":"product_cat-kampanjamme","11":"pa_brand-hugo-boss","12":"berocket_brand-hugo-boss","14":"first","15":"instock","16":"sale","17":"taxable","18":"shipping-taxable","19":"purchasable","20":"product-type-simple"},"_links":{"self":[{"href":"https:\/\/stylingagenten.com\/fi\/wp-json\/wp\/v2\/product\/138908","targetHints":{"allow":["GET"]}}],"collection":[{"href":"https:\/\/stylingagenten.com\/fi\/wp-json\/wp\/v2\/product"}],"about":[{"href":"https:\/\/stylingagenten.com\/fi\/wp-json\/wp\/v2\/types\/product"}],"replies":[{"embeddable":true,"href":"https:\/\/stylingagenten.com\/fi\/wp-json\/wp\/v2\/comments?post=138908"}],"version-history":[{"count":0,"href":"https:\/\/stylingagenten.com\/fi\/wp-json\/wp\/v2\/product\/138908\/revisions"}],"wp:featuredmedia":[{"embeddable":true,"href":"https:\/\/stylingagenten.com\/fi\/wp-json\/wp\/v2\/media\/138905"}],"wp:attachment":[{"href":"https:\/\/stylingagenten.com\/fi\/wp-json\/wp\/v2\/media?parent=138908"}],"wp:term":[{"taxonomy":"product_brand","embeddable":true,"href":"https:\/\/stylingagenten.com\/fi\/wp-json\/wp\/v2\/product_brand?post=138908"},{"taxonomy":"product_cat","embeddable":true,"href":"https:\/\/stylingagenten.com\/fi\/wp-json\/wp\/v2\/product_cat?post=138908"},{"taxonomy":"product_tag","embeddable":true,"href":"https:\/\/stylingagenten.com\/fi\/wp-json\/wp\/v2\/product_tag?post=138908"},{"taxonomy":"berocket_brand","embeddable":true,"href":"https:\/\/stylingagenten.com\/fi\/wp-json\/wp\/v2\/berocket_brand?post=138908"}],"curies":[{"name":"wp","href":"https:\/\/api.w.org\/{rel}","templated":true}]}}