{"id":138820,"date":"2025-05-18T23:00:05","date_gmt":"2025-05-18T23:00:05","guid":{"rendered":"https:\/\/staging2.stylingagenten.com\/fi\/produkt\/prada-luna-rossa-edt-50ml\/"},"modified":"2026-03-26T18:22:56","modified_gmt":"2026-03-26T18:22:56","slug":"prada-luna-rossa-edt-50ml","status":"publish","type":"product","link":"https:\/\/stylingagenten.com\/fi\/tuote\/prada-luna-rossa-edt-50ml\/","title":{"rendered":"Prada Luna Rossa Edt 50ml"},"content":{"rendered":"<p>Prada Luna Rossa Edt on maskuliininen tuoksu, joka tulkitsee klassisia ainesosia. Voima ja dynaaminen energia yhdistyv\u00e4t aromien aalloksi, kun taas allekirjoitus on hienovarainen ja aistillinen. Tuoksun selk\u00e4rangassa l\u00f6yd\u00e4mme laventelin, luonnollisen ja tunnistettavan tuoksun, joka saavuttaa rajansa modernissa, ainutlaatuisessa tulkinnassa. Syd\u00e4mest\u00e4 l\u00f6ytyy salvia ja hieno viherminttu, joka p\u00e4\u00e4ttyy puumaisiin meripihkan ja myskin aromiin.<\/p>\n<p>Alkutuoksu: appelsiini ja laventeli<br \/>Syd\u00e4ntuoksu: salvia, vihre\u00e4 ;nminta<br \/>Pohjatuoksu: meripihka , myski<\/p>\n","protected":false},"excerpt":{"rendered":"<p>Prada Luna Rossa Edt on maskuliininen tuoksu, joka tulkitsee klassisia ainesosia. Voima ja dynaaminen energia yhdistyv\u00e4t aromien aalloksi, kun taas allekirjoitus on hienovarainen ja aistillinen. Tuoksun selk\u00e4rangassa l\u00f6yd\u00e4mme laventelin, luonnollisen ja tunnistettavan tuoksun, joka saavuttaa rajansa modernissa, ainutlaatuisessa tulkinnassa. Syd\u00e4mest\u00e4 l\u00f6ytyy salvia ja hieno viherminttu, joka p\u00e4\u00e4ttyy puumaisiin meripihkan ja myskin aromiin. Alkutuoksu: appelsiini ja [&hellip;]<\/p>\n","protected":false},"featured_media":138810,"comment_status":"open","ping_status":"closed","template":"","meta":{"_trash_the_other_posts":false},"product_brand":[],"product_cat":[1000,709,735],"product_tag":[3844],"berocket_brand":[1168],"class_list":{"0":"post-138820","1":"product","2":"type-product","3":"status-publish","4":"has-post-thumbnail","6":"product_cat-kampanjatarjous-miehelle","7":"product_cat-miesten-eau-de-toilette","8":"product_cat-kampanjamme","9":"product_tag-prada-luna-rossa-edt","10":"pa_brand-prada","11":"pa_variantti-50ml","12":"berocket_brand-prada","14":"first","15":"instock","16":"sale","17":"taxable","18":"shipping-taxable","19":"purchasable","20":"product-type-simple"},"_links":{"self":[{"href":"https:\/\/stylingagenten.com\/fi\/wp-json\/wp\/v2\/product\/138820","targetHints":{"allow":["GET"]}}],"collection":[{"href":"https:\/\/stylingagenten.com\/fi\/wp-json\/wp\/v2\/product"}],"about":[{"href":"https:\/\/stylingagenten.com\/fi\/wp-json\/wp\/v2\/types\/product"}],"replies":[{"embeddable":true,"href":"https:\/\/stylingagenten.com\/fi\/wp-json\/wp\/v2\/comments?post=138820"}],"version-history":[{"count":0,"href":"https:\/\/stylingagenten.com\/fi\/wp-json\/wp\/v2\/product\/138820\/revisions"}],"wp:featuredmedia":[{"embeddable":true,"href":"https:\/\/stylingagenten.com\/fi\/wp-json\/wp\/v2\/media\/138810"}],"wp:attachment":[{"href":"https:\/\/stylingagenten.com\/fi\/wp-json\/wp\/v2\/media?parent=138820"}],"wp:term":[{"taxonomy":"product_brand","embeddable":true,"href":"https:\/\/stylingagenten.com\/fi\/wp-json\/wp\/v2\/product_brand?post=138820"},{"taxonomy":"product_cat","embeddable":true,"href":"https:\/\/stylingagenten.com\/fi\/wp-json\/wp\/v2\/product_cat?post=138820"},{"taxonomy":"product_tag","embeddable":true,"href":"https:\/\/stylingagenten.com\/fi\/wp-json\/wp\/v2\/product_tag?post=138820"},{"taxonomy":"berocket_brand","embeddable":true,"href":"https:\/\/stylingagenten.com\/fi\/wp-json\/wp\/v2\/berocket_brand?post=138820"}],"curies":[{"name":"wp","href":"https:\/\/api.w.org\/{rel}","templated":true}]}}