{"id":138809,"date":"2025-05-18T23:00:04","date_gmt":"2025-05-18T23:00:04","guid":{"rendered":"https:\/\/staging2.stylingagenten.com\/fi\/produkt\/guess-1981-los-angeles-men-edt-100ml\/"},"modified":"2026-03-11T21:51:18","modified_gmt":"2026-03-11T21:51:18","slug":"guess-1981-los-angeles-men-edt-100ml","status":"publish","type":"product","link":"https:\/\/stylingagenten.com\/fi\/tuote\/guess-1981-los-angeles-men-edt-100ml\/","title":{"rendered":"Guess 1981 Los Angeles Men Edt 100ml"},"content":{"rendered":"<p>GUESS 1981 Los Angeles Men on it\u00e4mainen Fougere-tuoksu miehille. Se on raikas hajuvesi, joka kanavoi modernin GUESS-miehen ja LA:n kaksinaisuuden. T\u00e4m\u00e4 on uusi vuonna 2019 lanseerattu tuoksu.<\/p>\n<p>Yl\u00e4tuoksu: bergamotti, mustapippuri ja luumu<br \/>Syd\u00e4ntuoksu: inkiv\u00e4\u00e4ri, geranium ja minttu<br \/>&nbsp;pohjatuoksu: vetiveria\u00f6ljy, santelipuu&auml; , tupakka ja keltainen.<\/p>\n","protected":false},"excerpt":{"rendered":"<p>GUESS 1981 Los Angeles Men on it\u00e4mainen Fougere-tuoksu miehille. Se on raikas hajuvesi, joka kanavoi modernin GUESS-miehen ja LA:n kaksinaisuuden. T\u00e4m\u00e4 on uusi vuonna 2019 lanseerattu tuoksu. Yl\u00e4tuoksu: bergamotti, mustapippuri ja luumuSyd\u00e4ntuoksu: inkiv\u00e4\u00e4ri, geranium ja minttu&nbsp;pohjatuoksu: vetiveria\u00f6ljy, santelipuu&auml; , tupakka ja keltainen.<\/p>\n","protected":false},"featured_media":138803,"comment_status":"open","ping_status":"closed","template":"","meta":{"_trash_the_other_posts":false},"product_brand":[],"product_cat":[1000,709,735],"product_tag":[],"berocket_brand":[1331],"class_list":{"0":"post-138809","1":"product","2":"type-product","3":"status-publish","4":"has-post-thumbnail","6":"product_cat-kampanjatarjous-miehelle","7":"product_cat-miesten-eau-de-toilette","8":"product_cat-kampanjamme","9":"pa_brand-guess","10":"berocket_brand-guess","12":"first","13":"instock","14":"sale","15":"taxable","16":"shipping-taxable","17":"purchasable","18":"product-type-simple"},"_links":{"self":[{"href":"https:\/\/stylingagenten.com\/fi\/wp-json\/wp\/v2\/product\/138809","targetHints":{"allow":["GET"]}}],"collection":[{"href":"https:\/\/stylingagenten.com\/fi\/wp-json\/wp\/v2\/product"}],"about":[{"href":"https:\/\/stylingagenten.com\/fi\/wp-json\/wp\/v2\/types\/product"}],"replies":[{"embeddable":true,"href":"https:\/\/stylingagenten.com\/fi\/wp-json\/wp\/v2\/comments?post=138809"}],"version-history":[{"count":0,"href":"https:\/\/stylingagenten.com\/fi\/wp-json\/wp\/v2\/product\/138809\/revisions"}],"wp:featuredmedia":[{"embeddable":true,"href":"https:\/\/stylingagenten.com\/fi\/wp-json\/wp\/v2\/media\/138803"}],"wp:attachment":[{"href":"https:\/\/stylingagenten.com\/fi\/wp-json\/wp\/v2\/media?parent=138809"}],"wp:term":[{"taxonomy":"product_brand","embeddable":true,"href":"https:\/\/stylingagenten.com\/fi\/wp-json\/wp\/v2\/product_brand?post=138809"},{"taxonomy":"product_cat","embeddable":true,"href":"https:\/\/stylingagenten.com\/fi\/wp-json\/wp\/v2\/product_cat?post=138809"},{"taxonomy":"product_tag","embeddable":true,"href":"https:\/\/stylingagenten.com\/fi\/wp-json\/wp\/v2\/product_tag?post=138809"},{"taxonomy":"berocket_brand","embeddable":true,"href":"https:\/\/stylingagenten.com\/fi\/wp-json\/wp\/v2\/berocket_brand?post=138809"}],"curies":[{"name":"wp","href":"https:\/\/api.w.org\/{rel}","templated":true}]}}