{"id":138798,"date":"2025-05-18T23:00:01","date_gmt":"2025-05-18T23:00:01","guid":{"rendered":"https:\/\/staging2.stylingagenten.com\/fi\/produkt\/tommy-hilfiger-tommy-now-edt-100ml\/"},"modified":"2026-03-26T18:23:03","modified_gmt":"2026-03-26T18:23:03","slug":"tommy-hilfiger-tommy-now-edt-100ml","status":"publish","type":"product","link":"https:\/\/stylingagenten.com\/fi\/tuote\/tommy-hilfiger-tommy-now-edt-100ml\/","title":{"rendered":"Tommy Hilfiger Tommy Now Edt 100ml"},"content":{"rendered":"<p>&nbsp;Tommy Hilfiger Tommy NOW on miehille tarkoitettu Eau de Toilette, joka yhdist\u00e4\u00e4 dynaamisen tuoksun raikkaista, mausteisista ja puisista vivahteista.<\/p>\n<p>Yl\u00e4tuoksu: Bergamotti, mandariini.<br \/>Syd\u00e4ntuoksu: Geranium , inkiv\u00e4\u00e4ri-, kardemumma\u00f6ljy<br \/>Pohjatuoksu: meripihka, sammal<\/p>\n","protected":false},"excerpt":{"rendered":"<p>&nbsp;Tommy Hilfiger Tommy NOW on miehille tarkoitettu Eau de Toilette, joka yhdist\u00e4\u00e4 dynaamisen tuoksun raikkaista, mausteisista ja puisista vivahteista. Yl\u00e4tuoksu: Bergamotti, mandariini.Syd\u00e4ntuoksu: Geranium , inkiv\u00e4\u00e4ri-, kardemumma\u00f6ljyPohjatuoksu: meripihka, sammal<\/p>\n","protected":false},"featured_media":138782,"comment_status":"open","ping_status":"closed","template":"","meta":{"_trash_the_other_posts":false},"product_brand":[],"product_cat":[1000,709,735],"product_tag":[],"berocket_brand":[1114],"class_list":{"0":"post-138798","1":"product","2":"type-product","3":"status-publish","4":"has-post-thumbnail","6":"product_cat-kampanjatarjous-miehelle","7":"product_cat-miesten-eau-de-toilette","8":"product_cat-kampanjamme","9":"pa_brand-tommy-hilfiger","10":"berocket_brand-tommy-hilfiger","12":"first","13":"instock","14":"sale","15":"taxable","16":"shipping-taxable","17":"purchasable","18":"product-type-simple"},"_links":{"self":[{"href":"https:\/\/stylingagenten.com\/fi\/wp-json\/wp\/v2\/product\/138798","targetHints":{"allow":["GET"]}}],"collection":[{"href":"https:\/\/stylingagenten.com\/fi\/wp-json\/wp\/v2\/product"}],"about":[{"href":"https:\/\/stylingagenten.com\/fi\/wp-json\/wp\/v2\/types\/product"}],"replies":[{"embeddable":true,"href":"https:\/\/stylingagenten.com\/fi\/wp-json\/wp\/v2\/comments?post=138798"}],"version-history":[{"count":0,"href":"https:\/\/stylingagenten.com\/fi\/wp-json\/wp\/v2\/product\/138798\/revisions"}],"wp:featuredmedia":[{"embeddable":true,"href":"https:\/\/stylingagenten.com\/fi\/wp-json\/wp\/v2\/media\/138782"}],"wp:attachment":[{"href":"https:\/\/stylingagenten.com\/fi\/wp-json\/wp\/v2\/media?parent=138798"}],"wp:term":[{"taxonomy":"product_brand","embeddable":true,"href":"https:\/\/stylingagenten.com\/fi\/wp-json\/wp\/v2\/product_brand?post=138798"},{"taxonomy":"product_cat","embeddable":true,"href":"https:\/\/stylingagenten.com\/fi\/wp-json\/wp\/v2\/product_cat?post=138798"},{"taxonomy":"product_tag","embeddable":true,"href":"https:\/\/stylingagenten.com\/fi\/wp-json\/wp\/v2\/product_tag?post=138798"},{"taxonomy":"berocket_brand","embeddable":true,"href":"https:\/\/stylingagenten.com\/fi\/wp-json\/wp\/v2\/berocket_brand?post=138798"}],"curies":[{"name":"wp","href":"https:\/\/api.w.org\/{rel}","templated":true}]}}