{"id":138793,"date":"2025-05-18T23:00:01","date_gmt":"2025-05-18T23:00:01","guid":{"rendered":"https:\/\/staging2.stylingagenten.com\/fi\/produkt\/guess-1981-indigo-for-men-edt-100ml\/"},"modified":"2026-03-20T13:37:33","modified_gmt":"2026-03-20T13:37:33","slug":"guess-1981-indigo-for-men-edt-100ml","status":"publish","type":"product","link":"https:\/\/stylingagenten.com\/fi\/tuote\/guess-1981-indigo-for-men-edt-100ml\/","title":{"rendered":"Guess 1981 Indigo For Men Edt 100ml"},"content":{"rendered":"<p>Guess 1981 Indigo on aromaattinen puumainen ja maskuliininen tuoksu. Hajuvesi sopii rennolle, trendikk\u00e4\u00e4lle miehelle ja sill\u00e4 on koko p\u00e4iv\u00e4n kest\u00e4v\u00e4 virkist\u00e4v\u00e4 tunne. Alkutuoksuihin kuuluvat sitrushedelm\u00e4t, viikuna, bl&aring; laventeli, salvia ja bergamotti. <br \/>Sammaleen, tonkapavun, iiriksen ja kookosnektari yhdistyv\u00e4t vieh\u00e4tt\u00e4v\u00e4ss\u00e4 syd\u00e4mess\u00e4. Setri, myski ja meripihka viimeistelev\u00e4t t\u00e4m\u00e4n kirkkaan tuoksun. T\u00e4m\u00e4 vangitseva tuoksu lanseerattiin vuonna 2018 ja sopii parhaiten l\u00e4mpimiin p\u00e4iviin kev\u00e4t ja kes\u00e4.<\/p>\n","protected":false},"excerpt":{"rendered":"<p>Guess 1981 Indigo on aromaattinen puumainen ja maskuliininen tuoksu. Hajuvesi sopii rennolle, trendikk\u00e4\u00e4lle miehelle ja sill\u00e4 on koko p\u00e4iv\u00e4n kest\u00e4v\u00e4 virkist\u00e4v\u00e4 tunne. Alkutuoksuihin kuuluvat sitrushedelm\u00e4t, viikuna, bl&aring; laventeli, salvia ja bergamotti. Sammaleen, tonkapavun, iiriksen ja kookosnektari yhdistyv\u00e4t vieh\u00e4tt\u00e4v\u00e4ss\u00e4 syd\u00e4mess\u00e4. Setri, myski ja meripihka viimeistelev\u00e4t t\u00e4m\u00e4n kirkkaan tuoksun. T\u00e4m\u00e4 vangitseva tuoksu lanseerattiin vuonna 2018 ja sopii [&hellip;]<\/p>\n","protected":false},"featured_media":138786,"comment_status":"open","ping_status":"closed","template":"","meta":{"_trash_the_other_posts":false},"product_brand":[],"product_cat":[1000,709,735],"product_tag":[],"berocket_brand":[1331],"class_list":{"0":"post-138793","1":"product","2":"type-product","3":"status-publish","4":"has-post-thumbnail","6":"product_cat-kampanjatarjous-miehelle","7":"product_cat-miesten-eau-de-toilette","8":"product_cat-kampanjamme","9":"pa_brand-guess","10":"berocket_brand-guess","12":"first","13":"instock","14":"sale","15":"taxable","16":"shipping-taxable","17":"purchasable","18":"product-type-simple"},"_links":{"self":[{"href":"https:\/\/stylingagenten.com\/fi\/wp-json\/wp\/v2\/product\/138793","targetHints":{"allow":["GET"]}}],"collection":[{"href":"https:\/\/stylingagenten.com\/fi\/wp-json\/wp\/v2\/product"}],"about":[{"href":"https:\/\/stylingagenten.com\/fi\/wp-json\/wp\/v2\/types\/product"}],"replies":[{"embeddable":true,"href":"https:\/\/stylingagenten.com\/fi\/wp-json\/wp\/v2\/comments?post=138793"}],"version-history":[{"count":0,"href":"https:\/\/stylingagenten.com\/fi\/wp-json\/wp\/v2\/product\/138793\/revisions"}],"wp:featuredmedia":[{"embeddable":true,"href":"https:\/\/stylingagenten.com\/fi\/wp-json\/wp\/v2\/media\/138786"}],"wp:attachment":[{"href":"https:\/\/stylingagenten.com\/fi\/wp-json\/wp\/v2\/media?parent=138793"}],"wp:term":[{"taxonomy":"product_brand","embeddable":true,"href":"https:\/\/stylingagenten.com\/fi\/wp-json\/wp\/v2\/product_brand?post=138793"},{"taxonomy":"product_cat","embeddable":true,"href":"https:\/\/stylingagenten.com\/fi\/wp-json\/wp\/v2\/product_cat?post=138793"},{"taxonomy":"product_tag","embeddable":true,"href":"https:\/\/stylingagenten.com\/fi\/wp-json\/wp\/v2\/product_tag?post=138793"},{"taxonomy":"berocket_brand","embeddable":true,"href":"https:\/\/stylingagenten.com\/fi\/wp-json\/wp\/v2\/berocket_brand?post=138793"}],"curies":[{"name":"wp","href":"https:\/\/api.w.org\/{rel}","templated":true}]}}