{"id":138780,"date":"2025-05-18T22:59:59","date_gmt":"2025-05-18T22:59:59","guid":{"rendered":"https:\/\/staging2.stylingagenten.com\/fi\/produkt\/cristiano-ronaldo-cr7-edt-30ml\/"},"modified":"2026-04-13T08:29:02","modified_gmt":"2026-04-13T08:29:02","slug":"cristiano-ronaldo-cr7-edt-30ml","status":"publish","type":"product","link":"https:\/\/stylingagenten.com\/fi\/tuote\/cristiano-ronaldo-cr7-edt-30ml\/","title":{"rendered":"Cristiano Ronaldo CR7 Edt 30ml"},"content":{"rendered":"<p>Cristiano Ronaldo CR7 edT on Aromatic Fougere -tuoksu miehille.<br \/>Hajuvesi lanseerattiin vuonna 2017 ja se on urheilullinen, raikas ja miellytt\u00e4v\u00e4 tuoksu aktiiviselle miehelle.<\/ p><\/p>\n<p>Alkutuoksu: minttu, bergamotti, kardemumma ja laventeli<br \/>Syd\u00e4ntuoksu: tupakka, kaneli, iiris ja setri<br \/>Pohjatuoksu: vaniljatanko, myski, santelipuu; ja ambra<\/p>\n","protected":false},"excerpt":{"rendered":"<p>Cristiano Ronaldo CR7 edT on Aromatic Fougere -tuoksu miehille.Hajuvesi lanseerattiin vuonna 2017 ja se on urheilullinen, raikas ja miellytt\u00e4v\u00e4 tuoksu aktiiviselle miehelle. Alkutuoksu: minttu, bergamotti, kardemumma ja laventeliSyd\u00e4ntuoksu: tupakka, kaneli, iiris ja setriPohjatuoksu: vaniljatanko, myski, santelipuu; ja ambra<\/p>\n","protected":false},"featured_media":138777,"comment_status":"open","ping_status":"closed","template":"","meta":{"_trash_the_other_posts":false},"product_brand":[],"product_cat":[814,1000,709,735],"product_tag":[2748],"berocket_brand":[1141],"class_list":{"0":"post-138780","1":"product","2":"type-product","3":"status-publish","4":"has-post-thumbnail","6":"product_cat-cristiano-ronaldo-cr7","7":"product_cat-kampanjatarjous-miehelle","8":"product_cat-miesten-eau-de-toilette","9":"product_cat-kampanjamme","10":"product_tag-cristiano-ronaldo-cr7-edt","11":"pa_brand-cristiano-ronaldo","12":"pa_variantti-30ml","13":"berocket_brand-cristiano-ronaldo","15":"first","16":"instock","17":"sale","18":"taxable","19":"shipping-taxable","20":"purchasable","21":"product-type-simple"},"_links":{"self":[{"href":"https:\/\/stylingagenten.com\/fi\/wp-json\/wp\/v2\/product\/138780","targetHints":{"allow":["GET"]}}],"collection":[{"href":"https:\/\/stylingagenten.com\/fi\/wp-json\/wp\/v2\/product"}],"about":[{"href":"https:\/\/stylingagenten.com\/fi\/wp-json\/wp\/v2\/types\/product"}],"replies":[{"embeddable":true,"href":"https:\/\/stylingagenten.com\/fi\/wp-json\/wp\/v2\/comments?post=138780"}],"version-history":[{"count":0,"href":"https:\/\/stylingagenten.com\/fi\/wp-json\/wp\/v2\/product\/138780\/revisions"}],"wp:featuredmedia":[{"embeddable":true,"href":"https:\/\/stylingagenten.com\/fi\/wp-json\/wp\/v2\/media\/138777"}],"wp:attachment":[{"href":"https:\/\/stylingagenten.com\/fi\/wp-json\/wp\/v2\/media?parent=138780"}],"wp:term":[{"taxonomy":"product_brand","embeddable":true,"href":"https:\/\/stylingagenten.com\/fi\/wp-json\/wp\/v2\/product_brand?post=138780"},{"taxonomy":"product_cat","embeddable":true,"href":"https:\/\/stylingagenten.com\/fi\/wp-json\/wp\/v2\/product_cat?post=138780"},{"taxonomy":"product_tag","embeddable":true,"href":"https:\/\/stylingagenten.com\/fi\/wp-json\/wp\/v2\/product_tag?post=138780"},{"taxonomy":"berocket_brand","embeddable":true,"href":"https:\/\/stylingagenten.com\/fi\/wp-json\/wp\/v2\/berocket_brand?post=138780"}],"curies":[{"name":"wp","href":"https:\/\/api.w.org\/{rel}","templated":true}]}}