{"id":138773,"date":"2025-05-18T22:59:57","date_gmt":"2025-05-18T22:59:57","guid":{"rendered":"https:\/\/staging2.stylingagenten.com\/fi\/produkt\/hugo-boss-bottled-infinite-edp-50ml\/"},"modified":"2026-03-18T15:47:37","modified_gmt":"2026-03-18T15:47:37","slug":"hugo-boss-bottled-infinite-edp-50ml","status":"publish","type":"product","link":"https:\/\/stylingagenten.com\/fi\/tuote\/hugo-boss-bottled-infinite-edp-50ml\/","title":{"rendered":"Hugo Boss Bottled Infinite Edp 50ml"},"content":{"rendered":"<p>Hugo Boss Bottled Infinite Edp on energisoiva ja aistillinen tuoksu, jossa sitrushedelmien raikkaus yhdistyy aromaattisten ja puisten vivahteiden intensiivisyyteen rikkaan syvyyden saavuttamiseksi. T\u00e4m\u00e4 houkutteleva tuoksu on uusi tulkinta BOSS Bottled -kokoelmasta, ja se on t\u00e4ydellinen lahja modernille ihmiselle.<\/p>\n<p>Yl\u00e4tuoksu: omena, mandariini, kaneli ja salvia<br \/>Auttaa; yl\u00e4tuoksu: laventeli, patsuli ja rosmariini<br \/>Pohjatuoksu: santelipuu&auml; ja oliivipuu&auml;<\/p>\n","protected":false},"excerpt":{"rendered":"<p>Hugo Boss Bottled Infinite Edp on energisoiva ja aistillinen tuoksu, jossa sitrushedelmien raikkaus yhdistyy aromaattisten ja puisten vivahteiden intensiivisyyteen rikkaan syvyyden saavuttamiseksi. T\u00e4m\u00e4 houkutteleva tuoksu on uusi tulkinta BOSS Bottled -kokoelmasta, ja se on t\u00e4ydellinen lahja modernille ihmiselle. Yl\u00e4tuoksu: omena, mandariini, kaneli ja salviaAuttaa; yl\u00e4tuoksu: laventeli, patsuli ja rosmariiniPohjatuoksu: santelipuu&auml; ja oliivipuu&auml;<\/p>\n","protected":false},"featured_media":138759,"comment_status":"open","ping_status":"closed","template":"","meta":{"_trash_the_other_posts":false},"product_brand":[],"product_cat":[708],"product_tag":[2979],"berocket_brand":[1339],"class_list":{"0":"post-138773","1":"product","2":"type-product","3":"status-publish","4":"has-post-thumbnail","6":"product_cat-eau-de-parfum-miesten","7":"product_tag-hugo-boss-bottled-infinite-edp","8":"pa_brand-hugo-boss","9":"pa_variantti-50ml","10":"berocket_brand-hugo-boss","12":"first","13":"outofstock","14":"sale","15":"taxable","16":"shipping-taxable","17":"purchasable","18":"product-type-simple"},"_links":{"self":[{"href":"https:\/\/stylingagenten.com\/fi\/wp-json\/wp\/v2\/product\/138773","targetHints":{"allow":["GET"]}}],"collection":[{"href":"https:\/\/stylingagenten.com\/fi\/wp-json\/wp\/v2\/product"}],"about":[{"href":"https:\/\/stylingagenten.com\/fi\/wp-json\/wp\/v2\/types\/product"}],"replies":[{"embeddable":true,"href":"https:\/\/stylingagenten.com\/fi\/wp-json\/wp\/v2\/comments?post=138773"}],"version-history":[{"count":0,"href":"https:\/\/stylingagenten.com\/fi\/wp-json\/wp\/v2\/product\/138773\/revisions"}],"wp:featuredmedia":[{"embeddable":true,"href":"https:\/\/stylingagenten.com\/fi\/wp-json\/wp\/v2\/media\/138759"}],"wp:attachment":[{"href":"https:\/\/stylingagenten.com\/fi\/wp-json\/wp\/v2\/media?parent=138773"}],"wp:term":[{"taxonomy":"product_brand","embeddable":true,"href":"https:\/\/stylingagenten.com\/fi\/wp-json\/wp\/v2\/product_brand?post=138773"},{"taxonomy":"product_cat","embeddable":true,"href":"https:\/\/stylingagenten.com\/fi\/wp-json\/wp\/v2\/product_cat?post=138773"},{"taxonomy":"product_tag","embeddable":true,"href":"https:\/\/stylingagenten.com\/fi\/wp-json\/wp\/v2\/product_tag?post=138773"},{"taxonomy":"berocket_brand","embeddable":true,"href":"https:\/\/stylingagenten.com\/fi\/wp-json\/wp\/v2\/berocket_brand?post=138773"}],"curies":[{"name":"wp","href":"https:\/\/api.w.org\/{rel}","templated":true}]}}