{"id":138728,"date":"2025-05-18T22:59:52","date_gmt":"2025-05-18T22:59:52","guid":{"rendered":"https:\/\/staging2.stylingagenten.com\/fi\/produkt\/issey-miyake-leau-dissey-pour-homme-sport-edt-50ml\/"},"modified":"2026-03-26T18:44:29","modified_gmt":"2026-03-26T18:44:29","slug":"issey-miyake-leau-dissey-pour-homme-sport-edt-50ml","status":"publish","type":"product","link":"https:\/\/stylingagenten.com\/fi\/tuote\/issey-miyake-leau-dissey-pour-homme-sport-edt-50ml\/","title":{"rendered":"Issey Miyake L&#8217;Eau d&#8217;Issey Pour Homme Sport Edt 50ml"},"content":{"rendered":"<p>Issey Miyake L&#039;Eau d&#039;Issey Pour Homme Sport EdT on energisoiva, raikas ja tyylik\u00e4s tuoksu, joka sopii aktiiviselle miehelle. Tuoksu avautuu energisoivalla greipin ja bergamotin sitrussekoituksella, joka johtaa mausteiseen muskottip\u00e4hkin\u00e4n syd\u00e4meen, joka antaa ilmavan ja kevyen raikkauden. Tuoksu on viimeistelty tyylikk\u00e4\u00e4sti puisella pohjalla, joka koostuu setripuusta; ja vetiver.<\/p>\n<p>Alkutuoksu: greippi ja bergamotti<br \/>Syd\u00e4ntuoksu: muskottip\u00e4hkin\u00e4 ja mausteinen tuoksu.<br \/>Pohjatuoksu: Setripuu; ja vetiver<\/p>\n","protected":false},"excerpt":{"rendered":"<p>Issey Miyake L&#039;Eau d&#039;Issey Pour Homme Sport EdT on energisoiva, raikas ja tyylik\u00e4s tuoksu, joka sopii aktiiviselle miehelle. Tuoksu avautuu energisoivalla greipin ja bergamotin sitrussekoituksella, joka johtaa mausteiseen muskottip\u00e4hkin\u00e4n syd\u00e4meen, joka antaa ilmavan ja kevyen raikkauden. Tuoksu on viimeistelty tyylikk\u00e4\u00e4sti puisella pohjalla, joka koostuu setripuusta; ja vetiver. Alkutuoksu: greippi ja bergamottiSyd\u00e4ntuoksu: muskottip\u00e4hkin\u00e4 ja mausteinen tuoksu.Pohjatuoksu: [&hellip;]<\/p>\n","protected":false},"featured_media":138725,"comment_status":"open","ping_status":"closed","template":"","meta":{"_trash_the_other_posts":false},"product_brand":[],"product_cat":[1006,1000,709,735],"product_tag":[3024],"berocket_brand":[1348],"class_list":{"0":"post-138728","1":"product","2":"type-product","3":"status-publish","4":"has-post-thumbnail","6":"product_cat-kampanjahinta","7":"product_cat-kampanjatarjous-miehelle","8":"product_cat-miesten-eau-de-toilette","9":"product_cat-kampanjamme","10":"product_tag-issey-miyake-leau-dissey-pour-homme-sport-edt","11":"pa_brand-issey-miyake","12":"pa_variantti-50ml","13":"berocket_brand-issey-miyake","15":"first","16":"instock","17":"sale","18":"taxable","19":"shipping-taxable","20":"purchasable","21":"product-type-simple"},"_links":{"self":[{"href":"https:\/\/stylingagenten.com\/fi\/wp-json\/wp\/v2\/product\/138728","targetHints":{"allow":["GET"]}}],"collection":[{"href":"https:\/\/stylingagenten.com\/fi\/wp-json\/wp\/v2\/product"}],"about":[{"href":"https:\/\/stylingagenten.com\/fi\/wp-json\/wp\/v2\/types\/product"}],"replies":[{"embeddable":true,"href":"https:\/\/stylingagenten.com\/fi\/wp-json\/wp\/v2\/comments?post=138728"}],"version-history":[{"count":0,"href":"https:\/\/stylingagenten.com\/fi\/wp-json\/wp\/v2\/product\/138728\/revisions"}],"wp:featuredmedia":[{"embeddable":true,"href":"https:\/\/stylingagenten.com\/fi\/wp-json\/wp\/v2\/media\/138725"}],"wp:attachment":[{"href":"https:\/\/stylingagenten.com\/fi\/wp-json\/wp\/v2\/media?parent=138728"}],"wp:term":[{"taxonomy":"product_brand","embeddable":true,"href":"https:\/\/stylingagenten.com\/fi\/wp-json\/wp\/v2\/product_brand?post=138728"},{"taxonomy":"product_cat","embeddable":true,"href":"https:\/\/stylingagenten.com\/fi\/wp-json\/wp\/v2\/product_cat?post=138728"},{"taxonomy":"product_tag","embeddable":true,"href":"https:\/\/stylingagenten.com\/fi\/wp-json\/wp\/v2\/product_tag?post=138728"},{"taxonomy":"berocket_brand","embeddable":true,"href":"https:\/\/stylingagenten.com\/fi\/wp-json\/wp\/v2\/berocket_brand?post=138728"}],"curies":[{"name":"wp","href":"https:\/\/api.w.org\/{rel}","templated":true}]}}