{"id":138704,"date":"2025-05-18T22:59:47","date_gmt":"2025-05-18T22:59:47","guid":{"rendered":"https:\/\/staging2.stylingagenten.com\/fi\/produkt\/acqua-di-parma-colonia-edc-50ml\/"},"modified":"2026-04-12T14:28:34","modified_gmt":"2026-04-12T14:28:34","slug":"acqua-di-parma-colonia-edc-50ml","status":"publish","type":"product","link":"https:\/\/stylingagenten.com\/fi\/tuote\/acqua-di-parma-colonia-edc-50ml\/","title":{"rendered":"Acqua di Parma Colonia Edc 50ml"},"content":{"rendered":"<p>Acqua di Parman Eau de cologne Colonia on ajaton, rakastettu ja ikoninen tuoksu, joka on valmistettu aurinkoisista sisilialaisista sitrushedelmist\u00e4. <br \/>T\u00e4m\u00e4 raikas, tyylik\u00e4s tuoksu sis\u00e4lt\u00e4\u00e4 Italian parhaat puolet. Laventelin ja damask-ruusun sitrus-kukkasyd\u00e4mell\u00e4 t\u00e4m\u00e4n eau de cologne -vesien hienostunut tuoksu t\u00e4ydentyy vetiveriapuun ja santelipuun puisilla vivahteilla; ja patchouli pohjassa.<\/p>\n<p>Alkutuoksu: sitruuna, makea appelsiini, Calabria, bergamotti<br \/>Syd\u00e4ntuoksu: laventeli, bulgarialainen ruusu, verbena, rosmariini<br \/>Pohjatuoksu: vetiveria\u00f6ljy, santelipuu. patsuli<\/p>\n","protected":false},"excerpt":{"rendered":"<p>Acqua di Parman Eau de cologne Colonia on ajaton, rakastettu ja ikoninen tuoksu, joka on valmistettu aurinkoisista sisilialaisista sitrushedelmist\u00e4. T\u00e4m\u00e4 raikas, tyylik\u00e4s tuoksu sis\u00e4lt\u00e4\u00e4 Italian parhaat puolet. Laventelin ja damask-ruusun sitrus-kukkasyd\u00e4mell\u00e4 t\u00e4m\u00e4n eau de cologne -vesien hienostunut tuoksu t\u00e4ydentyy vetiveriapuun ja santelipuun puisilla vivahteilla; ja patchouli pohjassa. Alkutuoksu: sitruuna, makea appelsiini, Calabria, bergamottiSyd\u00e4ntuoksu: laventeli, bulgarialainen [&hellip;]<\/p>\n","protected":false},"featured_media":138698,"comment_status":"open","ping_status":"closed","template":"","meta":{"_trash_the_other_posts":false},"product_brand":[],"product_cat":[710,1000,1003,735],"product_tag":[2336],"berocket_brand":[1161],"class_list":{"0":"post-138704","1":"product","2":"type-product","3":"status-publish","4":"has-post-thumbnail","6":"product_cat-eau-de-cologne-miehet","7":"product_cat-kampanjatarjous-miehelle","8":"product_cat-myydyimmat","9":"product_cat-kampanjamme","10":"product_tag-acqua-di-parma-colonia-edc","11":"pa_brand-acqua-di-parma","12":"pa_variantti-50ml","13":"berocket_brand-acqua-di-parma","15":"first","16":"instock","17":"sale","18":"taxable","19":"shipping-taxable","20":"purchasable","21":"product-type-simple"},"_links":{"self":[{"href":"https:\/\/stylingagenten.com\/fi\/wp-json\/wp\/v2\/product\/138704","targetHints":{"allow":["GET"]}}],"collection":[{"href":"https:\/\/stylingagenten.com\/fi\/wp-json\/wp\/v2\/product"}],"about":[{"href":"https:\/\/stylingagenten.com\/fi\/wp-json\/wp\/v2\/types\/product"}],"replies":[{"embeddable":true,"href":"https:\/\/stylingagenten.com\/fi\/wp-json\/wp\/v2\/comments?post=138704"}],"version-history":[{"count":0,"href":"https:\/\/stylingagenten.com\/fi\/wp-json\/wp\/v2\/product\/138704\/revisions"}],"wp:featuredmedia":[{"embeddable":true,"href":"https:\/\/stylingagenten.com\/fi\/wp-json\/wp\/v2\/media\/138698"}],"wp:attachment":[{"href":"https:\/\/stylingagenten.com\/fi\/wp-json\/wp\/v2\/media?parent=138704"}],"wp:term":[{"taxonomy":"product_brand","embeddable":true,"href":"https:\/\/stylingagenten.com\/fi\/wp-json\/wp\/v2\/product_brand?post=138704"},{"taxonomy":"product_cat","embeddable":true,"href":"https:\/\/stylingagenten.com\/fi\/wp-json\/wp\/v2\/product_cat?post=138704"},{"taxonomy":"product_tag","embeddable":true,"href":"https:\/\/stylingagenten.com\/fi\/wp-json\/wp\/v2\/product_tag?post=138704"},{"taxonomy":"berocket_brand","embeddable":true,"href":"https:\/\/stylingagenten.com\/fi\/wp-json\/wp\/v2\/berocket_brand?post=138704"}],"curies":[{"name":"wp","href":"https:\/\/api.w.org\/{rel}","templated":true}]}}