{"id":138692,"date":"2025-05-18T22:59:45","date_gmt":"2025-05-18T22:59:45","guid":{"rendered":"https:\/\/staging2.stylingagenten.com\/fi\/produkt\/joop-homme-after-shave-splash-75ml\/"},"modified":"2026-04-03T19:59:27","modified_gmt":"2026-04-03T19:59:27","slug":"joop-homme-after-shave-splash-75ml","status":"publish","type":"product","link":"https:\/\/stylingagenten.com\/fi\/tuote\/joop-homme-after-shave-splash-75ml\/","title":{"rendered":"Joop! Homme After Shave Splash 75ml"},"content":{"rendered":"<p>J\u00e4\u00e4hdyt\u00e4 ihoa parranajon j\u00e4lkeen Joop! Homme After Shave Splash<\/p>\n<p>Joop! Homme on l\u00e4mmin, mausteinen ja maskuliininen hajuvesi, jossa on kanelin ja tupakan tuoksu.<br \/><strong>Tuoksutuoksu:<\/strong> bergamotti, kaneli, jasmiini, hunaja, patsuli, tupakka ja vetiveria<\/p>\n","protected":false},"excerpt":{"rendered":"<p>J\u00e4\u00e4hdyt\u00e4 ihoa parranajon j\u00e4lkeen Joop! Homme After Shave Splash Joop! Homme on l\u00e4mmin, mausteinen ja maskuliininen hajuvesi, jossa on kanelin ja tupakan tuoksu.Tuoksutuoksu: bergamotti, kaneli, jasmiini, hunaja, patsuli, tupakka ja vetiveria<\/p>\n","protected":false},"featured_media":138685,"comment_status":"open","ping_status":"closed","template":"","meta":{"_trash_the_other_posts":false},"product_brand":[],"product_cat":[1000,709,735],"product_tag":[],"berocket_brand":[1087],"class_list":{"0":"post-138692","1":"product","2":"type-product","3":"status-publish","4":"has-post-thumbnail","6":"product_cat-kampanjatarjous-miehelle","7":"product_cat-miesten-eau-de-toilette","8":"product_cat-kampanjamme","9":"pa_brand-joop","10":"berocket_brand-joop","12":"first","13":"outofstock","14":"sale","15":"taxable","16":"shipping-taxable","17":"purchasable","18":"product-type-simple"},"_links":{"self":[{"href":"https:\/\/stylingagenten.com\/fi\/wp-json\/wp\/v2\/product\/138692","targetHints":{"allow":["GET"]}}],"collection":[{"href":"https:\/\/stylingagenten.com\/fi\/wp-json\/wp\/v2\/product"}],"about":[{"href":"https:\/\/stylingagenten.com\/fi\/wp-json\/wp\/v2\/types\/product"}],"replies":[{"embeddable":true,"href":"https:\/\/stylingagenten.com\/fi\/wp-json\/wp\/v2\/comments?post=138692"}],"version-history":[{"count":0,"href":"https:\/\/stylingagenten.com\/fi\/wp-json\/wp\/v2\/product\/138692\/revisions"}],"wp:featuredmedia":[{"embeddable":true,"href":"https:\/\/stylingagenten.com\/fi\/wp-json\/wp\/v2\/media\/138685"}],"wp:attachment":[{"href":"https:\/\/stylingagenten.com\/fi\/wp-json\/wp\/v2\/media?parent=138692"}],"wp:term":[{"taxonomy":"product_brand","embeddable":true,"href":"https:\/\/stylingagenten.com\/fi\/wp-json\/wp\/v2\/product_brand?post=138692"},{"taxonomy":"product_cat","embeddable":true,"href":"https:\/\/stylingagenten.com\/fi\/wp-json\/wp\/v2\/product_cat?post=138692"},{"taxonomy":"product_tag","embeddable":true,"href":"https:\/\/stylingagenten.com\/fi\/wp-json\/wp\/v2\/product_tag?post=138692"},{"taxonomy":"berocket_brand","embeddable":true,"href":"https:\/\/stylingagenten.com\/fi\/wp-json\/wp\/v2\/berocket_brand?post=138692"}],"curies":[{"name":"wp","href":"https:\/\/api.w.org\/{rel}","templated":true}]}}