{"id":138658,"date":"2025-05-18T22:59:41","date_gmt":"2025-05-18T22:59:41","guid":{"rendered":"https:\/\/staging2.stylingagenten.com\/fi\/produkt\/abercrombie-fitch-authentic-man-edt-100ml\/"},"modified":"2026-04-14T14:28:28","modified_gmt":"2026-04-14T14:28:28","slug":"abercrombie-fitch-authentic-man-edt-100ml","status":"publish","type":"product","link":"https:\/\/stylingagenten.com\/fi\/tuote\/abercrombie-fitch-authentic-man-edt-100ml\/","title":{"rendered":"Abercrombie &amp; Fitch Authentic Man Edt 100ml"},"content":{"rendered":"<p>Abercrombie &amp; Fitch Authentic Man Edt on virkist\u00e4v\u00e4 tuoksu, jossa on greippi\u00e4 ja tippaa luonnollista inkiv\u00e4\u00e4ri\u00f6ljy\u00e4, jota l\u00e4mmitt\u00e4\u00e4 kirkaspuun kirkas lopputulos. T\u00e4m\u00e4 sitrusmainen aromaattinen ja puinen tuoksu heijastaa nuoren miehen rentoa hyv\u00e4\u00e4 asennetta el\u00e4m\u00e4\u00e4n.<\/p>\n<p>Alkutuoksu: Virkist\u00e4v\u00e4 greippi, bergamotti, mustapippuri.<br \/>Syd\u00e4ntuoksu: Luonnollinen inkiv\u00e4\u00e4ri\u00f6ljy, kirkassalvia, Laventeli.<br \/>Pohjatuoksu: el\u00e4v\u00e4 kirkaspuu, ambrox, mokka.<\/p>\n","protected":false},"excerpt":{"rendered":"<p>Abercrombie &amp; Fitch Authentic Man Edt on virkist\u00e4v\u00e4 tuoksu, jossa on greippi\u00e4 ja tippaa luonnollista inkiv\u00e4\u00e4ri\u00f6ljy\u00e4, jota l\u00e4mmitt\u00e4\u00e4 kirkaspuun kirkas lopputulos. T\u00e4m\u00e4 sitrusmainen aromaattinen ja puinen tuoksu heijastaa nuoren miehen rentoa hyv\u00e4\u00e4 asennetta el\u00e4m\u00e4\u00e4n. Alkutuoksu: Virkist\u00e4v\u00e4 greippi, bergamotti, mustapippuri.Syd\u00e4ntuoksu: Luonnollinen inkiv\u00e4\u00e4ri\u00f6ljy, kirkassalvia, Laventeli.Pohjatuoksu: el\u00e4v\u00e4 kirkaspuu, ambrox, mokka.<\/p>\n","protected":false},"featured_media":138653,"comment_status":"open","ping_status":"closed","template":"","meta":{"_trash_the_other_posts":false},"product_brand":[],"product_cat":[1000,709,1003,735],"product_tag":[2322],"berocket_brand":[1278],"class_list":{"0":"post-138658","1":"product","2":"type-product","3":"status-publish","4":"has-post-thumbnail","6":"product_cat-kampanjatarjous-miehelle","7":"product_cat-miesten-eau-de-toilette","8":"product_cat-myydyimmat","9":"product_cat-kampanjamme","10":"product_tag-abercrombie-fitch-authentic-man-edt","11":"pa_brand-abercrombie-fitch","12":"pa_variantti-100ml","13":"berocket_brand-abercrombie-fitch","15":"first","16":"instock","17":"sale","18":"taxable","19":"shipping-taxable","20":"purchasable","21":"product-type-simple"},"_links":{"self":[{"href":"https:\/\/stylingagenten.com\/fi\/wp-json\/wp\/v2\/product\/138658","targetHints":{"allow":["GET"]}}],"collection":[{"href":"https:\/\/stylingagenten.com\/fi\/wp-json\/wp\/v2\/product"}],"about":[{"href":"https:\/\/stylingagenten.com\/fi\/wp-json\/wp\/v2\/types\/product"}],"replies":[{"embeddable":true,"href":"https:\/\/stylingagenten.com\/fi\/wp-json\/wp\/v2\/comments?post=138658"}],"version-history":[{"count":0,"href":"https:\/\/stylingagenten.com\/fi\/wp-json\/wp\/v2\/product\/138658\/revisions"}],"wp:featuredmedia":[{"embeddable":true,"href":"https:\/\/stylingagenten.com\/fi\/wp-json\/wp\/v2\/media\/138653"}],"wp:attachment":[{"href":"https:\/\/stylingagenten.com\/fi\/wp-json\/wp\/v2\/media?parent=138658"}],"wp:term":[{"taxonomy":"product_brand","embeddable":true,"href":"https:\/\/stylingagenten.com\/fi\/wp-json\/wp\/v2\/product_brand?post=138658"},{"taxonomy":"product_cat","embeddable":true,"href":"https:\/\/stylingagenten.com\/fi\/wp-json\/wp\/v2\/product_cat?post=138658"},{"taxonomy":"product_tag","embeddable":true,"href":"https:\/\/stylingagenten.com\/fi\/wp-json\/wp\/v2\/product_tag?post=138658"},{"taxonomy":"berocket_brand","embeddable":true,"href":"https:\/\/stylingagenten.com\/fi\/wp-json\/wp\/v2\/berocket_brand?post=138658"}],"curies":[{"name":"wp","href":"https:\/\/api.w.org\/{rel}","templated":true}]}}