{"id":138650,"date":"2025-05-18T22:59:40","date_gmt":"2025-05-18T22:59:40","guid":{"rendered":"https:\/\/staging2.stylingagenten.com\/fi\/produkt\/azzaro-pour-homme-edt-100ml\/"},"modified":"2026-03-26T18:22:42","modified_gmt":"2026-03-26T18:22:42","slug":"azzaro-pour-homme-edt-100ml","status":"publish","type":"product","link":"https:\/\/stylingagenten.com\/fi\/tuote\/azzaro-pour-homme-edt-100ml\/","title":{"rendered":"Azzaro Pour Homme Edt 100ml"},"content":{"rendered":"<p>Azzaro Pour Homme on erinomainen tuoksu, jossa on raikas ja voimakas j\u00e4lki. Se yhdist\u00e4\u00e4 luonnollisen aistillisuuden vaistomaiseen eleganssiin. Azzaro Pour Homme tarjoaa ajattoman karisman.<\/p>\n<p>Tuoksutuoksu: t\u00e4htianista, laventelia, vetiveriaa<\/p>\n","protected":false},"excerpt":{"rendered":"<p>Azzaro Pour Homme on erinomainen tuoksu, jossa on raikas ja voimakas j\u00e4lki. Se yhdist\u00e4\u00e4 luonnollisen aistillisuuden vaistomaiseen eleganssiin. Azzaro Pour Homme tarjoaa ajattoman karisman. Tuoksutuoksu: t\u00e4htianista, laventelia, vetiveriaa<\/p>\n","protected":false},"featured_media":138646,"comment_status":"open","ping_status":"closed","template":"","meta":{"_trash_the_other_posts":false},"product_brand":[],"product_cat":[1000,709,735],"product_tag":[2449],"berocket_brand":[1157],"class_list":{"0":"post-138650","1":"product","2":"type-product","3":"status-publish","4":"has-post-thumbnail","6":"product_cat-kampanjatarjous-miehelle","7":"product_cat-miesten-eau-de-toilette","8":"product_cat-kampanjamme","9":"product_tag-azzaro-pour-homme-edt","10":"pa_brand-azzaro","11":"pa_variantti-100ml","12":"berocket_brand-azzaro","14":"first","15":"instock","16":"sale","17":"taxable","18":"shipping-taxable","19":"purchasable","20":"product-type-simple"},"_links":{"self":[{"href":"https:\/\/stylingagenten.com\/fi\/wp-json\/wp\/v2\/product\/138650","targetHints":{"allow":["GET"]}}],"collection":[{"href":"https:\/\/stylingagenten.com\/fi\/wp-json\/wp\/v2\/product"}],"about":[{"href":"https:\/\/stylingagenten.com\/fi\/wp-json\/wp\/v2\/types\/product"}],"replies":[{"embeddable":true,"href":"https:\/\/stylingagenten.com\/fi\/wp-json\/wp\/v2\/comments?post=138650"}],"version-history":[{"count":0,"href":"https:\/\/stylingagenten.com\/fi\/wp-json\/wp\/v2\/product\/138650\/revisions"}],"wp:featuredmedia":[{"embeddable":true,"href":"https:\/\/stylingagenten.com\/fi\/wp-json\/wp\/v2\/media\/138646"}],"wp:attachment":[{"href":"https:\/\/stylingagenten.com\/fi\/wp-json\/wp\/v2\/media?parent=138650"}],"wp:term":[{"taxonomy":"product_brand","embeddable":true,"href":"https:\/\/stylingagenten.com\/fi\/wp-json\/wp\/v2\/product_brand?post=138650"},{"taxonomy":"product_cat","embeddable":true,"href":"https:\/\/stylingagenten.com\/fi\/wp-json\/wp\/v2\/product_cat?post=138650"},{"taxonomy":"product_tag","embeddable":true,"href":"https:\/\/stylingagenten.com\/fi\/wp-json\/wp\/v2\/product_tag?post=138650"},{"taxonomy":"berocket_brand","embeddable":true,"href":"https:\/\/stylingagenten.com\/fi\/wp-json\/wp\/v2\/berocket_brand?post=138650"}],"curies":[{"name":"wp","href":"https:\/\/api.w.org\/{rel}","templated":true}]}}