{"id":138620,"date":"2025-05-18T22:59:35","date_gmt":"2025-05-18T22:59:35","guid":{"rendered":"https:\/\/staging2.stylingagenten.com\/fi\/produkt\/karl-lagerfeld-bois-de-vetiver-edt-100ml\/"},"modified":"2026-03-24T09:47:29","modified_gmt":"2026-03-24T09:47:29","slug":"karl-lagerfeld-bois-de-vetiver-edt-100ml","status":"publish","type":"product","link":"https:\/\/stylingagenten.com\/fi\/tuote\/karl-lagerfeld-bois-de-vetiver-edt-100ml\/","title":{"rendered":"Karl Lagerfeld Bois De Vetiver Edt 100ml"},"content":{"rendered":"<p>Karl Lagerfeld Bois de v&eacute;tiver on puinen ja raikas vetiver. Kunnianosoitus vetiverille ja sen kontrasteille.<br \/>B&aring; voimakas ja hienovarainen, l\u00e4mmin ja kylm\u00e4, ilment\u00e4\u00e4 \u00e4\u00e4rimm\u00e4isen maskuliinista tuoksua.&nbsp;<\/p>\n<p>Yl\u00e4tuoksu: Veriappelsiini, Mintunlehdet<br \/>Syd\u00e4ntuoksut: Geranium, Ambrox<br \/>Pohjatuoksu: vetiveria, patsuli, myski<\/p>\n","protected":false},"excerpt":{"rendered":"<p>Karl Lagerfeld Bois de v&eacute;tiver on puinen ja raikas vetiver. Kunnianosoitus vetiverille ja sen kontrasteille.B&aring; voimakas ja hienovarainen, l\u00e4mmin ja kylm\u00e4, ilment\u00e4\u00e4 \u00e4\u00e4rimm\u00e4isen maskuliinista tuoksua.&nbsp; Yl\u00e4tuoksu: Veriappelsiini, MintunlehdetSyd\u00e4ntuoksut: Geranium, AmbroxPohjatuoksu: vetiveria, patsuli, myski<\/p>\n","protected":false},"featured_media":138597,"comment_status":"open","ping_status":"closed","template":"","meta":{"_trash_the_other_posts":false},"product_brand":[],"product_cat":[1000,923,709,735],"product_tag":[3101],"berocket_brand":[1068],"class_list":{"0":"post-138620","1":"product","2":"type-product","3":"status-publish","4":"has-post-thumbnail","6":"product_cat-kampanjatarjous-miehelle","7":"product_cat-karl-lagerfeld-bois-de","8":"product_cat-miesten-eau-de-toilette","9":"product_cat-kampanjamme","10":"product_tag-karl-lagerfeld-bois-de-vetiver-edt","11":"pa_brand-karl-lagerfeld","12":"pa_variantti-100ml","13":"berocket_brand-karl-lagerfeld","15":"first","16":"outofstock","17":"sale","18":"taxable","19":"shipping-taxable","20":"purchasable","21":"product-type-simple"},"_links":{"self":[{"href":"https:\/\/stylingagenten.com\/fi\/wp-json\/wp\/v2\/product\/138620","targetHints":{"allow":["GET"]}}],"collection":[{"href":"https:\/\/stylingagenten.com\/fi\/wp-json\/wp\/v2\/product"}],"about":[{"href":"https:\/\/stylingagenten.com\/fi\/wp-json\/wp\/v2\/types\/product"}],"replies":[{"embeddable":true,"href":"https:\/\/stylingagenten.com\/fi\/wp-json\/wp\/v2\/comments?post=138620"}],"version-history":[{"count":0,"href":"https:\/\/stylingagenten.com\/fi\/wp-json\/wp\/v2\/product\/138620\/revisions"}],"wp:featuredmedia":[{"embeddable":true,"href":"https:\/\/stylingagenten.com\/fi\/wp-json\/wp\/v2\/media\/138597"}],"wp:attachment":[{"href":"https:\/\/stylingagenten.com\/fi\/wp-json\/wp\/v2\/media?parent=138620"}],"wp:term":[{"taxonomy":"product_brand","embeddable":true,"href":"https:\/\/stylingagenten.com\/fi\/wp-json\/wp\/v2\/product_brand?post=138620"},{"taxonomy":"product_cat","embeddable":true,"href":"https:\/\/stylingagenten.com\/fi\/wp-json\/wp\/v2\/product_cat?post=138620"},{"taxonomy":"product_tag","embeddable":true,"href":"https:\/\/stylingagenten.com\/fi\/wp-json\/wp\/v2\/product_tag?post=138620"},{"taxonomy":"berocket_brand","embeddable":true,"href":"https:\/\/stylingagenten.com\/fi\/wp-json\/wp\/v2\/berocket_brand?post=138620"}],"curies":[{"name":"wp","href":"https:\/\/api.w.org\/{rel}","templated":true}]}}