{"id":138615,"date":"2025-05-18T22:59:35","date_gmt":"2025-05-18T22:59:35","guid":{"rendered":"https:\/\/staging2.stylingagenten.com\/fi\/produkt\/dior-homme-edt-50ml\/"},"modified":"2026-03-11T22:04:57","modified_gmt":"2026-03-11T22:04:57","slug":"dior-homme-edt-50ml","status":"publish","type":"product","link":"https:\/\/stylingagenten.com\/fi\/tuote\/dior-homme-edt-50ml\/","title":{"rendered":"Dior Homme Edt 50ml"},"content":{"rendered":"<p>Dior Homme esiteltiin vuonna 2005, ja siin\u00e4 on ripauksen ylellisyytt\u00e4. T\u00e4m\u00e4 tuoksu on sek\u00e4 maskuliininen ett\u00e4 puinen.<\/p>\n<p><strong>Tuoksutuoksu:<\/strong> laventeli, kardemumma, salvia, iiris, kaakao, meripihka, vetiveria\u00f6ljy, nahka &amp; patsuli.<\/p>\n","protected":false},"excerpt":{"rendered":"<p>Dior Homme esiteltiin vuonna 2005, ja siin\u00e4 on ripauksen ylellisyytt\u00e4. T\u00e4m\u00e4 tuoksu on sek\u00e4 maskuliininen ett\u00e4 puinen. Tuoksutuoksu: laventeli, kardemumma, salvia, iiris, kaakao, meripihka, vetiveria\u00f6ljy, nahka &amp; patsuli.<\/p>\n","protected":false},"featured_media":138611,"comment_status":"open","ping_status":"closed","template":"","meta":{"_trash_the_other_posts":false},"product_brand":[],"product_cat":[1000,709,735],"product_tag":[2813],"berocket_brand":[1289],"class_list":{"0":"post-138615","1":"product","2":"type-product","3":"status-publish","4":"has-post-thumbnail","6":"product_cat-kampanjatarjous-miehelle","7":"product_cat-miesten-eau-de-toilette","8":"product_cat-kampanjamme","9":"product_tag-dior-homme-edt","10":"pa_brand-dior","11":"pa_variantti-50ml","12":"berocket_brand-dior","14":"first","15":"instock","16":"sale","17":"taxable","18":"shipping-taxable","19":"purchasable","20":"product-type-simple"},"_links":{"self":[{"href":"https:\/\/stylingagenten.com\/fi\/wp-json\/wp\/v2\/product\/138615","targetHints":{"allow":["GET"]}}],"collection":[{"href":"https:\/\/stylingagenten.com\/fi\/wp-json\/wp\/v2\/product"}],"about":[{"href":"https:\/\/stylingagenten.com\/fi\/wp-json\/wp\/v2\/types\/product"}],"replies":[{"embeddable":true,"href":"https:\/\/stylingagenten.com\/fi\/wp-json\/wp\/v2\/comments?post=138615"}],"version-history":[{"count":0,"href":"https:\/\/stylingagenten.com\/fi\/wp-json\/wp\/v2\/product\/138615\/revisions"}],"wp:featuredmedia":[{"embeddable":true,"href":"https:\/\/stylingagenten.com\/fi\/wp-json\/wp\/v2\/media\/138611"}],"wp:attachment":[{"href":"https:\/\/stylingagenten.com\/fi\/wp-json\/wp\/v2\/media?parent=138615"}],"wp:term":[{"taxonomy":"product_brand","embeddable":true,"href":"https:\/\/stylingagenten.com\/fi\/wp-json\/wp\/v2\/product_brand?post=138615"},{"taxonomy":"product_cat","embeddable":true,"href":"https:\/\/stylingagenten.com\/fi\/wp-json\/wp\/v2\/product_cat?post=138615"},{"taxonomy":"product_tag","embeddable":true,"href":"https:\/\/stylingagenten.com\/fi\/wp-json\/wp\/v2\/product_tag?post=138615"},{"taxonomy":"berocket_brand","embeddable":true,"href":"https:\/\/stylingagenten.com\/fi\/wp-json\/wp\/v2\/berocket_brand?post=138615"}],"curies":[{"name":"wp","href":"https:\/\/api.w.org\/{rel}","templated":true}]}}