{"id":138594,"date":"2025-05-18T22:59:33","date_gmt":"2025-05-18T22:59:33","guid":{"rendered":"https:\/\/staging2.stylingagenten.com\/fi\/produkt\/dunhill-london-custom-edt-100ml\/"},"modified":"2026-03-26T18:22:55","modified_gmt":"2026-03-26T18:22:55","slug":"dunhill-london-custom-edt-100ml","status":"publish","type":"product","link":"https:\/\/stylingagenten.com\/fi\/tuote\/dunhill-london-custom-edt-100ml\/","title":{"rendered":"Dunhill London Custom Edt 100ml"},"content":{"rendered":"<p>Dunhill Londonin <\/p>\n<p><strong>Custom Edt<\/strong> on luotu kuvastamaan t\u00e4m\u00e4n luksusbr\u00e4ndin maskuliinista eleganssia, hienostuneisuutta ja perinteit\u00e4. Sen koostumus, jossa on virkist\u00e4vi\u00e4 englantilaisten Pippin-omenoiden tuoksuja ja ytimess\u00e4 mausteista mustapippuria, heijastelee j\u00e4nnitt\u00e4v\u00e4\u00e4 maskuliinista energiaa. Pohja on l\u00e4mmin ja setripuun vivahteita; ja suitsukkeita.<\/p>\n<p>100 ml<\/p>\n","protected":false},"excerpt":{"rendered":"<p>Dunhill Londonin Custom Edt on luotu kuvastamaan t\u00e4m\u00e4n luksusbr\u00e4ndin maskuliinista eleganssia, hienostuneisuutta ja perinteit\u00e4. Sen koostumus, jossa on virkist\u00e4vi\u00e4 englantilaisten Pippin-omenoiden tuoksuja ja ytimess\u00e4 mausteista mustapippuria, heijastelee j\u00e4nnitt\u00e4v\u00e4\u00e4 maskuliinista energiaa. Pohja on l\u00e4mmin ja setripuun vivahteita; ja suitsukkeita. 100 ml<\/p>\n","protected":false},"featured_media":138593,"comment_status":"open","ping_status":"closed","template":"","meta":{"_trash_the_other_posts":false},"product_brand":[],"product_cat":[1000,709,735],"product_tag":[],"berocket_brand":[1296],"class_list":{"0":"post-138594","1":"product","2":"type-product","3":"status-publish","4":"has-post-thumbnail","6":"product_cat-kampanjatarjous-miehelle","7":"product_cat-miesten-eau-de-toilette","8":"product_cat-kampanjamme","9":"pa_brand-dunhill","10":"berocket_brand-dunhill","12":"first","13":"instock","14":"sale","15":"taxable","16":"shipping-taxable","17":"purchasable","18":"product-type-simple"},"_links":{"self":[{"href":"https:\/\/stylingagenten.com\/fi\/wp-json\/wp\/v2\/product\/138594","targetHints":{"allow":["GET"]}}],"collection":[{"href":"https:\/\/stylingagenten.com\/fi\/wp-json\/wp\/v2\/product"}],"about":[{"href":"https:\/\/stylingagenten.com\/fi\/wp-json\/wp\/v2\/types\/product"}],"replies":[{"embeddable":true,"href":"https:\/\/stylingagenten.com\/fi\/wp-json\/wp\/v2\/comments?post=138594"}],"version-history":[{"count":0,"href":"https:\/\/stylingagenten.com\/fi\/wp-json\/wp\/v2\/product\/138594\/revisions"}],"wp:featuredmedia":[{"embeddable":true,"href":"https:\/\/stylingagenten.com\/fi\/wp-json\/wp\/v2\/media\/138593"}],"wp:attachment":[{"href":"https:\/\/stylingagenten.com\/fi\/wp-json\/wp\/v2\/media?parent=138594"}],"wp:term":[{"taxonomy":"product_brand","embeddable":true,"href":"https:\/\/stylingagenten.com\/fi\/wp-json\/wp\/v2\/product_brand?post=138594"},{"taxonomy":"product_cat","embeddable":true,"href":"https:\/\/stylingagenten.com\/fi\/wp-json\/wp\/v2\/product_cat?post=138594"},{"taxonomy":"product_tag","embeddable":true,"href":"https:\/\/stylingagenten.com\/fi\/wp-json\/wp\/v2\/product_tag?post=138594"},{"taxonomy":"berocket_brand","embeddable":true,"href":"https:\/\/stylingagenten.com\/fi\/wp-json\/wp\/v2\/berocket_brand?post=138594"}],"curies":[{"name":"wp","href":"https:\/\/api.w.org\/{rel}","templated":true}]}}