{"id":138590,"date":"2025-05-18T22:59:31","date_gmt":"2025-05-18T22:59:31","guid":{"rendered":"https:\/\/staging2.stylingagenten.com\/fi\/produkt\/calvin-klein-obsessed-for-men-edt-125ml\/"},"modified":"2026-03-16T12:08:01","modified_gmt":"2026-03-16T12:08:01","slug":"calvin-klein-obsessed-for-men-edt-125ml","status":"publish","type":"product","link":"https:\/\/stylingagenten.com\/fi\/tuote\/calvin-klein-obsessed-for-men-edt-125ml\/","title":{"rendered":"Calvin Klein Obsessed for Men Edt 125ml"},"content":{"rendered":"<p>Calvin Kleinin <strong>OBSESSED<\/strong> -teoksen ytimess\u00e4 on muisto menneest\u00e4 rakkaudesta, jonka laukaisi toisen henkil\u00f6n tuoksu. iho. T\u00e4ss\u00e4 lehm\u00e4 on kerrostettu, ja siin\u00e4 on perinteiset maskuliinisen Foug\u00e8ren tuoksut tummalla vaniljalla. T\u00e4m\u00e4 j\u00e4nnitt\u00e4v\u00e4 tuoksu heijastaa alkuper\u00e4ist\u00e4 OBSESSIONia, mutta h\u00e4m\u00e4rt\u00e4\u00e4 ja m\u00e4\u00e4rittelee uudelleen miesten tuoksun.<\/p>\n<p>Yl\u00e4tuoksu: Oro Blanco -greippi, Sichuan-pippuri, musta kardemumma.<br \/>&nbsp;Syd\u00e4ntuoksu: Cedar leaf, Labdanum, Firnat, Vaalea nahka.<br \/>&nbsp;Pohjatuoksu: Patchouli C&oelig;ur, musta vaniljakastike, Ambrox Super.<\/p>\n","protected":false},"excerpt":{"rendered":"<p>Calvin Kleinin OBSESSED -teoksen ytimess\u00e4 on muisto menneest\u00e4 rakkaudesta, jonka laukaisi toisen henkil\u00f6n tuoksu. iho. T\u00e4ss\u00e4 lehm\u00e4 on kerrostettu, ja siin\u00e4 on perinteiset maskuliinisen Foug\u00e8ren tuoksut tummalla vaniljalla. T\u00e4m\u00e4 j\u00e4nnitt\u00e4v\u00e4 tuoksu heijastaa alkuper\u00e4ist\u00e4 OBSESSIONia, mutta h\u00e4m\u00e4rt\u00e4\u00e4 ja m\u00e4\u00e4rittelee uudelleen miesten tuoksun. Yl\u00e4tuoksu: Oro Blanco -greippi, Sichuan-pippuri, musta kardemumma.&nbsp;Syd\u00e4ntuoksu: Cedar leaf, Labdanum, Firnat, Vaalea nahka.&nbsp;Pohjatuoksu: Patchouli [&hellip;]<\/p>\n","protected":false},"featured_media":138579,"comment_status":"open","ping_status":"closed","template":"","meta":{"_trash_the_other_posts":false},"product_brand":[],"product_cat":[745,709],"product_tag":[2659],"berocket_brand":[1014],"class_list":{"0":"post-138590","1":"product","2":"type-product","3":"status-publish","4":"has-post-thumbnail","6":"product_cat-calvin-klein-obsessed","7":"product_cat-miesten-eau-de-toilette","8":"product_tag-calvin-klein-obsessed-for-men-edt","9":"pa_brand-calvin-klein","10":"pa_variantti-125ml","11":"berocket_brand-calvin-klein","13":"first","14":"outofstock","15":"sale","16":"taxable","17":"shipping-taxable","18":"purchasable","19":"product-type-simple"},"_links":{"self":[{"href":"https:\/\/stylingagenten.com\/fi\/wp-json\/wp\/v2\/product\/138590","targetHints":{"allow":["GET"]}}],"collection":[{"href":"https:\/\/stylingagenten.com\/fi\/wp-json\/wp\/v2\/product"}],"about":[{"href":"https:\/\/stylingagenten.com\/fi\/wp-json\/wp\/v2\/types\/product"}],"replies":[{"embeddable":true,"href":"https:\/\/stylingagenten.com\/fi\/wp-json\/wp\/v2\/comments?post=138590"}],"version-history":[{"count":0,"href":"https:\/\/stylingagenten.com\/fi\/wp-json\/wp\/v2\/product\/138590\/revisions"}],"wp:featuredmedia":[{"embeddable":true,"href":"https:\/\/stylingagenten.com\/fi\/wp-json\/wp\/v2\/media\/138579"}],"wp:attachment":[{"href":"https:\/\/stylingagenten.com\/fi\/wp-json\/wp\/v2\/media?parent=138590"}],"wp:term":[{"taxonomy":"product_brand","embeddable":true,"href":"https:\/\/stylingagenten.com\/fi\/wp-json\/wp\/v2\/product_brand?post=138590"},{"taxonomy":"product_cat","embeddable":true,"href":"https:\/\/stylingagenten.com\/fi\/wp-json\/wp\/v2\/product_cat?post=138590"},{"taxonomy":"product_tag","embeddable":true,"href":"https:\/\/stylingagenten.com\/fi\/wp-json\/wp\/v2\/product_tag?post=138590"},{"taxonomy":"berocket_brand","embeddable":true,"href":"https:\/\/stylingagenten.com\/fi\/wp-json\/wp\/v2\/berocket_brand?post=138590"}],"curies":[{"name":"wp","href":"https:\/\/api.w.org\/{rel}","templated":true}]}}