{"id":138585,"date":"2025-05-18T22:59:31","date_gmt":"2025-05-18T22:59:31","guid":{"rendered":"https:\/\/staging2.stylingagenten.com\/fi\/produkt\/dunhill-london-desire-black-edt-100ml\/"},"modified":"2026-03-26T18:22:49","modified_gmt":"2026-03-26T18:22:49","slug":"dunhill-london-desire-black-edt-100ml","status":"publish","type":"product","link":"https:\/\/stylingagenten.com\/fi\/tuote\/dunhill-london-desire-black-edt-100ml\/","title":{"rendered":"Dunhill London Desire Black Edt 100ml"},"content":{"rendered":"<p>Alfred Dunhillin <\/p>\n<p><strong>Desire Black<\/strong> on it\u00e4mainen Fougere-tuoksu miehille.<br \/>&nbsp;Yl\u00e4tuoksu: mustapippuri, bergamotti ja greippi<br \/>&nbsp;Syd\u00e4ntuoksu: sahrami, sypressi ja ruusu <br \/>&nbsp;Pohjatuoksu: vetiver, olibanum ja ambra<\/p>\n<p>100 ml<\/p>\n","protected":false},"excerpt":{"rendered":"<p>Alfred Dunhillin Desire Black on it\u00e4mainen Fougere-tuoksu miehille.&nbsp;Yl\u00e4tuoksu: mustapippuri, bergamotti ja greippi&nbsp;Syd\u00e4ntuoksu: sahrami, sypressi ja ruusu &nbsp;Pohjatuoksu: vetiver, olibanum ja ambra 100 ml<\/p>\n","protected":false},"featured_media":138581,"comment_status":"open","ping_status":"closed","template":"","meta":{"_trash_the_other_posts":false},"product_brand":[],"product_cat":[1000,709,735],"product_tag":[],"berocket_brand":[1296],"class_list":{"0":"post-138585","1":"product","2":"type-product","3":"status-publish","4":"has-post-thumbnail","6":"product_cat-kampanjatarjous-miehelle","7":"product_cat-miesten-eau-de-toilette","8":"product_cat-kampanjamme","9":"pa_brand-dunhill","10":"berocket_brand-dunhill","12":"first","13":"instock","14":"sale","15":"taxable","16":"shipping-taxable","17":"purchasable","18":"product-type-simple"},"_links":{"self":[{"href":"https:\/\/stylingagenten.com\/fi\/wp-json\/wp\/v2\/product\/138585","targetHints":{"allow":["GET"]}}],"collection":[{"href":"https:\/\/stylingagenten.com\/fi\/wp-json\/wp\/v2\/product"}],"about":[{"href":"https:\/\/stylingagenten.com\/fi\/wp-json\/wp\/v2\/types\/product"}],"replies":[{"embeddable":true,"href":"https:\/\/stylingagenten.com\/fi\/wp-json\/wp\/v2\/comments?post=138585"}],"version-history":[{"count":0,"href":"https:\/\/stylingagenten.com\/fi\/wp-json\/wp\/v2\/product\/138585\/revisions"}],"wp:featuredmedia":[{"embeddable":true,"href":"https:\/\/stylingagenten.com\/fi\/wp-json\/wp\/v2\/media\/138581"}],"wp:attachment":[{"href":"https:\/\/stylingagenten.com\/fi\/wp-json\/wp\/v2\/media?parent=138585"}],"wp:term":[{"taxonomy":"product_brand","embeddable":true,"href":"https:\/\/stylingagenten.com\/fi\/wp-json\/wp\/v2\/product_brand?post=138585"},{"taxonomy":"product_cat","embeddable":true,"href":"https:\/\/stylingagenten.com\/fi\/wp-json\/wp\/v2\/product_cat?post=138585"},{"taxonomy":"product_tag","embeddable":true,"href":"https:\/\/stylingagenten.com\/fi\/wp-json\/wp\/v2\/product_tag?post=138585"},{"taxonomy":"berocket_brand","embeddable":true,"href":"https:\/\/stylingagenten.com\/fi\/wp-json\/wp\/v2\/berocket_brand?post=138585"}],"curies":[{"name":"wp","href":"https:\/\/api.w.org\/{rel}","templated":true}]}}