{"id":138503,"date":"2025-05-18T22:59:17","date_gmt":"2025-05-18T22:59:17","guid":{"rendered":"https:\/\/staging2.stylingagenten.com\/fi\/produkt\/giorgio-armani-emporio-he-edt-100ml\/"},"modified":"2026-04-13T12:09:25","modified_gmt":"2026-04-13T12:09:25","slug":"giorgio-armani-emporio-he-edt-100ml","status":"publish","type":"product","link":"https:\/\/stylingagenten.com\/fi\/tuote\/giorgio-armani-emporio-he-edt-100ml\/","title":{"rendered":"Giorgio Armani Emporio He Edt 100ml"},"content":{"rendered":"<p><strong>Emporio Armani He<\/strong> by <strong>Giorgio Armani<\/strong> on sitrushedelmien aromaattinen tuoksu naisille.<\/p>\n<p>Alkutuoksu: Rosmariini, omena, yuzu, bergamotti, ananas , Mandariini, sitruuna ja kardemumma<\/p>\n<p>Syd\u00e4ntuoksu: muskottip\u00e4hkin\u00e4, orris-juuri, syklaami, jasmiini ja ruusu<\/p>\n<p>Pohjatuoksu: santelipuu, tammisammalta, myski, tonkapapu, setri ja meripihka. <\/p>\n","protected":false},"excerpt":{"rendered":"<p>Emporio Armani He by Giorgio Armani on sitrushedelmien aromaattinen tuoksu naisille. Alkutuoksu: Rosmariini, omena, yuzu, bergamotti, ananas , Mandariini, sitruuna ja kardemumma Syd\u00e4ntuoksu: muskottip\u00e4hkin\u00e4, orris-juuri, syklaami, jasmiini ja ruusu Pohjatuoksu: santelipuu, tammisammalta, myski, tonkapapu, setri ja meripihka.<\/p>\n","protected":false},"featured_media":169686,"comment_status":"open","ping_status":"closed","template":"","meta":{"_trash_the_other_posts":false},"product_brand":[],"product_cat":[709],"product_tag":[2922],"berocket_brand":[1038],"class_list":{"0":"post-138503","1":"product","2":"type-product","3":"status-publish","4":"has-post-thumbnail","6":"product_cat-miesten-eau-de-toilette","7":"product_tag-giorgio-armani-emporio-he-edt","8":"pa_brand-armani","9":"pa_variantti-100ml","10":"berocket_brand-armani","12":"first","13":"instock","14":"sale","15":"taxable","16":"shipping-taxable","17":"purchasable","18":"product-type-simple"},"_links":{"self":[{"href":"https:\/\/stylingagenten.com\/fi\/wp-json\/wp\/v2\/product\/138503","targetHints":{"allow":["GET"]}}],"collection":[{"href":"https:\/\/stylingagenten.com\/fi\/wp-json\/wp\/v2\/product"}],"about":[{"href":"https:\/\/stylingagenten.com\/fi\/wp-json\/wp\/v2\/types\/product"}],"replies":[{"embeddable":true,"href":"https:\/\/stylingagenten.com\/fi\/wp-json\/wp\/v2\/comments?post=138503"}],"version-history":[{"count":0,"href":"https:\/\/stylingagenten.com\/fi\/wp-json\/wp\/v2\/product\/138503\/revisions"}],"wp:featuredmedia":[{"embeddable":true,"href":"https:\/\/stylingagenten.com\/fi\/wp-json\/wp\/v2\/media\/169686"}],"wp:attachment":[{"href":"https:\/\/stylingagenten.com\/fi\/wp-json\/wp\/v2\/media?parent=138503"}],"wp:term":[{"taxonomy":"product_brand","embeddable":true,"href":"https:\/\/stylingagenten.com\/fi\/wp-json\/wp\/v2\/product_brand?post=138503"},{"taxonomy":"product_cat","embeddable":true,"href":"https:\/\/stylingagenten.com\/fi\/wp-json\/wp\/v2\/product_cat?post=138503"},{"taxonomy":"product_tag","embeddable":true,"href":"https:\/\/stylingagenten.com\/fi\/wp-json\/wp\/v2\/product_tag?post=138503"},{"taxonomy":"berocket_brand","embeddable":true,"href":"https:\/\/stylingagenten.com\/fi\/wp-json\/wp\/v2\/berocket_brand?post=138503"}],"curies":[{"name":"wp","href":"https:\/\/api.w.org\/{rel}","templated":true}]}}