{"id":138488,"date":"2025-05-18T22:59:14","date_gmt":"2025-05-18T22:59:14","guid":{"rendered":"https:\/\/staging2.stylingagenten.com\/fi\/produkt\/versace-blue-jeans-edt-75ml\/"},"modified":"2026-04-08T20:18:35","modified_gmt":"2026-04-08T20:18:35","slug":"versace-blue-jeans-edt-75ml","status":"publish","type":"product","link":"https:\/\/stylingagenten.com\/fi\/tuote\/versace-blue-jeans-edt-75ml\/","title":{"rendered":"Versace Blue Jeans Edt 75ml"},"content":{"rendered":"<p>Versace Blue Jeans on h\u00e4nelle vuonna 1994 lanseerattu hajuvesi. Se on virkist\u00e4v\u00e4 ja tuoksuu k\u00e4velylle mets\u00e4ss\u00e4 bergamotin, setripuun vivahtein. ja basilikaa.<\/p>\n","protected":false},"excerpt":{"rendered":"<p>Versace Blue Jeans on h\u00e4nelle vuonna 1994 lanseerattu hajuvesi. Se on virkist\u00e4v\u00e4 ja tuoksuu k\u00e4velylle mets\u00e4ss\u00e4 bergamotin, setripuun vivahtein. ja basilikaa.<\/p>\n","protected":false},"featured_media":138487,"comment_status":"open","ping_status":"closed","template":"","meta":{"_trash_the_other_posts":false},"product_brand":[],"product_cat":[1000,709,1003,735],"product_tag":[],"berocket_brand":[1083],"class_list":{"0":"post-138488","1":"product","2":"type-product","3":"status-publish","4":"has-post-thumbnail","6":"product_cat-kampanjatarjous-miehelle","7":"product_cat-miesten-eau-de-toilette","8":"product_cat-myydyimmat","9":"product_cat-kampanjamme","10":"pa_brand-versace","11":"berocket_brand-versace","13":"first","14":"instock","15":"sale","16":"taxable","17":"shipping-taxable","18":"purchasable","19":"product-type-simple"},"_links":{"self":[{"href":"https:\/\/stylingagenten.com\/fi\/wp-json\/wp\/v2\/product\/138488","targetHints":{"allow":["GET"]}}],"collection":[{"href":"https:\/\/stylingagenten.com\/fi\/wp-json\/wp\/v2\/product"}],"about":[{"href":"https:\/\/stylingagenten.com\/fi\/wp-json\/wp\/v2\/types\/product"}],"replies":[{"embeddable":true,"href":"https:\/\/stylingagenten.com\/fi\/wp-json\/wp\/v2\/comments?post=138488"}],"version-history":[{"count":0,"href":"https:\/\/stylingagenten.com\/fi\/wp-json\/wp\/v2\/product\/138488\/revisions"}],"wp:featuredmedia":[{"embeddable":true,"href":"https:\/\/stylingagenten.com\/fi\/wp-json\/wp\/v2\/media\/138487"}],"wp:attachment":[{"href":"https:\/\/stylingagenten.com\/fi\/wp-json\/wp\/v2\/media?parent=138488"}],"wp:term":[{"taxonomy":"product_brand","embeddable":true,"href":"https:\/\/stylingagenten.com\/fi\/wp-json\/wp\/v2\/product_brand?post=138488"},{"taxonomy":"product_cat","embeddable":true,"href":"https:\/\/stylingagenten.com\/fi\/wp-json\/wp\/v2\/product_cat?post=138488"},{"taxonomy":"product_tag","embeddable":true,"href":"https:\/\/stylingagenten.com\/fi\/wp-json\/wp\/v2\/product_tag?post=138488"},{"taxonomy":"berocket_brand","embeddable":true,"href":"https:\/\/stylingagenten.com\/fi\/wp-json\/wp\/v2\/berocket_brand?post=138488"}],"curies":[{"name":"wp","href":"https:\/\/api.w.org\/{rel}","templated":true}]}}