{"id":138467,"date":"2025-05-18T22:59:11","date_gmt":"2025-05-18T22:59:11","guid":{"rendered":"https:\/\/staging2.stylingagenten.com\/fi\/produkt\/jimmy-choo-man-ice-edt-100ml\/"},"modified":"2026-04-04T07:38:33","modified_gmt":"2026-04-04T07:38:33","slug":"jimmy-choo-man-ice-edt-100ml","status":"publish","type":"product","link":"https:\/\/stylingagenten.com\/fi\/tuote\/jimmy-choo-man-ice-edt-100ml\/","title":{"rendered":"Jimmy Choo Man Ice Edt 100ml"},"content":{"rendered":"<p>Jimmy Choo Man Ice EdT on maskuliininen, aromaattinen tuoksu, joka on suunnattu rennolle ja seikkailunhaluiselle miehelle. <br \/>Tuoksussa yhdistyy raikkaus muun muassa. mandariini ja bergamotti, joissa on syvyytt\u00e4 ja aistillisuutta patchoulista, myskist\u00e4 ja ambroksaanista.<\/p>\n<p>Alkutuoksu: mandariini, bergamotti, setripuu<br \/>Syd\u00e4ntuoksu: vetiveria\u00f6ljy, patsuli, omena<br \/>Pohjatuoksu: myski, ambroksaani , Mossa<\/p>\n","protected":false},"excerpt":{"rendered":"<p>Jimmy Choo Man Ice EdT on maskuliininen, aromaattinen tuoksu, joka on suunnattu rennolle ja seikkailunhaluiselle miehelle. Tuoksussa yhdistyy raikkaus muun muassa. mandariini ja bergamotti, joissa on syvyytt\u00e4 ja aistillisuutta patchoulista, myskist\u00e4 ja ambroksaanista. Alkutuoksu: mandariini, bergamotti, setripuuSyd\u00e4ntuoksu: vetiveria\u00f6ljy, patsuli, omenaPohjatuoksu: myski, ambroksaani , Mossa<\/p>\n","protected":false},"featured_media":138464,"comment_status":"open","ping_status":"closed","template":"","meta":{"_trash_the_other_posts":false},"product_brand":[],"product_cat":[1000,709,735],"product_tag":[3053],"berocket_brand":[1122],"class_list":{"0":"post-138467","1":"product","2":"type-product","3":"status-publish","4":"has-post-thumbnail","6":"product_cat-kampanjatarjous-miehelle","7":"product_cat-miesten-eau-de-toilette","8":"product_cat-kampanjamme","9":"product_tag-jimmy-choo-man-ice-edt","10":"pa_brand-jimmy-choo","11":"pa_variantti-100ml","12":"berocket_brand-jimmy-choo","14":"first","15":"instock","16":"sale","17":"taxable","18":"shipping-taxable","19":"purchasable","20":"product-type-simple"},"_links":{"self":[{"href":"https:\/\/stylingagenten.com\/fi\/wp-json\/wp\/v2\/product\/138467","targetHints":{"allow":["GET"]}}],"collection":[{"href":"https:\/\/stylingagenten.com\/fi\/wp-json\/wp\/v2\/product"}],"about":[{"href":"https:\/\/stylingagenten.com\/fi\/wp-json\/wp\/v2\/types\/product"}],"replies":[{"embeddable":true,"href":"https:\/\/stylingagenten.com\/fi\/wp-json\/wp\/v2\/comments?post=138467"}],"version-history":[{"count":0,"href":"https:\/\/stylingagenten.com\/fi\/wp-json\/wp\/v2\/product\/138467\/revisions"}],"wp:featuredmedia":[{"embeddable":true,"href":"https:\/\/stylingagenten.com\/fi\/wp-json\/wp\/v2\/media\/138464"}],"wp:attachment":[{"href":"https:\/\/stylingagenten.com\/fi\/wp-json\/wp\/v2\/media?parent=138467"}],"wp:term":[{"taxonomy":"product_brand","embeddable":true,"href":"https:\/\/stylingagenten.com\/fi\/wp-json\/wp\/v2\/product_brand?post=138467"},{"taxonomy":"product_cat","embeddable":true,"href":"https:\/\/stylingagenten.com\/fi\/wp-json\/wp\/v2\/product_cat?post=138467"},{"taxonomy":"product_tag","embeddable":true,"href":"https:\/\/stylingagenten.com\/fi\/wp-json\/wp\/v2\/product_tag?post=138467"},{"taxonomy":"berocket_brand","embeddable":true,"href":"https:\/\/stylingagenten.com\/fi\/wp-json\/wp\/v2\/berocket_brand?post=138467"}],"curies":[{"name":"wp","href":"https:\/\/api.w.org\/{rel}","templated":true}]}}