{"id":138444,"date":"2025-05-18T22:59:05","date_gmt":"2025-05-18T22:59:05","guid":{"rendered":"https:\/\/staging2.stylingagenten.com\/fi\/produkt\/antonio-banderas-the-secret-edt-200ml\/"},"modified":"2026-04-14T20:58:32","modified_gmt":"2026-04-14T20:58:32","slug":"antonio-banderas-the-secret-edt-200ml","status":"publish","type":"product","link":"https:\/\/stylingagenten.com\/fi\/tuote\/antonio-banderas-the-secret-edt-200ml\/","title":{"rendered":"Antonio Banderas The Secret Edt 200ml"},"content":{"rendered":"<p>Seduction in Black on rohkea tulkinta Antonio Banderasin Blue Seductionista, mutta se vie sen fantastisen vivahteen uudelle tasolle. Se korostaa tr&auml; ja it\u00e4maisia \u200b\u200bvivahteita, joita johtaa alkuper\u00e4inen ja mielenkiintoinen mausteisuus, joka ilment\u00e4\u00e4 tuoksun tuoreutta ja aistillisuutta.<\/p>\n<p>Yl\u00e4tuoksu: bergamotti, mustaherukka<br \/>Syd\u00e4ntuoksu: korianteri, kardemumma, muskottip\u00e4hkin\u00e4<br \/>Pohjatuoksu : Setripuu, tonkapapu, meripihka, myski<\/p>\n","protected":false},"excerpt":{"rendered":"<p>Seduction in Black on rohkea tulkinta Antonio Banderasin Blue Seductionista, mutta se vie sen fantastisen vivahteen uudelle tasolle. Se korostaa tr&auml; ja it\u00e4maisia \u200b\u200bvivahteita, joita johtaa alkuper\u00e4inen ja mielenkiintoinen mausteisuus, joka ilment\u00e4\u00e4 tuoksun tuoreutta ja aistillisuutta. Yl\u00e4tuoksu: bergamotti, mustaherukkaSyd\u00e4ntuoksu: korianteri, kardemumma, muskottip\u00e4hkin\u00e4Pohjatuoksu : Setripuu, tonkapapu, meripihka, myski<\/p>\n","protected":false},"featured_media":138440,"comment_status":"open","ping_status":"closed","template":"","meta":{"_trash_the_other_posts":false},"product_brand":[],"product_cat":[1000,709,735],"product_tag":[2386],"berocket_brand":[1072],"class_list":{"0":"post-138444","1":"product","2":"type-product","3":"status-publish","4":"has-post-thumbnail","6":"product_cat-kampanjatarjous-miehelle","7":"product_cat-miesten-eau-de-toilette","8":"product_cat-kampanjamme","9":"product_tag-antonio-banderas-the-secret-edt","10":"pa_brand-antonio-banderas","11":"pa_variantti-200ml","12":"berocket_brand-antonio-banderas","14":"first","15":"instock","16":"sale","17":"taxable","18":"shipping-taxable","19":"purchasable","20":"product-type-simple"},"_links":{"self":[{"href":"https:\/\/stylingagenten.com\/fi\/wp-json\/wp\/v2\/product\/138444","targetHints":{"allow":["GET"]}}],"collection":[{"href":"https:\/\/stylingagenten.com\/fi\/wp-json\/wp\/v2\/product"}],"about":[{"href":"https:\/\/stylingagenten.com\/fi\/wp-json\/wp\/v2\/types\/product"}],"replies":[{"embeddable":true,"href":"https:\/\/stylingagenten.com\/fi\/wp-json\/wp\/v2\/comments?post=138444"}],"version-history":[{"count":0,"href":"https:\/\/stylingagenten.com\/fi\/wp-json\/wp\/v2\/product\/138444\/revisions"}],"wp:featuredmedia":[{"embeddable":true,"href":"https:\/\/stylingagenten.com\/fi\/wp-json\/wp\/v2\/media\/138440"}],"wp:attachment":[{"href":"https:\/\/stylingagenten.com\/fi\/wp-json\/wp\/v2\/media?parent=138444"}],"wp:term":[{"taxonomy":"product_brand","embeddable":true,"href":"https:\/\/stylingagenten.com\/fi\/wp-json\/wp\/v2\/product_brand?post=138444"},{"taxonomy":"product_cat","embeddable":true,"href":"https:\/\/stylingagenten.com\/fi\/wp-json\/wp\/v2\/product_cat?post=138444"},{"taxonomy":"product_tag","embeddable":true,"href":"https:\/\/stylingagenten.com\/fi\/wp-json\/wp\/v2\/product_tag?post=138444"},{"taxonomy":"berocket_brand","embeddable":true,"href":"https:\/\/stylingagenten.com\/fi\/wp-json\/wp\/v2\/berocket_brand?post=138444"}],"curies":[{"name":"wp","href":"https:\/\/api.w.org\/{rel}","templated":true}]}}