{"id":138428,"date":"2025-05-18T22:59:01","date_gmt":"2025-05-18T22:59:01","guid":{"rendered":"https:\/\/staging2.stylingagenten.com\/fi\/produkt\/creed-viking-edp-100ml\/"},"modified":"2026-03-25T14:27:59","modified_gmt":"2026-03-25T14:27:59","slug":"creed-viking-edp-100ml","status":"publish","type":"product","link":"https:\/\/stylingagenten.com\/fi\/tuote\/creed-viking-edp-100ml\/","title":{"rendered":"Creed Viking Edp 100ml"},"content":{"rendered":"<p>Viking by Creed on puinen aromaattinen tuoksu miehille. Viking lanseerattiin vuonna 2017.<\/p>\n<p>T\u00e4rkeimm\u00e4t nuotit: Ros&eacute; Pippuri, calabrian bergamotti ja sisilialainen sitruuna<br \/>Syd\u00e4ntuoksu: Ruusu&eacute; Pippuri, mausteinen minttu ja bulgarialainen ruusu<br \/>Pohjatuoksu: santelipuu, laventeli, haitin vetiveria ja intialainen patsuli.<\/p>\n","protected":false},"excerpt":{"rendered":"<p>Viking by Creed on puinen aromaattinen tuoksu miehille. Viking lanseerattiin vuonna 2017. T\u00e4rkeimm\u00e4t nuotit: Ros&eacute; Pippuri, calabrian bergamotti ja sisilialainen sitruunaSyd\u00e4ntuoksu: Ruusu&eacute; Pippuri, mausteinen minttu ja bulgarialainen ruusuPohjatuoksu: santelipuu, laventeli, haitin vetiveria ja intialainen patsuli.<\/p>\n","protected":false},"featured_media":138425,"comment_status":"open","ping_status":"closed","template":"","meta":{"_trash_the_other_posts":false},"product_brand":[],"product_cat":[708,1000,735],"product_tag":[2746],"berocket_brand":[1236],"class_list":{"0":"post-138428","1":"product","2":"type-product","3":"status-publish","4":"has-post-thumbnail","6":"product_cat-eau-de-parfum-miesten","7":"product_cat-kampanjatarjous-miehelle","8":"product_cat-kampanjamme","9":"product_tag-creed-viking-edp","10":"pa_brand-creed","11":"pa_variantti-100ml","12":"berocket_brand-creed","14":"first","15":"instock","16":"sale","17":"taxable","18":"shipping-taxable","19":"purchasable","20":"product-type-simple"},"_links":{"self":[{"href":"https:\/\/stylingagenten.com\/fi\/wp-json\/wp\/v2\/product\/138428","targetHints":{"allow":["GET"]}}],"collection":[{"href":"https:\/\/stylingagenten.com\/fi\/wp-json\/wp\/v2\/product"}],"about":[{"href":"https:\/\/stylingagenten.com\/fi\/wp-json\/wp\/v2\/types\/product"}],"replies":[{"embeddable":true,"href":"https:\/\/stylingagenten.com\/fi\/wp-json\/wp\/v2\/comments?post=138428"}],"version-history":[{"count":0,"href":"https:\/\/stylingagenten.com\/fi\/wp-json\/wp\/v2\/product\/138428\/revisions"}],"wp:featuredmedia":[{"embeddable":true,"href":"https:\/\/stylingagenten.com\/fi\/wp-json\/wp\/v2\/media\/138425"}],"wp:attachment":[{"href":"https:\/\/stylingagenten.com\/fi\/wp-json\/wp\/v2\/media?parent=138428"}],"wp:term":[{"taxonomy":"product_brand","embeddable":true,"href":"https:\/\/stylingagenten.com\/fi\/wp-json\/wp\/v2\/product_brand?post=138428"},{"taxonomy":"product_cat","embeddable":true,"href":"https:\/\/stylingagenten.com\/fi\/wp-json\/wp\/v2\/product_cat?post=138428"},{"taxonomy":"product_tag","embeddable":true,"href":"https:\/\/stylingagenten.com\/fi\/wp-json\/wp\/v2\/product_tag?post=138428"},{"taxonomy":"berocket_brand","embeddable":true,"href":"https:\/\/stylingagenten.com\/fi\/wp-json\/wp\/v2\/berocket_brand?post=138428"}],"curies":[{"name":"wp","href":"https:\/\/api.w.org\/{rel}","templated":true}]}}