{"id":138414,"date":"2025-05-18T22:58:58","date_gmt":"2025-05-18T22:58:58","guid":{"rendered":"https:\/\/staging2.stylingagenten.com\/fi\/produkt\/calvin-klein-escape-for-men-edt-50ml\/"},"modified":"2025-11-19T10:56:12","modified_gmt":"2025-11-19T10:56:12","slug":"calvin-klein-escape-for-men-edt-50ml","status":"publish","type":"product","link":"https:\/\/stylingagenten.com\/fi\/tuote\/calvin-klein-escape-for-men-edt-50ml\/","title":{"rendered":"Calvin Klein Escape For Men Edt 50ml"},"content":{"rendered":"<p>Calvin Klein Escape for Men on vihre\u00e4 aromaattinen ja raikas mausteinen hajuvesi, joka on yksi monista 90-luvulla lanseeratuista menestyneist\u00e4 tuoksuista.<\/p>\n<p><strong>Tuoksun tuoksu:<\/strong> kataja, meloni, bergamotti , eukalyptus, sypressi, koivu, vesist\u00f6j\u00e4, santelipuu, patsuli &amp; tammisemmalle.<\/p>\n","protected":false},"excerpt":{"rendered":"<p>Calvin Klein Escape for Men on vihre\u00e4 aromaattinen ja raikas mausteinen hajuvesi, joka on yksi monista 90-luvulla lanseeratuista menestyneist\u00e4 tuoksuista. Tuoksun tuoksu: kataja, meloni, bergamotti , eukalyptus, sypressi, koivu, vesist\u00f6j\u00e4, santelipuu, patsuli &amp; tammisemmalle.<\/p>\n","protected":false},"featured_media":138406,"comment_status":"open","ping_status":"closed","template":"","meta":{"_trash_the_other_posts":false},"product_brand":[],"product_cat":[792,709],"product_tag":[2647],"berocket_brand":[1014],"class_list":{"0":"post-138414","1":"product","2":"type-product","3":"status-publish","4":"has-post-thumbnail","6":"product_cat-calvin-klein-escape","7":"product_cat-miesten-eau-de-toilette","8":"product_tag-calvin-klein-escape-for-men-edt","9":"pa_brand-calvin-klein","10":"pa_variantti-50ml","11":"berocket_brand-calvin-klein","13":"first","14":"outofstock","15":"sale","16":"taxable","17":"shipping-taxable","18":"purchasable","19":"product-type-simple"},"_links":{"self":[{"href":"https:\/\/stylingagenten.com\/fi\/wp-json\/wp\/v2\/product\/138414","targetHints":{"allow":["GET"]}}],"collection":[{"href":"https:\/\/stylingagenten.com\/fi\/wp-json\/wp\/v2\/product"}],"about":[{"href":"https:\/\/stylingagenten.com\/fi\/wp-json\/wp\/v2\/types\/product"}],"replies":[{"embeddable":true,"href":"https:\/\/stylingagenten.com\/fi\/wp-json\/wp\/v2\/comments?post=138414"}],"version-history":[{"count":0,"href":"https:\/\/stylingagenten.com\/fi\/wp-json\/wp\/v2\/product\/138414\/revisions"}],"wp:featuredmedia":[{"embeddable":true,"href":"https:\/\/stylingagenten.com\/fi\/wp-json\/wp\/v2\/media\/138406"}],"wp:attachment":[{"href":"https:\/\/stylingagenten.com\/fi\/wp-json\/wp\/v2\/media?parent=138414"}],"wp:term":[{"taxonomy":"product_brand","embeddable":true,"href":"https:\/\/stylingagenten.com\/fi\/wp-json\/wp\/v2\/product_brand?post=138414"},{"taxonomy":"product_cat","embeddable":true,"href":"https:\/\/stylingagenten.com\/fi\/wp-json\/wp\/v2\/product_cat?post=138414"},{"taxonomy":"product_tag","embeddable":true,"href":"https:\/\/stylingagenten.com\/fi\/wp-json\/wp\/v2\/product_tag?post=138414"},{"taxonomy":"berocket_brand","embeddable":true,"href":"https:\/\/stylingagenten.com\/fi\/wp-json\/wp\/v2\/berocket_brand?post=138414"}],"curies":[{"name":"wp","href":"https:\/\/api.w.org\/{rel}","templated":true}]}}