{"id":138398,"date":"2025-05-18T22:58:55","date_gmt":"2025-05-18T22:58:55","guid":{"rendered":"https:\/\/staging2.stylingagenten.com\/fi\/produkt\/acqua-di-parma-blu-mediterraneo-fico-di-amalfi-edt-150ml\/"},"modified":"2026-03-25T10:18:38","modified_gmt":"2026-03-25T10:18:38","slug":"acqua-di-parma-blu-mediterraneo-fico-di-amalfi-edt-150ml","status":"publish","type":"product","link":"https:\/\/stylingagenten.com\/fi\/tuote\/acqua-di-parma-blu-mediterraneo-fico-di-amalfi-edt-150ml\/","title":{"rendered":"Acqua di Parma Blu Mediterraneo Fico di Amalfi Edt 150ml"},"content":{"rendered":"<p>Acqua di Parma Blu Mediterraneo &#8211; Fico di Amalfi on kukkainen hedelm\u00e4inen tuoksu naisille ja miehille. Kauniin Amalfin rannikon inspiroima tuoksu on kohottava ja virkist\u00e4v\u00e4.<\/p>\n<p>Yl\u00e4tuoksu: greippi, bergamotti, sitriini, sitruuna<br \/>Syd\u00e4ntuoksu: viikunatartari, jasmiini, ruusu&eacute;pippuri<br \/>Pohjatuoksu : Viikunapuu ;d Cedar, Benzoin.<\/p>\n","protected":false},"excerpt":{"rendered":"<p>Acqua di Parma Blu Mediterraneo &#8211; Fico di Amalfi on kukkainen hedelm\u00e4inen tuoksu naisille ja miehille. Kauniin Amalfin rannikon inspiroima tuoksu on kohottava ja virkist\u00e4v\u00e4. Yl\u00e4tuoksu: greippi, bergamotti, sitriini, sitruunaSyd\u00e4ntuoksu: viikunatartari, jasmiini, ruusu&eacute;pippuriPohjatuoksu : Viikunapuu ;d Cedar, Benzoin.<\/p>\n","protected":false},"featured_media":138392,"comment_status":"open","ping_status":"closed","template":"","meta":{"_trash_the_other_posts":false},"product_brand":[],"product_cat":[1000,709,735],"product_tag":[2331],"berocket_brand":[1161],"class_list":{"0":"post-138398","1":"product","2":"type-product","3":"status-publish","4":"has-post-thumbnail","6":"product_cat-kampanjatarjous-miehelle","7":"product_cat-miesten-eau-de-toilette","8":"product_cat-kampanjamme","9":"product_tag-acqua-di-parma-blu-mediterraneo-fico-di-amalfi-edt","10":"pa_brand-acqua-di-parma","11":"pa_variantti-150ml","12":"berocket_brand-acqua-di-parma","14":"first","15":"instock","16":"sale","17":"taxable","18":"shipping-taxable","19":"purchasable","20":"product-type-simple"},"_links":{"self":[{"href":"https:\/\/stylingagenten.com\/fi\/wp-json\/wp\/v2\/product\/138398","targetHints":{"allow":["GET"]}}],"collection":[{"href":"https:\/\/stylingagenten.com\/fi\/wp-json\/wp\/v2\/product"}],"about":[{"href":"https:\/\/stylingagenten.com\/fi\/wp-json\/wp\/v2\/types\/product"}],"replies":[{"embeddable":true,"href":"https:\/\/stylingagenten.com\/fi\/wp-json\/wp\/v2\/comments?post=138398"}],"version-history":[{"count":0,"href":"https:\/\/stylingagenten.com\/fi\/wp-json\/wp\/v2\/product\/138398\/revisions"}],"wp:featuredmedia":[{"embeddable":true,"href":"https:\/\/stylingagenten.com\/fi\/wp-json\/wp\/v2\/media\/138392"}],"wp:attachment":[{"href":"https:\/\/stylingagenten.com\/fi\/wp-json\/wp\/v2\/media?parent=138398"}],"wp:term":[{"taxonomy":"product_brand","embeddable":true,"href":"https:\/\/stylingagenten.com\/fi\/wp-json\/wp\/v2\/product_brand?post=138398"},{"taxonomy":"product_cat","embeddable":true,"href":"https:\/\/stylingagenten.com\/fi\/wp-json\/wp\/v2\/product_cat?post=138398"},{"taxonomy":"product_tag","embeddable":true,"href":"https:\/\/stylingagenten.com\/fi\/wp-json\/wp\/v2\/product_tag?post=138398"},{"taxonomy":"berocket_brand","embeddable":true,"href":"https:\/\/stylingagenten.com\/fi\/wp-json\/wp\/v2\/berocket_brand?post=138398"}],"curies":[{"name":"wp","href":"https:\/\/api.w.org\/{rel}","templated":true}]}}