{"id":138388,"date":"2025-05-18T22:58:53","date_gmt":"2025-05-18T22:58:53","guid":{"rendered":"https:\/\/staging2.stylingagenten.com\/fi\/produkt\/acqua-di-parma-blu-mediterraneo-bergamotto-di-calabria-edt-150ml\/"},"modified":"2025-11-19T11:48:32","modified_gmt":"2025-11-19T11:48:32","slug":"acqua-di-parma-blu-mediterraneo-bergamotto-di-calabria-edt-150ml","status":"publish","type":"product","link":"https:\/\/stylingagenten.com\/fi\/tuote\/acqua-di-parma-blu-mediterraneo-bergamotto-di-calabria-edt-150ml\/","title":{"rendered":"Acqua di Parma Blu Mediterraneo Bergamotto di Calabria Edt 150ml"},"content":{"rendered":"<p>Acqua di Parman Acqua di Parma Blu Mediterraneo Bergamotto di Calabria on unisex-hajuvesi, jossa on selke\u00e4 puumainen aromi. Tuoksussa on kohottava tuoksu, joka saa inspiraationsa italialaisesta bergamotin sekoituksesta sitruunaa, punaista inkiv\u00e4\u00e4ri\u00e4 ja setripuuta. ja vetiveria\u00f6ljy.<\/p>\n<p>Alkutuoksu: Bergamotti, Sitruuna<br \/>Syd\u00e4ntuoksu: Inkiv\u00e4\u00e4ri, setripuu, kukat<br \/>Pohjatuoksu: vetiveria, myski, bentsoiini.<\/p>\n","protected":false},"excerpt":{"rendered":"<p>Acqua di Parman Acqua di Parma Blu Mediterraneo Bergamotto di Calabria on unisex-hajuvesi, jossa on selke\u00e4 puumainen aromi. Tuoksussa on kohottava tuoksu, joka saa inspiraationsa italialaisesta bergamotin sekoituksesta sitruunaa, punaista inkiv\u00e4\u00e4ri\u00e4 ja setripuuta. ja vetiveria\u00f6ljy. Alkutuoksu: Bergamotti, SitruunaSyd\u00e4ntuoksu: Inkiv\u00e4\u00e4ri, setripuu, kukatPohjatuoksu: vetiveria, myski, bentsoiini.<\/p>\n","protected":false},"featured_media":138383,"comment_status":"open","ping_status":"closed","template":"","meta":{"_trash_the_other_posts":false},"product_brand":[],"product_cat":[713,709,1003],"product_tag":[2328],"berocket_brand":[1161],"class_list":{"0":"post-138388","1":"product","2":"type-product","3":"status-publish","4":"has-post-thumbnail","6":"product_cat-hajuvesi-unisex","7":"product_cat-miesten-eau-de-toilette","8":"product_cat-myydyimmat","9":"product_tag-acqua-di-parma-blu-mediterraneo-bergamotto-di-calabria-edt","10":"pa_brand-acqua-di-parma","11":"pa_variantti-150ml","12":"berocket_brand-acqua-di-parma","14":"first","15":"outofstock","16":"sale","17":"taxable","18":"shipping-taxable","19":"purchasable","20":"product-type-simple"},"_links":{"self":[{"href":"https:\/\/stylingagenten.com\/fi\/wp-json\/wp\/v2\/product\/138388","targetHints":{"allow":["GET"]}}],"collection":[{"href":"https:\/\/stylingagenten.com\/fi\/wp-json\/wp\/v2\/product"}],"about":[{"href":"https:\/\/stylingagenten.com\/fi\/wp-json\/wp\/v2\/types\/product"}],"replies":[{"embeddable":true,"href":"https:\/\/stylingagenten.com\/fi\/wp-json\/wp\/v2\/comments?post=138388"}],"version-history":[{"count":0,"href":"https:\/\/stylingagenten.com\/fi\/wp-json\/wp\/v2\/product\/138388\/revisions"}],"wp:featuredmedia":[{"embeddable":true,"href":"https:\/\/stylingagenten.com\/fi\/wp-json\/wp\/v2\/media\/138383"}],"wp:attachment":[{"href":"https:\/\/stylingagenten.com\/fi\/wp-json\/wp\/v2\/media?parent=138388"}],"wp:term":[{"taxonomy":"product_brand","embeddable":true,"href":"https:\/\/stylingagenten.com\/fi\/wp-json\/wp\/v2\/product_brand?post=138388"},{"taxonomy":"product_cat","embeddable":true,"href":"https:\/\/stylingagenten.com\/fi\/wp-json\/wp\/v2\/product_cat?post=138388"},{"taxonomy":"product_tag","embeddable":true,"href":"https:\/\/stylingagenten.com\/fi\/wp-json\/wp\/v2\/product_tag?post=138388"},{"taxonomy":"berocket_brand","embeddable":true,"href":"https:\/\/stylingagenten.com\/fi\/wp-json\/wp\/v2\/berocket_brand?post=138388"}],"curies":[{"name":"wp","href":"https:\/\/api.w.org\/{rel}","templated":true}]}}