{"id":138373,"date":"2025-05-18T22:58:49","date_gmt":"2025-05-18T22:58:49","guid":{"rendered":"https:\/\/staging2.stylingagenten.com\/fi\/produkt\/ralph-lauren-polo-blue-men-edt-125ml\/"},"modified":"2026-04-12T06:38:45","modified_gmt":"2026-04-12T06:38:45","slug":"ralph-lauren-polo-blue-men-edt-125ml","status":"publish","type":"product","link":"https:\/\/stylingagenten.com\/fi\/tuote\/ralph-lauren-polo-blue-men-edt-125ml\/","title":{"rendered":"Ralph Lauren Polo Blue Men Edt 125ml"},"content":{"rendered":"<p>Ralph Lauren Polo Blue Men Edt on virkist\u00e4v\u00e4 tuoksu, jossa on viile\u00e4n merituulen tuntu.<\/p>\n<p>Tuoksutuoksu: meloni, kurkku, mandariini, basilika, salvia, geranium, mokka, sammal, musta-ametisti, patchouli ja myski.<\/p>\n","protected":false},"excerpt":{"rendered":"<p>Ralph Lauren Polo Blue Men Edt on virkist\u00e4v\u00e4 tuoksu, jossa on viile\u00e4n merituulen tuntu. Tuoksutuoksu: meloni, kurkku, mandariini, basilika, salvia, geranium, mokka, sammal, musta-ametisti, patchouli ja myski.<\/p>\n","protected":false},"featured_media":138370,"comment_status":"open","ping_status":"closed","template":"","meta":{"_trash_the_other_posts":false},"product_brand":[],"product_cat":[1000,709,1003,735],"product_tag":[3853],"berocket_brand":[1015],"class_list":{"0":"post-138373","1":"product","2":"type-product","3":"status-publish","4":"has-post-thumbnail","6":"product_cat-kampanjatarjous-miehelle","7":"product_cat-miesten-eau-de-toilette","8":"product_cat-myydyimmat","9":"product_cat-kampanjamme","10":"product_tag-ralph-lauren-polo-blue-men-edt","11":"pa_brand-ralph-lauren","12":"pa_variantti-125ml","13":"berocket_brand-ralph-lauren","15":"first","16":"instock","17":"sale","18":"taxable","19":"shipping-taxable","20":"purchasable","21":"product-type-simple"},"_links":{"self":[{"href":"https:\/\/stylingagenten.com\/fi\/wp-json\/wp\/v2\/product\/138373","targetHints":{"allow":["GET"]}}],"collection":[{"href":"https:\/\/stylingagenten.com\/fi\/wp-json\/wp\/v2\/product"}],"about":[{"href":"https:\/\/stylingagenten.com\/fi\/wp-json\/wp\/v2\/types\/product"}],"replies":[{"embeddable":true,"href":"https:\/\/stylingagenten.com\/fi\/wp-json\/wp\/v2\/comments?post=138373"}],"version-history":[{"count":0,"href":"https:\/\/stylingagenten.com\/fi\/wp-json\/wp\/v2\/product\/138373\/revisions"}],"wp:featuredmedia":[{"embeddable":true,"href":"https:\/\/stylingagenten.com\/fi\/wp-json\/wp\/v2\/media\/138370"}],"wp:attachment":[{"href":"https:\/\/stylingagenten.com\/fi\/wp-json\/wp\/v2\/media?parent=138373"}],"wp:term":[{"taxonomy":"product_brand","embeddable":true,"href":"https:\/\/stylingagenten.com\/fi\/wp-json\/wp\/v2\/product_brand?post=138373"},{"taxonomy":"product_cat","embeddable":true,"href":"https:\/\/stylingagenten.com\/fi\/wp-json\/wp\/v2\/product_cat?post=138373"},{"taxonomy":"product_tag","embeddable":true,"href":"https:\/\/stylingagenten.com\/fi\/wp-json\/wp\/v2\/product_tag?post=138373"},{"taxonomy":"berocket_brand","embeddable":true,"href":"https:\/\/stylingagenten.com\/fi\/wp-json\/wp\/v2\/berocket_brand?post=138373"}],"curies":[{"name":"wp","href":"https:\/\/api.w.org\/{rel}","templated":true}]}}