{"id":138362,"date":"2025-05-18T22:58:47","date_gmt":"2025-05-18T22:58:47","guid":{"rendered":"https:\/\/staging2.stylingagenten.com\/fi\/produkt\/narciso-rodriguez-bleu-noir-for-him-edt-100ml\/"},"modified":"2026-03-26T18:22:27","modified_gmt":"2026-03-26T18:22:27","slug":"narciso-rodriguez-bleu-noir-for-him-edt-100ml","status":"publish","type":"product","link":"https:\/\/stylingagenten.com\/fi\/tuote\/narciso-rodriguez-bleu-noir-for-him-edt-100ml\/","title":{"rendered":"Narciso Rodriguez Bleu Noir for Him Edt 100ml"},"content":{"rendered":"<p>Narciso Rodriguez for Him Bleu Noir by Narciso Rodriguez on puinen, mausteinen tuoksu miehille.<\/p>\n<p>Alkutuoksu: kardemumma ja muskottip\u00e4hkin\u00e4<\/p>\n<p>Syd\u00e4ntuoksu: myski<\/p>\n<p> &gt;Pohjatuoksu: vetiver, setri, eebenpuu&auml; ja Ambra<\/p>\n","protected":false},"excerpt":{"rendered":"<p>Narciso Rodriguez for Him Bleu Noir by Narciso Rodriguez on puinen, mausteinen tuoksu miehille. Alkutuoksu: kardemumma ja muskottip\u00e4hkin\u00e4 Syd\u00e4ntuoksu: myski &gt;Pohjatuoksu: vetiver, setri, eebenpuu&auml; ja Ambra<\/p>\n","protected":false},"featured_media":138360,"comment_status":"open","ping_status":"closed","template":"","meta":{"_trash_the_other_posts":false},"product_brand":[],"product_cat":[1000,709,735],"product_tag":[],"berocket_brand":[1167],"class_list":{"0":"post-138362","1":"product","2":"type-product","3":"status-publish","4":"has-post-thumbnail","6":"product_cat-kampanjatarjous-miehelle","7":"product_cat-miesten-eau-de-toilette","8":"product_cat-kampanjamme","9":"pa_brand-narciso-rodriguez","10":"berocket_brand-narciso-rodriguez","12":"first","13":"instock","14":"sale","15":"taxable","16":"shipping-taxable","17":"purchasable","18":"product-type-simple"},"_links":{"self":[{"href":"https:\/\/stylingagenten.com\/fi\/wp-json\/wp\/v2\/product\/138362","targetHints":{"allow":["GET"]}}],"collection":[{"href":"https:\/\/stylingagenten.com\/fi\/wp-json\/wp\/v2\/product"}],"about":[{"href":"https:\/\/stylingagenten.com\/fi\/wp-json\/wp\/v2\/types\/product"}],"replies":[{"embeddable":true,"href":"https:\/\/stylingagenten.com\/fi\/wp-json\/wp\/v2\/comments?post=138362"}],"version-history":[{"count":0,"href":"https:\/\/stylingagenten.com\/fi\/wp-json\/wp\/v2\/product\/138362\/revisions"}],"wp:featuredmedia":[{"embeddable":true,"href":"https:\/\/stylingagenten.com\/fi\/wp-json\/wp\/v2\/media\/138360"}],"wp:attachment":[{"href":"https:\/\/stylingagenten.com\/fi\/wp-json\/wp\/v2\/media?parent=138362"}],"wp:term":[{"taxonomy":"product_brand","embeddable":true,"href":"https:\/\/stylingagenten.com\/fi\/wp-json\/wp\/v2\/product_brand?post=138362"},{"taxonomy":"product_cat","embeddable":true,"href":"https:\/\/stylingagenten.com\/fi\/wp-json\/wp\/v2\/product_cat?post=138362"},{"taxonomy":"product_tag","embeddable":true,"href":"https:\/\/stylingagenten.com\/fi\/wp-json\/wp\/v2\/product_tag?post=138362"},{"taxonomy":"berocket_brand","embeddable":true,"href":"https:\/\/stylingagenten.com\/fi\/wp-json\/wp\/v2\/berocket_brand?post=138362"}],"curies":[{"name":"wp","href":"https:\/\/api.w.org\/{rel}","templated":true}]}}