{"id":138359,"date":"2025-05-18T22:58:46","date_gmt":"2025-05-18T22:58:46","guid":{"rendered":"https:\/\/staging2.stylingagenten.com\/fi\/produkt\/dior-homme-edt-100ml\/"},"modified":"2026-02-04T21:12:08","modified_gmt":"2026-02-04T21:12:08","slug":"dior-homme-edt-100ml","status":"publish","type":"product","link":"https:\/\/stylingagenten.com\/fi\/tuote\/dior-homme-edt-100ml\/","title":{"rendered":"Dior Homme Edt 100ml"},"content":{"rendered":"<p>Dior Homme esiteltiin vuonna 2005, ja siin\u00e4 on ripauksen ylellisyytt\u00e4. T\u00e4m\u00e4 tuoksu on sek\u00e4 maskuliininen ett\u00e4 puinen.<\/p>\n<p><strong>Tuoksutuoksu:<\/strong> laventeli, kardemumma, salvia, iiris, kaakao, meripihka, vetiveria\u00f6ljy, nahka &amp; patsuli.<\/p>\n","protected":false},"excerpt":{"rendered":"<p>Dior Homme esiteltiin vuonna 2005, ja siin\u00e4 on ripauksen ylellisyytt\u00e4. T\u00e4m\u00e4 tuoksu on sek\u00e4 maskuliininen ett\u00e4 puinen. Tuoksutuoksu: laventeli, kardemumma, salvia, iiris, kaakao, meripihka, vetiveria\u00f6ljy, nahka &amp; patsuli.<\/p>\n","protected":false},"featured_media":138357,"comment_status":"open","ping_status":"closed","template":"","meta":{"_trash_the_other_posts":false},"product_brand":[],"product_cat":[709],"product_tag":[2813],"berocket_brand":[1289],"class_list":{"0":"post-138359","1":"product","2":"type-product","3":"status-publish","4":"has-post-thumbnail","6":"product_cat-miesten-eau-de-toilette","7":"product_tag-dior-homme-edt","8":"pa_brand-dior","9":"pa_variantti-100ml","10":"berocket_brand-dior","12":"first","13":"outofstock","14":"taxable","15":"shipping-taxable","16":"purchasable","17":"product-type-simple"},"_links":{"self":[{"href":"https:\/\/stylingagenten.com\/fi\/wp-json\/wp\/v2\/product\/138359","targetHints":{"allow":["GET"]}}],"collection":[{"href":"https:\/\/stylingagenten.com\/fi\/wp-json\/wp\/v2\/product"}],"about":[{"href":"https:\/\/stylingagenten.com\/fi\/wp-json\/wp\/v2\/types\/product"}],"replies":[{"embeddable":true,"href":"https:\/\/stylingagenten.com\/fi\/wp-json\/wp\/v2\/comments?post=138359"}],"version-history":[{"count":0,"href":"https:\/\/stylingagenten.com\/fi\/wp-json\/wp\/v2\/product\/138359\/revisions"}],"wp:featuredmedia":[{"embeddable":true,"href":"https:\/\/stylingagenten.com\/fi\/wp-json\/wp\/v2\/media\/138357"}],"wp:attachment":[{"href":"https:\/\/stylingagenten.com\/fi\/wp-json\/wp\/v2\/media?parent=138359"}],"wp:term":[{"taxonomy":"product_brand","embeddable":true,"href":"https:\/\/stylingagenten.com\/fi\/wp-json\/wp\/v2\/product_brand?post=138359"},{"taxonomy":"product_cat","embeddable":true,"href":"https:\/\/stylingagenten.com\/fi\/wp-json\/wp\/v2\/product_cat?post=138359"},{"taxonomy":"product_tag","embeddable":true,"href":"https:\/\/stylingagenten.com\/fi\/wp-json\/wp\/v2\/product_tag?post=138359"},{"taxonomy":"berocket_brand","embeddable":true,"href":"https:\/\/stylingagenten.com\/fi\/wp-json\/wp\/v2\/berocket_brand?post=138359"}],"curies":[{"name":"wp","href":"https:\/\/api.w.org\/{rel}","templated":true}]}}