{"id":138354,"date":"2025-05-18T22:58:45","date_gmt":"2025-05-18T22:58:45","guid":{"rendered":"https:\/\/staging2.stylingagenten.com\/fi\/produkt\/dior-homme-intense-edp-150ml\/"},"modified":"2025-12-18T21:37:10","modified_gmt":"2025-12-18T21:37:10","slug":"dior-homme-intense-edp-150ml","status":"publish","type":"product","link":"https:\/\/stylingagenten.com\/fi\/tuote\/dior-homme-intense-edp-150ml\/","title":{"rendered":"Dior Homme Intense Edp 150ml"},"content":{"rendered":"<p>Dior Homme Intense Edp on eritt\u00e4in intensiivinen mutta my\u00f6s&aring; Hienostunut ja sensuelli rajoitetun er\u00e4n tuoksu iltapukeutumiseen.<\/p>\n<p data-empty=\"true\">Tuoksutuoksu: iiris, myski, hibiscus, setripuu, vetiveria\u00f6ljy ja puu.<\/p>\n","protected":false},"excerpt":{"rendered":"<p>Dior Homme Intense Edp on eritt\u00e4in intensiivinen mutta my\u00f6s&aring; Hienostunut ja sensuelli rajoitetun er\u00e4n tuoksu iltapukeutumiseen. Tuoksutuoksu: iiris, myski, hibiscus, setripuu, vetiveria\u00f6ljy ja puu.<\/p>\n","protected":false},"featured_media":138352,"comment_status":"open","ping_status":"closed","template":"","meta":{"_trash_the_other_posts":false},"product_brand":[],"product_cat":[708],"product_tag":[2814],"berocket_brand":[1289],"class_list":{"0":"post-138354","1":"product","2":"type-product","3":"status-publish","4":"has-post-thumbnail","6":"product_cat-eau-de-parfum-miesten","7":"product_tag-dior-homme-intense-edp","8":"pa_brand-dior","9":"pa_variantti-150ml","10":"berocket_brand-dior","12":"first","13":"outofstock","14":"sale","15":"taxable","16":"shipping-taxable","17":"purchasable","18":"product-type-simple"},"_links":{"self":[{"href":"https:\/\/stylingagenten.com\/fi\/wp-json\/wp\/v2\/product\/138354","targetHints":{"allow":["GET"]}}],"collection":[{"href":"https:\/\/stylingagenten.com\/fi\/wp-json\/wp\/v2\/product"}],"about":[{"href":"https:\/\/stylingagenten.com\/fi\/wp-json\/wp\/v2\/types\/product"}],"replies":[{"embeddable":true,"href":"https:\/\/stylingagenten.com\/fi\/wp-json\/wp\/v2\/comments?post=138354"}],"version-history":[{"count":0,"href":"https:\/\/stylingagenten.com\/fi\/wp-json\/wp\/v2\/product\/138354\/revisions"}],"wp:featuredmedia":[{"embeddable":true,"href":"https:\/\/stylingagenten.com\/fi\/wp-json\/wp\/v2\/media\/138352"}],"wp:attachment":[{"href":"https:\/\/stylingagenten.com\/fi\/wp-json\/wp\/v2\/media?parent=138354"}],"wp:term":[{"taxonomy":"product_brand","embeddable":true,"href":"https:\/\/stylingagenten.com\/fi\/wp-json\/wp\/v2\/product_brand?post=138354"},{"taxonomy":"product_cat","embeddable":true,"href":"https:\/\/stylingagenten.com\/fi\/wp-json\/wp\/v2\/product_cat?post=138354"},{"taxonomy":"product_tag","embeddable":true,"href":"https:\/\/stylingagenten.com\/fi\/wp-json\/wp\/v2\/product_tag?post=138354"},{"taxonomy":"berocket_brand","embeddable":true,"href":"https:\/\/stylingagenten.com\/fi\/wp-json\/wp\/v2\/berocket_brand?post=138354"}],"curies":[{"name":"wp","href":"https:\/\/api.w.org\/{rel}","templated":true}]}}