{"id":138347,"date":"2025-05-18T22:58:44","date_gmt":"2025-05-18T22:58:44","guid":{"rendered":"https:\/\/staging2.stylingagenten.com\/fi\/produkt\/dior-homme-sport-edt-75ml\/"},"modified":"2026-03-26T18:22:36","modified_gmt":"2026-03-26T18:22:36","slug":"dior-homme-sport-edt-75ml","status":"publish","type":"product","link":"https:\/\/stylingagenten.com\/fi\/tuote\/dior-homme-sport-edt-75ml\/","title":{"rendered":"Dior Homme Sport Edt 75ml"},"content":{"rendered":"<p>Christian Diorin Dior Homme Sport on miesten tuoksu. Se on r\u00e4j\u00e4ht\u00e4v\u00e4 sitrustuoksu, jonka pohja on puumainen ja inkiv\u00e4\u00e4ri, joka on niin tunnistettavissa perinteisist\u00e4 Dior-tuoksuista.<\/p>\n<p>Yl\u00e4tuoksu: Amalfi-sitruuna, greippi, bergamotti, Canarium luzonicum<br \/>Syd\u00e4ntuoksu: Inkiv\u00e4\u00e4ri, Vetiver , Virginia Cedar<br \/>Pohjatuoksu: laventeli, santelipuu, rosmariini<\/p>\n","protected":false},"excerpt":{"rendered":"<p>Christian Diorin Dior Homme Sport on miesten tuoksu. Se on r\u00e4j\u00e4ht\u00e4v\u00e4 sitrustuoksu, jonka pohja on puumainen ja inkiv\u00e4\u00e4ri, joka on niin tunnistettavissa perinteisist\u00e4 Dior-tuoksuista. Yl\u00e4tuoksu: Amalfi-sitruuna, greippi, bergamotti, Canarium luzonicumSyd\u00e4ntuoksu: Inkiv\u00e4\u00e4ri, Vetiver , Virginia CedarPohjatuoksu: laventeli, santelipuu, rosmariini<\/p>\n","protected":false},"featured_media":138346,"comment_status":"open","ping_status":"closed","template":"","meta":{"_trash_the_other_posts":false},"product_brand":[],"product_cat":[1000,709,1003,735],"product_tag":[2815],"berocket_brand":[1289],"class_list":{"0":"post-138347","1":"product","2":"type-product","3":"status-publish","4":"has-post-thumbnail","6":"product_cat-kampanjatarjous-miehelle","7":"product_cat-miesten-eau-de-toilette","8":"product_cat-myydyimmat","9":"product_cat-kampanjamme","10":"product_tag-dior-homme-sport-edt","11":"pa_brand-dior","12":"pa_variantti-75ml","13":"berocket_brand-dior","15":"first","16":"instock","17":"sale","18":"taxable","19":"shipping-taxable","20":"purchasable","21":"product-type-simple"},"_links":{"self":[{"href":"https:\/\/stylingagenten.com\/fi\/wp-json\/wp\/v2\/product\/138347","targetHints":{"allow":["GET"]}}],"collection":[{"href":"https:\/\/stylingagenten.com\/fi\/wp-json\/wp\/v2\/product"}],"about":[{"href":"https:\/\/stylingagenten.com\/fi\/wp-json\/wp\/v2\/types\/product"}],"replies":[{"embeddable":true,"href":"https:\/\/stylingagenten.com\/fi\/wp-json\/wp\/v2\/comments?post=138347"}],"version-history":[{"count":0,"href":"https:\/\/stylingagenten.com\/fi\/wp-json\/wp\/v2\/product\/138347\/revisions"}],"wp:featuredmedia":[{"embeddable":true,"href":"https:\/\/stylingagenten.com\/fi\/wp-json\/wp\/v2\/media\/138346"}],"wp:attachment":[{"href":"https:\/\/stylingagenten.com\/fi\/wp-json\/wp\/v2\/media?parent=138347"}],"wp:term":[{"taxonomy":"product_brand","embeddable":true,"href":"https:\/\/stylingagenten.com\/fi\/wp-json\/wp\/v2\/product_brand?post=138347"},{"taxonomy":"product_cat","embeddable":true,"href":"https:\/\/stylingagenten.com\/fi\/wp-json\/wp\/v2\/product_cat?post=138347"},{"taxonomy":"product_tag","embeddable":true,"href":"https:\/\/stylingagenten.com\/fi\/wp-json\/wp\/v2\/product_tag?post=138347"},{"taxonomy":"berocket_brand","embeddable":true,"href":"https:\/\/stylingagenten.com\/fi\/wp-json\/wp\/v2\/berocket_brand?post=138347"}],"curies":[{"name":"wp","href":"https:\/\/api.w.org\/{rel}","templated":true}]}}