{"id":138308,"date":"2025-05-18T22:58:37","date_gmt":"2025-05-18T22:58:37","guid":{"rendered":"https:\/\/staging2.stylingagenten.com\/fi\/produkt\/davidoff-champion-edt-90ml\/"},"modified":"2026-04-11T20:28:46","modified_gmt":"2026-04-11T20:28:46","slug":"davidoff-champion-edt-90ml","status":"publish","type":"product","link":"https:\/\/stylingagenten.com\/fi\/tuote\/davidoff-champion-edt-90ml\/","title":{"rendered":"Davidoff Champion Edt 90ml"},"content":{"rendered":"<p>Davidoff Champion on mestarille sopiva hajuvesi, joka liittyy p\u00e4ivitt\u00e4iseen rituaaliin, jossa k\u00e4ytet\u00e4\u00e4n aikaa fyysisen ja henkisen voiman kasvattamiseen.<\/p>\n<p><strong>Tuoksutuoksu:&nbsp;<\/strong>citrus, bergamont , salvia, galbanum, setripuu&auml; &amp; tammisemmalle.<\/p>\n","protected":false},"excerpt":{"rendered":"<p>Davidoff Champion on mestarille sopiva hajuvesi, joka liittyy p\u00e4ivitt\u00e4iseen rituaaliin, jossa k\u00e4ytet\u00e4\u00e4n aikaa fyysisen ja henkisen voiman kasvattamiseen. Tuoksutuoksu:&nbsp;citrus, bergamont , salvia, galbanum, setripuu&auml; &amp; tammisemmalle.<\/p>\n","protected":false},"featured_media":138307,"comment_status":"open","ping_status":"closed","template":"","meta":{"_trash_the_other_posts":false},"product_brand":[],"product_cat":[1000,709,1003,735],"product_tag":[2778],"berocket_brand":[1282],"class_list":{"0":"post-138308","1":"product","2":"type-product","3":"status-publish","4":"has-post-thumbnail","6":"product_cat-kampanjatarjous-miehelle","7":"product_cat-miesten-eau-de-toilette","8":"product_cat-myydyimmat","9":"product_cat-kampanjamme","10":"product_tag-davidoff-champion-edt","11":"pa_brand-davidoff","12":"pa_variantti-90ml","13":"berocket_brand-davidoff","15":"first","16":"instock","17":"sale","18":"taxable","19":"shipping-taxable","20":"purchasable","21":"product-type-simple"},"_links":{"self":[{"href":"https:\/\/stylingagenten.com\/fi\/wp-json\/wp\/v2\/product\/138308","targetHints":{"allow":["GET"]}}],"collection":[{"href":"https:\/\/stylingagenten.com\/fi\/wp-json\/wp\/v2\/product"}],"about":[{"href":"https:\/\/stylingagenten.com\/fi\/wp-json\/wp\/v2\/types\/product"}],"replies":[{"embeddable":true,"href":"https:\/\/stylingagenten.com\/fi\/wp-json\/wp\/v2\/comments?post=138308"}],"version-history":[{"count":0,"href":"https:\/\/stylingagenten.com\/fi\/wp-json\/wp\/v2\/product\/138308\/revisions"}],"wp:featuredmedia":[{"embeddable":true,"href":"https:\/\/stylingagenten.com\/fi\/wp-json\/wp\/v2\/media\/138307"}],"wp:attachment":[{"href":"https:\/\/stylingagenten.com\/fi\/wp-json\/wp\/v2\/media?parent=138308"}],"wp:term":[{"taxonomy":"product_brand","embeddable":true,"href":"https:\/\/stylingagenten.com\/fi\/wp-json\/wp\/v2\/product_brand?post=138308"},{"taxonomy":"product_cat","embeddable":true,"href":"https:\/\/stylingagenten.com\/fi\/wp-json\/wp\/v2\/product_cat?post=138308"},{"taxonomy":"product_tag","embeddable":true,"href":"https:\/\/stylingagenten.com\/fi\/wp-json\/wp\/v2\/product_tag?post=138308"},{"taxonomy":"berocket_brand","embeddable":true,"href":"https:\/\/stylingagenten.com\/fi\/wp-json\/wp\/v2\/berocket_brand?post=138308"}],"curies":[{"name":"wp","href":"https:\/\/api.w.org\/{rel}","templated":true}]}}