{"id":138283,"date":"2025-05-18T22:58:30","date_gmt":"2025-05-18T22:58:30","guid":{"rendered":"https:\/\/staging2.stylingagenten.com\/fi\/produkt\/acqua-di-parma-colonia-essenza-edc-100ml\/"},"modified":"2026-03-26T18:47:26","modified_gmt":"2026-03-26T18:47:26","slug":"acqua-di-parma-colonia-essenza-edc-100ml","status":"publish","type":"product","link":"https:\/\/stylingagenten.com\/fi\/tuote\/acqua-di-parma-colonia-essenza-edc-100ml\/","title":{"rendered":"Acqua Di Parma Colonia Essenza Edc 100ml"},"content":{"rendered":"<p>Acqua Di Parma Colonia Essenzassa on raikas sitrushedelmien, greipin ja mandariinin tuoksu. Tuoksussa on my\u00f6s mausteinen ja kukkainen pohjas\u00e4vy. Tuoksu, joka sopii miehelle!<\/p>\n<p><strong>Tuoksutuoksu:<\/strong> sitruuna, appelsiini, bergamotti, petitgrain, vetiveria\u00f6ljy, rosmariini, ruusu, jasmiini, kielo, salvia, neilikka, patsuli, myski, tammisammal ja ambra.<\/p>\n","protected":false},"excerpt":{"rendered":"<p>Acqua Di Parma Colonia Essenzassa on raikas sitrushedelmien, greipin ja mandariinin tuoksu. Tuoksussa on my\u00f6s mausteinen ja kukkainen pohjas\u00e4vy. Tuoksu, joka sopii miehelle! Tuoksutuoksu: sitruuna, appelsiini, bergamotti, petitgrain, vetiveria\u00f6ljy, rosmariini, ruusu, jasmiini, kielo, salvia, neilikka, patsuli, myski, tammisammal ja ambra.<\/p>\n","protected":false},"featured_media":138272,"comment_status":"open","ping_status":"closed","template":"","meta":{"_trash_the_other_posts":false},"product_brand":[],"product_cat":[710,1000,1003,735],"product_tag":[2337],"berocket_brand":[1161],"class_list":{"0":"post-138283","1":"product","2":"type-product","3":"status-publish","4":"has-post-thumbnail","6":"product_cat-eau-de-cologne-miehet","7":"product_cat-kampanjatarjous-miehelle","8":"product_cat-myydyimmat","9":"product_cat-kampanjamme","10":"product_tag-acqua-di-parma-colonia-essenza-edc","11":"pa_brand-acqua-di-parma","12":"pa_variantti-100ml","13":"berocket_brand-acqua-di-parma","15":"first","16":"outofstock","17":"sale","18":"taxable","19":"shipping-taxable","20":"purchasable","21":"product-type-simple"},"_links":{"self":[{"href":"https:\/\/stylingagenten.com\/fi\/wp-json\/wp\/v2\/product\/138283","targetHints":{"allow":["GET"]}}],"collection":[{"href":"https:\/\/stylingagenten.com\/fi\/wp-json\/wp\/v2\/product"}],"about":[{"href":"https:\/\/stylingagenten.com\/fi\/wp-json\/wp\/v2\/types\/product"}],"replies":[{"embeddable":true,"href":"https:\/\/stylingagenten.com\/fi\/wp-json\/wp\/v2\/comments?post=138283"}],"version-history":[{"count":0,"href":"https:\/\/stylingagenten.com\/fi\/wp-json\/wp\/v2\/product\/138283\/revisions"}],"wp:featuredmedia":[{"embeddable":true,"href":"https:\/\/stylingagenten.com\/fi\/wp-json\/wp\/v2\/media\/138272"}],"wp:attachment":[{"href":"https:\/\/stylingagenten.com\/fi\/wp-json\/wp\/v2\/media?parent=138283"}],"wp:term":[{"taxonomy":"product_brand","embeddable":true,"href":"https:\/\/stylingagenten.com\/fi\/wp-json\/wp\/v2\/product_brand?post=138283"},{"taxonomy":"product_cat","embeddable":true,"href":"https:\/\/stylingagenten.com\/fi\/wp-json\/wp\/v2\/product_cat?post=138283"},{"taxonomy":"product_tag","embeddable":true,"href":"https:\/\/stylingagenten.com\/fi\/wp-json\/wp\/v2\/product_tag?post=138283"},{"taxonomy":"berocket_brand","embeddable":true,"href":"https:\/\/stylingagenten.com\/fi\/wp-json\/wp\/v2\/berocket_brand?post=138283"}],"curies":[{"name":"wp","href":"https:\/\/api.w.org\/{rel}","templated":true}]}}