{"id":138214,"date":"2025-05-18T22:58:15","date_gmt":"2025-05-18T22:58:15","guid":{"rendered":"https:\/\/staging2.stylingagenten.com\/fi\/produkt\/hugo-boss-boss-number-one-edt-100ml\/"},"modified":"2026-04-14T19:47:26","modified_gmt":"2026-04-14T19:47:26","slug":"hugo-boss-boss-number-one-edt-100ml","status":"publish","type":"product","link":"https:\/\/stylingagenten.com\/fi\/tuote\/hugo-boss-boss-number-one-edt-100ml\/","title":{"rendered":"Hugo Boss Boss Number One Edt 100ml"},"content":{"rendered":"<p>Hugo Boss Number One on klassinen miesten tuoksu, jossa on voimakas luonne sekoitus mausteita, yrttej\u00e4 ja tupakkaa. T\u00e4m\u00e4 on ensimm\u00e4inen Hugo Bossin tuoksu.<\/p>\n<p><strong>Tuoksutuoksu:<\/strong> tammi, setri, mandariini, tupakka, myski &amp; keltainen.<\/p>\n","protected":false},"excerpt":{"rendered":"<p>Hugo Boss Number One on klassinen miesten tuoksu, jossa on voimakas luonne sekoitus mausteita, yrttej\u00e4 ja tupakkaa. T\u00e4m\u00e4 on ensimm\u00e4inen Hugo Bossin tuoksu. Tuoksutuoksu: tammi, setri, mandariini, tupakka, myski &amp; keltainen.<\/p>\n","protected":false},"featured_media":138206,"comment_status":"open","ping_status":"closed","template":"","meta":{"_trash_the_other_posts":false},"product_brand":[],"product_cat":[889,1006,709,1003],"product_tag":[2976],"berocket_brand":[1339],"class_list":{"0":"post-138214","1":"product","2":"type-product","3":"status-publish","4":"has-post-thumbnail","6":"product_cat-hugo-boss-number-one","7":"product_cat-kampanjahinta","8":"product_cat-miesten-eau-de-toilette","9":"product_cat-myydyimmat","10":"product_tag-hugo-boss-boss-number-one-edt","11":"pa_brand-hugo-boss","12":"pa_variantti-100ml","13":"berocket_brand-hugo-boss","15":"first","16":"instock","17":"sale","18":"taxable","19":"shipping-taxable","20":"purchasable","21":"product-type-simple"},"_links":{"self":[{"href":"https:\/\/stylingagenten.com\/fi\/wp-json\/wp\/v2\/product\/138214","targetHints":{"allow":["GET"]}}],"collection":[{"href":"https:\/\/stylingagenten.com\/fi\/wp-json\/wp\/v2\/product"}],"about":[{"href":"https:\/\/stylingagenten.com\/fi\/wp-json\/wp\/v2\/types\/product"}],"replies":[{"embeddable":true,"href":"https:\/\/stylingagenten.com\/fi\/wp-json\/wp\/v2\/comments?post=138214"}],"version-history":[{"count":0,"href":"https:\/\/stylingagenten.com\/fi\/wp-json\/wp\/v2\/product\/138214\/revisions"}],"wp:featuredmedia":[{"embeddable":true,"href":"https:\/\/stylingagenten.com\/fi\/wp-json\/wp\/v2\/media\/138206"}],"wp:attachment":[{"href":"https:\/\/stylingagenten.com\/fi\/wp-json\/wp\/v2\/media?parent=138214"}],"wp:term":[{"taxonomy":"product_brand","embeddable":true,"href":"https:\/\/stylingagenten.com\/fi\/wp-json\/wp\/v2\/product_brand?post=138214"},{"taxonomy":"product_cat","embeddable":true,"href":"https:\/\/stylingagenten.com\/fi\/wp-json\/wp\/v2\/product_cat?post=138214"},{"taxonomy":"product_tag","embeddable":true,"href":"https:\/\/stylingagenten.com\/fi\/wp-json\/wp\/v2\/product_tag?post=138214"},{"taxonomy":"berocket_brand","embeddable":true,"href":"https:\/\/stylingagenten.com\/fi\/wp-json\/wp\/v2\/berocket_brand?post=138214"}],"curies":[{"name":"wp","href":"https:\/\/api.w.org\/{rel}","templated":true}]}}