{"id":138205,"date":"2025-05-18T22:58:14","date_gmt":"2025-05-18T22:58:14","guid":{"rendered":"https:\/\/staging2.stylingagenten.com\/fi\/produkt\/diesel-only-the-brave-tattoo-edt-35ml\/"},"modified":"2026-04-09T16:08:26","modified_gmt":"2026-04-09T16:08:26","slug":"diesel-only-the-brave-tattoo-edt-35ml","status":"publish","type":"product","link":"https:\/\/stylingagenten.com\/fi\/tuote\/diesel-only-the-brave-tattoo-edt-35ml\/","title":{"rendered":"Diesel Only the Brave Tattoo Edt 35ml"},"content":{"rendered":"<p>Diesel Only The Brave Tattoo Edt on aistillinen tuoksu itsevarmalle miehelle, joka tiet\u00e4\u00e4 mit\u00e4 haluaa.<\/p>\n<p>Yl\u00e4tuoksu: punainen omena ja mandariini<\/p>\n<p>Syd\u00e4ntuoksu: Pippuri ja salvia<\/p>\n<p>Pohjatuoksu: tupakka, bensiini, puiset tuoksut ja patsuli.<\/p>\n","protected":false},"excerpt":{"rendered":"<p>Diesel Only The Brave Tattoo Edt on aistillinen tuoksu itsevarmalle miehelle, joka tiet\u00e4\u00e4 mit\u00e4 haluaa. Yl\u00e4tuoksu: punainen omena ja mandariini Syd\u00e4ntuoksu: Pippuri ja salvia Pohjatuoksu: tupakka, bensiini, puiset tuoksut ja patsuli.<\/p>\n","protected":false},"featured_media":138203,"comment_status":"open","ping_status":"closed","template":"","meta":{"_trash_the_other_posts":false},"product_brand":[],"product_cat":[829,1000,709,735],"product_tag":[2809],"berocket_brand":[1288],"class_list":{"0":"post-138205","1":"product","2":"type-product","3":"status-publish","4":"has-post-thumbnail","6":"product_cat-diesel-only-the-brave","7":"product_cat-kampanjatarjous-miehelle","8":"product_cat-miesten-eau-de-toilette","9":"product_cat-kampanjamme","10":"product_tag-diesel-only-the-brave-tattoo-edt","11":"pa_brand-diesel","12":"pa_variantti-35ml","13":"berocket_brand-diesel","15":"first","16":"instock","17":"sale","18":"taxable","19":"shipping-taxable","20":"purchasable","21":"product-type-simple"},"_links":{"self":[{"href":"https:\/\/stylingagenten.com\/fi\/wp-json\/wp\/v2\/product\/138205","targetHints":{"allow":["GET"]}}],"collection":[{"href":"https:\/\/stylingagenten.com\/fi\/wp-json\/wp\/v2\/product"}],"about":[{"href":"https:\/\/stylingagenten.com\/fi\/wp-json\/wp\/v2\/types\/product"}],"replies":[{"embeddable":true,"href":"https:\/\/stylingagenten.com\/fi\/wp-json\/wp\/v2\/comments?post=138205"}],"version-history":[{"count":0,"href":"https:\/\/stylingagenten.com\/fi\/wp-json\/wp\/v2\/product\/138205\/revisions"}],"wp:featuredmedia":[{"embeddable":true,"href":"https:\/\/stylingagenten.com\/fi\/wp-json\/wp\/v2\/media\/138203"}],"wp:attachment":[{"href":"https:\/\/stylingagenten.com\/fi\/wp-json\/wp\/v2\/media?parent=138205"}],"wp:term":[{"taxonomy":"product_brand","embeddable":true,"href":"https:\/\/stylingagenten.com\/fi\/wp-json\/wp\/v2\/product_brand?post=138205"},{"taxonomy":"product_cat","embeddable":true,"href":"https:\/\/stylingagenten.com\/fi\/wp-json\/wp\/v2\/product_cat?post=138205"},{"taxonomy":"product_tag","embeddable":true,"href":"https:\/\/stylingagenten.com\/fi\/wp-json\/wp\/v2\/product_tag?post=138205"},{"taxonomy":"berocket_brand","embeddable":true,"href":"https:\/\/stylingagenten.com\/fi\/wp-json\/wp\/v2\/berocket_brand?post=138205"}],"curies":[{"name":"wp","href":"https:\/\/api.w.org\/{rel}","templated":true}]}}