{"id":138185,"date":"2025-05-18T22:58:10","date_gmt":"2025-05-18T22:58:10","guid":{"rendered":"https:\/\/staging2.stylingagenten.com\/fi\/produkt\/hollister-festival-vibes-for-him-edt-100ml\/"},"modified":"2026-04-13T07:09:49","modified_gmt":"2026-04-13T07:09:49","slug":"hollister-festival-vibes-for-him-edt-100ml","status":"publish","type":"product","link":"https:\/\/stylingagenten.com\/fi\/tuote\/hollister-festival-vibes-for-him-edt-100ml\/","title":{"rendered":"Hollister Festival Vibes for Him Edt 100ml"},"content":{"rendered":"<p>Hollisterin <\/p>\n<p><strong>Festival Vibes for Him<\/strong> on aromaattinen fougere-tuoksu miehille.<\/p>\n<p>Yl\u00e4tuoksu: Merituoksu, ananas ja koivunlehdet<\/p>\n<p>Syd\u00e4ntuoksu : Puiset tuoksut, vihre\u00e4t tuoksut, inkiv\u00e4\u00e4ri ja laakerinlehdet<\/p>\n<p>Pohjatuoksu: Ambra, tammimo ja tonkapapu.<\/p>\n","protected":false},"excerpt":{"rendered":"<p>Hollisterin Festival Vibes for Him on aromaattinen fougere-tuoksu miehille. Yl\u00e4tuoksu: Merituoksu, ananas ja koivunlehdet Syd\u00e4ntuoksu : Puiset tuoksut, vihre\u00e4t tuoksut, inkiv\u00e4\u00e4ri ja laakerinlehdet Pohjatuoksu: Ambra, tammimo ja tonkapapu.<\/p>\n","protected":false},"featured_media":138183,"comment_status":"open","ping_status":"closed","template":"","meta":{"_trash_the_other_posts":false},"product_brand":[],"product_cat":[1000,709,735],"product_tag":[],"berocket_brand":[1338],"class_list":{"0":"post-138185","1":"product","2":"type-product","3":"status-publish","4":"has-post-thumbnail","6":"product_cat-kampanjatarjous-miehelle","7":"product_cat-miesten-eau-de-toilette","8":"product_cat-kampanjamme","9":"pa_brand-hollister","10":"berocket_brand-hollister","12":"first","13":"instock","14":"sale","15":"taxable","16":"shipping-taxable","17":"purchasable","18":"product-type-simple"},"_links":{"self":[{"href":"https:\/\/stylingagenten.com\/fi\/wp-json\/wp\/v2\/product\/138185","targetHints":{"allow":["GET"]}}],"collection":[{"href":"https:\/\/stylingagenten.com\/fi\/wp-json\/wp\/v2\/product"}],"about":[{"href":"https:\/\/stylingagenten.com\/fi\/wp-json\/wp\/v2\/types\/product"}],"replies":[{"embeddable":true,"href":"https:\/\/stylingagenten.com\/fi\/wp-json\/wp\/v2\/comments?post=138185"}],"version-history":[{"count":0,"href":"https:\/\/stylingagenten.com\/fi\/wp-json\/wp\/v2\/product\/138185\/revisions"}],"wp:featuredmedia":[{"embeddable":true,"href":"https:\/\/stylingagenten.com\/fi\/wp-json\/wp\/v2\/media\/138183"}],"wp:attachment":[{"href":"https:\/\/stylingagenten.com\/fi\/wp-json\/wp\/v2\/media?parent=138185"}],"wp:term":[{"taxonomy":"product_brand","embeddable":true,"href":"https:\/\/stylingagenten.com\/fi\/wp-json\/wp\/v2\/product_brand?post=138185"},{"taxonomy":"product_cat","embeddable":true,"href":"https:\/\/stylingagenten.com\/fi\/wp-json\/wp\/v2\/product_cat?post=138185"},{"taxonomy":"product_tag","embeddable":true,"href":"https:\/\/stylingagenten.com\/fi\/wp-json\/wp\/v2\/product_tag?post=138185"},{"taxonomy":"berocket_brand","embeddable":true,"href":"https:\/\/stylingagenten.com\/fi\/wp-json\/wp\/v2\/berocket_brand?post=138185"}],"curies":[{"name":"wp","href":"https:\/\/api.w.org\/{rel}","templated":true}]}}