{"id":138159,"date":"2025-05-18T22:58:04","date_gmt":"2025-05-18T22:58:04","guid":{"rendered":"https:\/\/staging2.stylingagenten.com\/fi\/produkt\/creed-himalaya-edp-100ml\/"},"modified":"2026-03-26T18:21:59","modified_gmt":"2026-03-26T18:21:59","slug":"creed-himalaya-edp-100ml","status":"publish","type":"product","link":"https:\/\/stylingagenten.com\/fi\/tuote\/creed-himalaya-edp-100ml\/","title":{"rendered":"Creed Himalaya Edp 100ml"},"content":{"rendered":"<p>Creedin <\/p>\n<p><strong>Himalaya<\/strong> on it\u00e4mainen puumainen tuoksu miehille. Himalaya lanseerattiin vuonna 2002.<\/p>\n<p>Yl\u00e4tuoksu: Calabrian bergamotti, greippi ja sisilialainen sitruuna<br \/>Syd\u00e4ntuoksu: santelipuu<br \/>Pohjatuoksu: myski, ambra ja setripuu.<\/p>\n","protected":false},"excerpt":{"rendered":"<p>Creedin Himalaya on it\u00e4mainen puumainen tuoksu miehille. Himalaya lanseerattiin vuonna 2002. Yl\u00e4tuoksu: Calabrian bergamotti, greippi ja sisilialainen sitruunaSyd\u00e4ntuoksu: santelipuuPohjatuoksu: myski, ambra ja setripuu.<\/p>\n","protected":false},"featured_media":138157,"comment_status":"open","ping_status":"closed","template":"","meta":{"_trash_the_other_posts":false},"product_brand":[],"product_cat":[708,1000,735],"product_tag":[2739],"berocket_brand":[1236],"class_list":{"0":"post-138159","1":"product","2":"type-product","3":"status-publish","4":"has-post-thumbnail","6":"product_cat-eau-de-parfum-miesten","7":"product_cat-kampanjatarjous-miehelle","8":"product_cat-kampanjamme","9":"product_tag-creed-himalaya-edp","10":"pa_brand-creed","11":"pa_variantti-100ml","12":"berocket_brand-creed","14":"first","15":"instock","16":"sale","17":"taxable","18":"shipping-taxable","19":"purchasable","20":"product-type-simple"},"_links":{"self":[{"href":"https:\/\/stylingagenten.com\/fi\/wp-json\/wp\/v2\/product\/138159","targetHints":{"allow":["GET"]}}],"collection":[{"href":"https:\/\/stylingagenten.com\/fi\/wp-json\/wp\/v2\/product"}],"about":[{"href":"https:\/\/stylingagenten.com\/fi\/wp-json\/wp\/v2\/types\/product"}],"replies":[{"embeddable":true,"href":"https:\/\/stylingagenten.com\/fi\/wp-json\/wp\/v2\/comments?post=138159"}],"version-history":[{"count":0,"href":"https:\/\/stylingagenten.com\/fi\/wp-json\/wp\/v2\/product\/138159\/revisions"}],"wp:featuredmedia":[{"embeddable":true,"href":"https:\/\/stylingagenten.com\/fi\/wp-json\/wp\/v2\/media\/138157"}],"wp:attachment":[{"href":"https:\/\/stylingagenten.com\/fi\/wp-json\/wp\/v2\/media?parent=138159"}],"wp:term":[{"taxonomy":"product_brand","embeddable":true,"href":"https:\/\/stylingagenten.com\/fi\/wp-json\/wp\/v2\/product_brand?post=138159"},{"taxonomy":"product_cat","embeddable":true,"href":"https:\/\/stylingagenten.com\/fi\/wp-json\/wp\/v2\/product_cat?post=138159"},{"taxonomy":"product_tag","embeddable":true,"href":"https:\/\/stylingagenten.com\/fi\/wp-json\/wp\/v2\/product_tag?post=138159"},{"taxonomy":"berocket_brand","embeddable":true,"href":"https:\/\/stylingagenten.com\/fi\/wp-json\/wp\/v2\/berocket_brand?post=138159"}],"curies":[{"name":"wp","href":"https:\/\/api.w.org\/{rel}","templated":true}]}}