{"id":138129,"date":"2025-05-18T22:57:59","date_gmt":"2025-05-18T22:57:59","guid":{"rendered":"https:\/\/staging2.stylingagenten.com\/fi\/produkt\/cristiano-ronaldo-cr7-play-it-cool-edt-50ml\/"},"modified":"2026-04-13T03:48:37","modified_gmt":"2026-04-13T03:48:37","slug":"cristiano-ronaldo-cr7-play-it-cool-edt-50ml","status":"publish","type":"product","link":"https:\/\/stylingagenten.com\/fi\/tuote\/cristiano-ronaldo-cr7-play-it-cool-edt-50ml\/","title":{"rendered":"Cristiano Ronaldo CR7 Play It Cool Edt 50ml"},"content":{"rendered":"<p>Cristiano Ronaldon CR7 Play It Cool on tuoksu miehille, joilla on rento, itsevarma ja viile\u00e4 el\u00e4m\u00e4ntapa &ndash; aivan kuten Ronaldo itse.<\/p>\n<p>Tuoksutuoksu: mandariini, bergamotti, p\u00e4\u00e4ryn\u00e4, laventeli, kardemumma, vesist\u00f6, meripihka, tonkapapu, myski<\/p>\n","protected":false},"excerpt":{"rendered":"<p>Cristiano Ronaldon CR7 Play It Cool on tuoksu miehille, joilla on rento, itsevarma ja viile\u00e4 el\u00e4m\u00e4ntapa &ndash; aivan kuten Ronaldo itse. Tuoksutuoksu: mandariini, bergamotti, p\u00e4\u00e4ryn\u00e4, laventeli, kardemumma, vesist\u00f6, meripihka, tonkapapu, myski<\/p>\n","protected":false},"featured_media":138124,"comment_status":"open","ping_status":"closed","template":"","meta":{"_trash_the_other_posts":false},"product_brand":[],"product_cat":[814,1000,709,735],"product_tag":[2750],"berocket_brand":[1141],"class_list":{"0":"post-138129","1":"product","2":"type-product","3":"status-publish","4":"has-post-thumbnail","6":"product_cat-cristiano-ronaldo-cr7","7":"product_cat-kampanjatarjous-miehelle","8":"product_cat-miesten-eau-de-toilette","9":"product_cat-kampanjamme","10":"product_tag-cristiano-ronaldo-cr7-play-it-cool-edt","11":"pa_brand-cristiano-ronaldo","12":"pa_variantti-50ml","13":"berocket_brand-cristiano-ronaldo","15":"first","16":"outofstock","17":"sale","18":"taxable","19":"shipping-taxable","20":"purchasable","21":"product-type-simple"},"_links":{"self":[{"href":"https:\/\/stylingagenten.com\/fi\/wp-json\/wp\/v2\/product\/138129","targetHints":{"allow":["GET"]}}],"collection":[{"href":"https:\/\/stylingagenten.com\/fi\/wp-json\/wp\/v2\/product"}],"about":[{"href":"https:\/\/stylingagenten.com\/fi\/wp-json\/wp\/v2\/types\/product"}],"replies":[{"embeddable":true,"href":"https:\/\/stylingagenten.com\/fi\/wp-json\/wp\/v2\/comments?post=138129"}],"version-history":[{"count":0,"href":"https:\/\/stylingagenten.com\/fi\/wp-json\/wp\/v2\/product\/138129\/revisions"}],"wp:featuredmedia":[{"embeddable":true,"href":"https:\/\/stylingagenten.com\/fi\/wp-json\/wp\/v2\/media\/138124"}],"wp:attachment":[{"href":"https:\/\/stylingagenten.com\/fi\/wp-json\/wp\/v2\/media?parent=138129"}],"wp:term":[{"taxonomy":"product_brand","embeddable":true,"href":"https:\/\/stylingagenten.com\/fi\/wp-json\/wp\/v2\/product_brand?post=138129"},{"taxonomy":"product_cat","embeddable":true,"href":"https:\/\/stylingagenten.com\/fi\/wp-json\/wp\/v2\/product_cat?post=138129"},{"taxonomy":"product_tag","embeddable":true,"href":"https:\/\/stylingagenten.com\/fi\/wp-json\/wp\/v2\/product_tag?post=138129"},{"taxonomy":"berocket_brand","embeddable":true,"href":"https:\/\/stylingagenten.com\/fi\/wp-json\/wp\/v2\/berocket_brand?post=138129"}],"curies":[{"name":"wp","href":"https:\/\/api.w.org\/{rel}","templated":true}]}}