{"id":138115,"date":"2025-05-18T22:57:57","date_gmt":"2025-05-18T22:57:57","guid":{"rendered":"https:\/\/staging2.stylingagenten.com\/fi\/produkt\/cristiano-ronaldo-cr7-play-it-cool-edt-30ml\/"},"modified":"2026-04-13T09:17:26","modified_gmt":"2026-04-13T09:17:26","slug":"cristiano-ronaldo-cr7-play-it-cool-edt-30ml","status":"publish","type":"product","link":"https:\/\/stylingagenten.com\/fi\/tuote\/cristiano-ronaldo-cr7-play-it-cool-edt-30ml\/","title":{"rendered":"Cristiano Ronaldo CR7 Play It Cool Edt 30ml"},"content":{"rendered":"<p>Cristiano Ronaldon CR7 Play It Cool on tuoksu miehille, joilla on rento, itsevarma ja viile\u00e4 el\u00e4m\u00e4ntapa &ndash; aivan kuten Ronaldo itse.<\/p>\n<p>Tuoksutuoksu: mandariini, bergamotti, p\u00e4\u00e4ryn\u00e4, laventeli, kardemumma, vesist\u00f6, meripihka, tonkapapu, myski<\/p>\n","protected":false},"excerpt":{"rendered":"<p>Cristiano Ronaldon CR7 Play It Cool on tuoksu miehille, joilla on rento, itsevarma ja viile\u00e4 el\u00e4m\u00e4ntapa &ndash; aivan kuten Ronaldo itse. Tuoksutuoksu: mandariini, bergamotti, p\u00e4\u00e4ryn\u00e4, laventeli, kardemumma, vesist\u00f6, meripihka, tonkapapu, myski<\/p>\n","protected":false},"featured_media":138107,"comment_status":"open","ping_status":"closed","template":"","meta":{"_trash_the_other_posts":false},"product_brand":[],"product_cat":[814,709],"product_tag":[2750],"berocket_brand":[1141],"class_list":{"0":"post-138115","1":"product","2":"type-product","3":"status-publish","4":"has-post-thumbnail","6":"product_cat-cristiano-ronaldo-cr7","7":"product_cat-miesten-eau-de-toilette","8":"product_tag-cristiano-ronaldo-cr7-play-it-cool-edt","9":"pa_brand-cristiano-ronaldo","10":"pa_variantti-30ml","11":"berocket_brand-cristiano-ronaldo","13":"first","14":"instock","15":"sale","16":"taxable","17":"shipping-taxable","18":"purchasable","19":"product-type-simple"},"_links":{"self":[{"href":"https:\/\/stylingagenten.com\/fi\/wp-json\/wp\/v2\/product\/138115","targetHints":{"allow":["GET"]}}],"collection":[{"href":"https:\/\/stylingagenten.com\/fi\/wp-json\/wp\/v2\/product"}],"about":[{"href":"https:\/\/stylingagenten.com\/fi\/wp-json\/wp\/v2\/types\/product"}],"replies":[{"embeddable":true,"href":"https:\/\/stylingagenten.com\/fi\/wp-json\/wp\/v2\/comments?post=138115"}],"version-history":[{"count":0,"href":"https:\/\/stylingagenten.com\/fi\/wp-json\/wp\/v2\/product\/138115\/revisions"}],"wp:featuredmedia":[{"embeddable":true,"href":"https:\/\/stylingagenten.com\/fi\/wp-json\/wp\/v2\/media\/138107"}],"wp:attachment":[{"href":"https:\/\/stylingagenten.com\/fi\/wp-json\/wp\/v2\/media?parent=138115"}],"wp:term":[{"taxonomy":"product_brand","embeddable":true,"href":"https:\/\/stylingagenten.com\/fi\/wp-json\/wp\/v2\/product_brand?post=138115"},{"taxonomy":"product_cat","embeddable":true,"href":"https:\/\/stylingagenten.com\/fi\/wp-json\/wp\/v2\/product_cat?post=138115"},{"taxonomy":"product_tag","embeddable":true,"href":"https:\/\/stylingagenten.com\/fi\/wp-json\/wp\/v2\/product_tag?post=138115"},{"taxonomy":"berocket_brand","embeddable":true,"href":"https:\/\/stylingagenten.com\/fi\/wp-json\/wp\/v2\/berocket_brand?post=138115"}],"curies":[{"name":"wp","href":"https:\/\/api.w.org\/{rel}","templated":true}]}}