{"id":138106,"date":"2025-05-18T22:57:55","date_gmt":"2025-05-18T22:57:55","guid":{"rendered":"https:\/\/staging2.stylingagenten.com\/fi\/produkt\/hugo-boss-hugo-reversed-edt-75ml\/"},"modified":"2026-04-13T23:18:36","modified_gmt":"2026-04-13T23:18:36","slug":"hugo-boss-hugo-reversed-edt-75ml","status":"publish","type":"product","link":"https:\/\/stylingagenten.com\/fi\/tuote\/hugo-boss-hugo-reversed-edt-75ml\/","title":{"rendered":"Hugo Boss Hugo Reversed Edt 75ml"},"content":{"rendered":"<p>Hugo Bossin <\/p>\n<p><strong>Hugo Reversed<\/strong> on puinen aromaattinen tuoksu miehille. Sitrushedelm\u00e4t antavat energiaa, ja toisin kuin vetiveria ja rosmariini, j\u00e4nnitt\u00e4v\u00e4 yhdistelm\u00e4 luodaan miehelle, joka uskaltaa haastaa.<\/p>\n<p>Yl\u00e4tuoksu: Calabrian bergamotti ja greippi<br \/>Syd\u00e4ntuoksu: Rosmariini<br \/> br &gt;Pohjahuomautus: Haitin vetiveria.<\/p>\n","protected":false},"excerpt":{"rendered":"<p>Hugo Bossin Hugo Reversed on puinen aromaattinen tuoksu miehille. Sitrushedelm\u00e4t antavat energiaa, ja toisin kuin vetiveria ja rosmariini, j\u00e4nnitt\u00e4v\u00e4 yhdistelm\u00e4 luodaan miehelle, joka uskaltaa haastaa. Yl\u00e4tuoksu: Calabrian bergamotti ja greippiSyd\u00e4ntuoksu: Rosmariini br &gt;Pohjahuomautus: Haitin vetiveria.<\/p>\n","protected":false},"featured_media":138104,"comment_status":"open","ping_status":"closed","template":"","meta":{"_trash_the_other_posts":false},"product_brand":[],"product_cat":[755,1006,1000,709,735],"product_tag":[2989],"berocket_brand":[1339],"class_list":{"0":"post-138106","1":"product","2":"type-product","3":"status-publish","4":"has-post-thumbnail","6":"product_cat-hugo-boss-hugo-man","7":"product_cat-kampanjahinta","8":"product_cat-kampanjatarjous-miehelle","9":"product_cat-miesten-eau-de-toilette","10":"product_cat-kampanjamme","11":"product_tag-hugo-boss-hugo-reversed-edt","12":"pa_brand-hugo-boss","13":"pa_variantti-75ml","14":"berocket_brand-hugo-boss","16":"first","17":"instock","18":"sale","19":"taxable","20":"shipping-taxable","21":"purchasable","22":"product-type-simple"},"_links":{"self":[{"href":"https:\/\/stylingagenten.com\/fi\/wp-json\/wp\/v2\/product\/138106","targetHints":{"allow":["GET"]}}],"collection":[{"href":"https:\/\/stylingagenten.com\/fi\/wp-json\/wp\/v2\/product"}],"about":[{"href":"https:\/\/stylingagenten.com\/fi\/wp-json\/wp\/v2\/types\/product"}],"replies":[{"embeddable":true,"href":"https:\/\/stylingagenten.com\/fi\/wp-json\/wp\/v2\/comments?post=138106"}],"version-history":[{"count":0,"href":"https:\/\/stylingagenten.com\/fi\/wp-json\/wp\/v2\/product\/138106\/revisions"}],"wp:featuredmedia":[{"embeddable":true,"href":"https:\/\/stylingagenten.com\/fi\/wp-json\/wp\/v2\/media\/138104"}],"wp:attachment":[{"href":"https:\/\/stylingagenten.com\/fi\/wp-json\/wp\/v2\/media?parent=138106"}],"wp:term":[{"taxonomy":"product_brand","embeddable":true,"href":"https:\/\/stylingagenten.com\/fi\/wp-json\/wp\/v2\/product_brand?post=138106"},{"taxonomy":"product_cat","embeddable":true,"href":"https:\/\/stylingagenten.com\/fi\/wp-json\/wp\/v2\/product_cat?post=138106"},{"taxonomy":"product_tag","embeddable":true,"href":"https:\/\/stylingagenten.com\/fi\/wp-json\/wp\/v2\/product_tag?post=138106"},{"taxonomy":"berocket_brand","embeddable":true,"href":"https:\/\/stylingagenten.com\/fi\/wp-json\/wp\/v2\/berocket_brand?post=138106"}],"curies":[{"name":"wp","href":"https:\/\/api.w.org\/{rel}","templated":true}]}}