{"id":137976,"date":"2025-05-18T22:57:31","date_gmt":"2025-05-18T22:57:31","guid":{"rendered":"https:\/\/staging2.stylingagenten.com\/fi\/produkt\/paco-rabanne-black-xs-for-him-edt-100ml\/"},"modified":"2026-03-11T22:04:31","modified_gmt":"2026-03-11T22:04:31","slug":"paco-rabanne-black-xs-for-him-edt-100ml","status":"publish","type":"product","link":"https:\/\/stylingagenten.com\/fi\/tuote\/paco-rabanne-black-xs-for-him-edt-100ml\/","title":{"rendered":"Paco Rabanne Black XS For Him Edt 100ml"},"content":{"rendered":"<p>Paco Rabanne Black XS on tuoksu uuden sukupolven miehille. Rohkea ja provosoiva tuoksu koville miehille, joilla on lempe\u00e4 syd\u00e4n. T\u00e4ss\u00e4 hajuvedess\u00e4 on puinen, viriili ja voimakas tuoksu.<\/p>\n<p><strong>Tuoksutuoksu:&nbsp;<\/strong>kalabria, sitruuna, salvia, paahdetut mantelit, kardemumma, eebenpuu; &amp; musta keltainen.<\/p>\n","protected":false},"excerpt":{"rendered":"<p>Paco Rabanne Black XS on tuoksu uuden sukupolven miehille. Rohkea ja provosoiva tuoksu koville miehille, joilla on lempe\u00e4 syd\u00e4n. T\u00e4ss\u00e4 hajuvedess\u00e4 on puinen, viriili ja voimakas tuoksu. Tuoksutuoksu:&nbsp;kalabria, sitruuna, salvia, paahdetut mantelit, kardemumma, eebenpuu; &amp; musta keltainen.<\/p>\n","protected":false},"featured_media":137971,"comment_status":"open","ping_status":"closed","template":"","meta":{"_trash_the_other_posts":false},"product_brand":[],"product_cat":[1000,709,1003,977,735],"product_tag":[3737],"berocket_brand":[1048],"class_list":{"0":"post-137976","1":"product","2":"type-product","3":"status-publish","4":"has-post-thumbnail","6":"product_cat-kampanjatarjous-miehelle","7":"product_cat-miesten-eau-de-toilette","8":"product_cat-myydyimmat","9":"product_cat-paul-smith-extreme-for-men","10":"product_cat-kampanjamme","11":"product_tag-paco-rabanne-black-xs-for-him-edt","12":"pa_brand-paco-rabanne","13":"pa_variantti-100ml","14":"berocket_brand-paco-rabanne","16":"first","17":"instock","18":"sale","19":"taxable","20":"shipping-taxable","21":"purchasable","22":"product-type-simple"},"_links":{"self":[{"href":"https:\/\/stylingagenten.com\/fi\/wp-json\/wp\/v2\/product\/137976","targetHints":{"allow":["GET"]}}],"collection":[{"href":"https:\/\/stylingagenten.com\/fi\/wp-json\/wp\/v2\/product"}],"about":[{"href":"https:\/\/stylingagenten.com\/fi\/wp-json\/wp\/v2\/types\/product"}],"replies":[{"embeddable":true,"href":"https:\/\/stylingagenten.com\/fi\/wp-json\/wp\/v2\/comments?post=137976"}],"version-history":[{"count":0,"href":"https:\/\/stylingagenten.com\/fi\/wp-json\/wp\/v2\/product\/137976\/revisions"}],"wp:featuredmedia":[{"embeddable":true,"href":"https:\/\/stylingagenten.com\/fi\/wp-json\/wp\/v2\/media\/137971"}],"wp:attachment":[{"href":"https:\/\/stylingagenten.com\/fi\/wp-json\/wp\/v2\/media?parent=137976"}],"wp:term":[{"taxonomy":"product_brand","embeddable":true,"href":"https:\/\/stylingagenten.com\/fi\/wp-json\/wp\/v2\/product_brand?post=137976"},{"taxonomy":"product_cat","embeddable":true,"href":"https:\/\/stylingagenten.com\/fi\/wp-json\/wp\/v2\/product_cat?post=137976"},{"taxonomy":"product_tag","embeddable":true,"href":"https:\/\/stylingagenten.com\/fi\/wp-json\/wp\/v2\/product_tag?post=137976"},{"taxonomy":"berocket_brand","embeddable":true,"href":"https:\/\/stylingagenten.com\/fi\/wp-json\/wp\/v2\/berocket_brand?post=137976"}],"curies":[{"name":"wp","href":"https:\/\/api.w.org\/{rel}","templated":true}]}}