{"id":137927,"date":"2025-05-18T22:57:22","date_gmt":"2025-05-18T22:57:22","guid":{"rendered":"https:\/\/staging2.stylingagenten.com\/fi\/produkt\/tommy-hilfiger-impact-edt-50ml\/"},"modified":"2025-11-19T12:05:39","modified_gmt":"2025-11-19T12:05:40","slug":"tommy-hilfiger-impact-edt-50ml","status":"publish","type":"product","link":"https:\/\/stylingagenten.com\/fi\/tuote\/tommy-hilfiger-impact-edt-50ml\/","title":{"rendered":"Tommy Hilfiger Impact Edt 50ml"},"content":{"rendered":"<p><strong>Impact&nbsp;<\/strong> by&nbsp;Tommy Hilfiger&nbsp;on aromaattinen hedelm\u00e4inen tuoksu miehille. Rohkea ja dynaaminen Tommy Hilfiger IMPACT rohkaisee haastamaan arjen status quon. On aika l\u00f6yt\u00e4\u00e4 oma tapasi. On aika l\u00f6yt\u00e4\u00e4 oma VAIKUTUS.<\/p>\n<p>Yl\u00e4tuoksu: Punainen omena, mehukas greippi, katkera appelsiini, bergamotti ja vaaleanpunainen pippuri<br \/>Syd\u00e4ntuoksu: Elemi, persikka sypressi, salvia ja labdanum<br \/>Perustuoksu tuoksut: Setripuu, meripihka, myski, kermainen santelipuu; ja Akigaltr&auml;<\/p>\n","protected":false},"excerpt":{"rendered":"<p>Impact&nbsp; by&nbsp;Tommy Hilfiger&nbsp;on aromaattinen hedelm\u00e4inen tuoksu miehille. Rohkea ja dynaaminen Tommy Hilfiger IMPACT rohkaisee haastamaan arjen status quon. On aika l\u00f6yt\u00e4\u00e4 oma tapasi. On aika l\u00f6yt\u00e4\u00e4 oma VAIKUTUS. Yl\u00e4tuoksu: Punainen omena, mehukas greippi, katkera appelsiini, bergamotti ja vaaleanpunainen pippuriSyd\u00e4ntuoksu: Elemi, persikka sypressi, salvia ja labdanumPerustuoksu tuoksut: Setripuu, meripihka, myski, kermainen santelipuu; ja Akigaltr&auml;<\/p>\n","protected":false},"featured_media":137926,"comment_status":"open","ping_status":"closed","template":"","meta":{"_trash_the_other_posts":false},"product_brand":[],"product_cat":[709],"product_tag":[],"berocket_brand":[2034],"class_list":{"0":"post-137927","1":"product","2":"type-product","3":"status-publish","4":"has-post-thumbnail","6":"product_cat-miesten-eau-de-toilette","7":"pa_brand-tommy-hilfinger","8":"berocket_brand-tommy-hilfinger","10":"first","11":"outofstock","12":"sale","13":"taxable","14":"shipping-taxable","15":"purchasable","16":"product-type-simple"},"_links":{"self":[{"href":"https:\/\/stylingagenten.com\/fi\/wp-json\/wp\/v2\/product\/137927","targetHints":{"allow":["GET"]}}],"collection":[{"href":"https:\/\/stylingagenten.com\/fi\/wp-json\/wp\/v2\/product"}],"about":[{"href":"https:\/\/stylingagenten.com\/fi\/wp-json\/wp\/v2\/types\/product"}],"replies":[{"embeddable":true,"href":"https:\/\/stylingagenten.com\/fi\/wp-json\/wp\/v2\/comments?post=137927"}],"version-history":[{"count":0,"href":"https:\/\/stylingagenten.com\/fi\/wp-json\/wp\/v2\/product\/137927\/revisions"}],"wp:featuredmedia":[{"embeddable":true,"href":"https:\/\/stylingagenten.com\/fi\/wp-json\/wp\/v2\/media\/137926"}],"wp:attachment":[{"href":"https:\/\/stylingagenten.com\/fi\/wp-json\/wp\/v2\/media?parent=137927"}],"wp:term":[{"taxonomy":"product_brand","embeddable":true,"href":"https:\/\/stylingagenten.com\/fi\/wp-json\/wp\/v2\/product_brand?post=137927"},{"taxonomy":"product_cat","embeddable":true,"href":"https:\/\/stylingagenten.com\/fi\/wp-json\/wp\/v2\/product_cat?post=137927"},{"taxonomy":"product_tag","embeddable":true,"href":"https:\/\/stylingagenten.com\/fi\/wp-json\/wp\/v2\/product_tag?post=137927"},{"taxonomy":"berocket_brand","embeddable":true,"href":"https:\/\/stylingagenten.com\/fi\/wp-json\/wp\/v2\/berocket_brand?post=137927"}],"curies":[{"name":"wp","href":"https:\/\/api.w.org\/{rel}","templated":true}]}}