{"id":137769,"date":"2025-05-18T22:56:49","date_gmt":"2025-05-18T22:56:49","guid":{"rendered":"https:\/\/staging2.stylingagenten.com\/fi\/produkt\/dior-homme-intense-edp-50ml\/"},"modified":"2026-03-11T22:05:04","modified_gmt":"2026-03-11T22:05:04","slug":"dior-homme-intense-edp-50ml","status":"publish","type":"product","link":"https:\/\/stylingagenten.com\/fi\/tuote\/dior-homme-intense-edp-50ml\/","title":{"rendered":"Dior Homme Intense Edp 50ml"},"content":{"rendered":"<p>Dior Homme Intense Edp 50 ml &auml;on eritt\u00e4in intensiivinen, mutta my\u00f6s&auml; Hienostunut ja sensuelli rajoitetun er\u00e4n tuoksu iltapukeutumiseen.<\/p>\n<p data-empty=\"true\">Tuoksutuoksu: iiris, myski, hibiscus, setripuu, vetiveria\u00f6ljy ja puu.<\/p>\n","protected":false},"excerpt":{"rendered":"<p>Dior Homme Intense Edp 50 ml &auml;on eritt\u00e4in intensiivinen, mutta my\u00f6s&auml; Hienostunut ja sensuelli rajoitetun er\u00e4n tuoksu iltapukeutumiseen. Tuoksutuoksu: iiris, myski, hibiscus, setripuu, vetiveria\u00f6ljy ja puu.<\/p>\n","protected":false},"featured_media":441282,"comment_status":"open","ping_status":"closed","template":"","meta":{"_trash_the_other_posts":false},"product_brand":[],"product_cat":[708,1000,735],"product_tag":[2814],"berocket_brand":[1289],"class_list":{"0":"post-137769","1":"product","2":"type-product","3":"status-publish","4":"has-post-thumbnail","6":"product_cat-eau-de-parfum-miesten","7":"product_cat-kampanjatarjous-miehelle","8":"product_cat-kampanjamme","9":"product_tag-dior-homme-intense-edp","10":"pa_brand-dior","11":"pa_variantti-50ml","12":"berocket_brand-dior","14":"first","15":"instock","16":"sale","17":"taxable","18":"shipping-taxable","19":"purchasable","20":"product-type-simple"},"_links":{"self":[{"href":"https:\/\/stylingagenten.com\/fi\/wp-json\/wp\/v2\/product\/137769","targetHints":{"allow":["GET"]}}],"collection":[{"href":"https:\/\/stylingagenten.com\/fi\/wp-json\/wp\/v2\/product"}],"about":[{"href":"https:\/\/stylingagenten.com\/fi\/wp-json\/wp\/v2\/types\/product"}],"replies":[{"embeddable":true,"href":"https:\/\/stylingagenten.com\/fi\/wp-json\/wp\/v2\/comments?post=137769"}],"version-history":[{"count":0,"href":"https:\/\/stylingagenten.com\/fi\/wp-json\/wp\/v2\/product\/137769\/revisions"}],"wp:featuredmedia":[{"embeddable":true,"href":"https:\/\/stylingagenten.com\/fi\/wp-json\/wp\/v2\/media\/441282"}],"wp:attachment":[{"href":"https:\/\/stylingagenten.com\/fi\/wp-json\/wp\/v2\/media?parent=137769"}],"wp:term":[{"taxonomy":"product_brand","embeddable":true,"href":"https:\/\/stylingagenten.com\/fi\/wp-json\/wp\/v2\/product_brand?post=137769"},{"taxonomy":"product_cat","embeddable":true,"href":"https:\/\/stylingagenten.com\/fi\/wp-json\/wp\/v2\/product_cat?post=137769"},{"taxonomy":"product_tag","embeddable":true,"href":"https:\/\/stylingagenten.com\/fi\/wp-json\/wp\/v2\/product_tag?post=137769"},{"taxonomy":"berocket_brand","embeddable":true,"href":"https:\/\/stylingagenten.com\/fi\/wp-json\/wp\/v2\/berocket_brand?post=137769"}],"curies":[{"name":"wp","href":"https:\/\/api.w.org\/{rel}","templated":true}]}}