{"id":137693,"date":"2025-05-18T22:56:34","date_gmt":"2025-05-18T22:56:34","guid":{"rendered":"https:\/\/staging2.stylingagenten.com\/fi\/produkt\/abercrombie-fitch-first-instinct-extreme-edp-100ml\/"},"modified":"2026-04-03T19:48:27","modified_gmt":"2026-04-03T19:48:27","slug":"abercrombie-fitch-first-instinct-extreme-edp-100ml","status":"publish","type":"product","link":"https:\/\/stylingagenten.com\/fi\/tuote\/abercrombie-fitch-first-instinct-extreme-edp-100ml\/","title":{"rendered":"Abercrombie &amp; Fitch First Instinct Extreme Edp 100ml"},"content":{"rendered":"<p>First Instinct Extreme, Abercrombie &amp; Fitch on syvempi ja intensiivisempi versio alkuper\u00e4isest\u00e4 First Instinct -tuoksusta.<\/p>\n<p>Yl\u00e4tuoksu: Carambola (t\u00e4htihedelm\u00e4), pippuri ja mandariininlehti<br \/>Syd\u00e4ntuoksu: Violettilehti, Sichuan-pippuri, kardemumma ja sahrami<br \/> br&gt; Pohjatuoksu: myski, meripihka, mokka, kookosmaito ja kashmirpuu.<\/p>\n","protected":false},"excerpt":{"rendered":"<p>First Instinct Extreme, Abercrombie &amp; Fitch on syvempi ja intensiivisempi versio alkuper\u00e4isest\u00e4 First Instinct -tuoksusta. Yl\u00e4tuoksu: Carambola (t\u00e4htihedelm\u00e4), pippuri ja mandariininlehtiSyd\u00e4ntuoksu: Violettilehti, Sichuan-pippuri, kardemumma ja sahrami br&gt; Pohjatuoksu: myski, meripihka, mokka, kookosmaito ja kashmirpuu.<\/p>\n","protected":false},"featured_media":137687,"comment_status":"open","ping_status":"closed","template":"","meta":{"_trash_the_other_posts":false},"product_brand":[],"product_cat":[708,1000,735],"product_tag":[],"berocket_brand":[1278],"class_list":{"0":"post-137693","1":"product","2":"type-product","3":"status-publish","4":"has-post-thumbnail","6":"product_cat-eau-de-parfum-miesten","7":"product_cat-kampanjatarjous-miehelle","8":"product_cat-kampanjamme","9":"pa_brand-abercrombie-fitch","10":"berocket_brand-abercrombie-fitch","12":"first","13":"instock","14":"sale","15":"taxable","16":"shipping-taxable","17":"purchasable","18":"product-type-simple"},"_links":{"self":[{"href":"https:\/\/stylingagenten.com\/fi\/wp-json\/wp\/v2\/product\/137693","targetHints":{"allow":["GET"]}}],"collection":[{"href":"https:\/\/stylingagenten.com\/fi\/wp-json\/wp\/v2\/product"}],"about":[{"href":"https:\/\/stylingagenten.com\/fi\/wp-json\/wp\/v2\/types\/product"}],"replies":[{"embeddable":true,"href":"https:\/\/stylingagenten.com\/fi\/wp-json\/wp\/v2\/comments?post=137693"}],"version-history":[{"count":0,"href":"https:\/\/stylingagenten.com\/fi\/wp-json\/wp\/v2\/product\/137693\/revisions"}],"wp:featuredmedia":[{"embeddable":true,"href":"https:\/\/stylingagenten.com\/fi\/wp-json\/wp\/v2\/media\/137687"}],"wp:attachment":[{"href":"https:\/\/stylingagenten.com\/fi\/wp-json\/wp\/v2\/media?parent=137693"}],"wp:term":[{"taxonomy":"product_brand","embeddable":true,"href":"https:\/\/stylingagenten.com\/fi\/wp-json\/wp\/v2\/product_brand?post=137693"},{"taxonomy":"product_cat","embeddable":true,"href":"https:\/\/stylingagenten.com\/fi\/wp-json\/wp\/v2\/product_cat?post=137693"},{"taxonomy":"product_tag","embeddable":true,"href":"https:\/\/stylingagenten.com\/fi\/wp-json\/wp\/v2\/product_tag?post=137693"},{"taxonomy":"berocket_brand","embeddable":true,"href":"https:\/\/stylingagenten.com\/fi\/wp-json\/wp\/v2\/berocket_brand?post=137693"}],"curies":[{"name":"wp","href":"https:\/\/api.w.org\/{rel}","templated":true}]}}