{"id":137691,"date":"2025-05-18T22:56:34","date_gmt":"2025-05-18T22:56:34","guid":{"rendered":"https:\/\/staging2.stylingagenten.com\/fi\/produkt\/hollister-festival-nite-for-him-edt-100ml\/"},"modified":"2026-04-11T09:38:41","modified_gmt":"2026-04-11T09:38:41","slug":"hollister-festival-nite-for-him-edt-100ml","status":"publish","type":"product","link":"https:\/\/stylingagenten.com\/fi\/tuote\/hollister-festival-nite-for-him-edt-100ml\/","title":{"rendered":"Hollister Festival Nite For Him Edt 100ml"},"content":{"rendered":"<p>Hollister Festival Nite esittelee s\u00e4hk\u00f6isi\u00e4 tuoksuja h\u00e4nelle &amp; h\u00e4nen. Kun aurinko laskee, energia nousee. Vilkas festivaaliilta musiikin ja neonvalojen kera saa yleis\u00f6n leijumaan euforisessa tunnelmassa. Maaginen tuoksupari, josta tulee yht\u00e4 kes\u00e4y\u00f6n kanssa, ilon ja l\u00e4mm\u00f6n tuoksu. Festival Nite for HIM, &ouml; alkaa terveill\u00e4 ja runsailla nuoteilla. Syd\u00e4n on hieman mausteinen henkisill\u00e4 sointuilla, joita ymp\u00e4r\u00f6i l\u00e4mmin ja aistillinen pohja.<\/p>\n<p>Alkutuoksu: mandariinilehti, vihre\u00e4 omena, bergamotti.<br \/>Syd\u00e4ntuoksu: inkiv\u00e4\u00e4ri; ra, timutpippuri, ambroksaani. <br \/>Pohjatuoksu: tonkapapu, myski, santelipuu.<\/p>\n","protected":false},"excerpt":{"rendered":"<p>Hollister Festival Nite esittelee s\u00e4hk\u00f6isi\u00e4 tuoksuja h\u00e4nelle &amp; h\u00e4nen. Kun aurinko laskee, energia nousee. Vilkas festivaaliilta musiikin ja neonvalojen kera saa yleis\u00f6n leijumaan euforisessa tunnelmassa. Maaginen tuoksupari, josta tulee yht\u00e4 kes\u00e4y\u00f6n kanssa, ilon ja l\u00e4mm\u00f6n tuoksu. Festival Nite for HIM, &ouml; alkaa terveill\u00e4 ja runsailla nuoteilla. Syd\u00e4n on hieman mausteinen henkisill\u00e4 sointuilla, joita ymp\u00e4r\u00f6i l\u00e4mmin [&hellip;]<\/p>\n","protected":false},"featured_media":137689,"comment_status":"open","ping_status":"closed","template":"","meta":{"_trash_the_other_posts":false},"product_brand":[],"product_cat":[1000,709,735],"product_tag":[],"berocket_brand":[1338],"class_list":{"0":"post-137691","1":"product","2":"type-product","3":"status-publish","4":"has-post-thumbnail","6":"product_cat-kampanjatarjous-miehelle","7":"product_cat-miesten-eau-de-toilette","8":"product_cat-kampanjamme","9":"pa_brand-hollister","10":"berocket_brand-hollister","12":"first","13":"instock","14":"sale","15":"taxable","16":"shipping-taxable","17":"purchasable","18":"product-type-simple"},"_links":{"self":[{"href":"https:\/\/stylingagenten.com\/fi\/wp-json\/wp\/v2\/product\/137691","targetHints":{"allow":["GET"]}}],"collection":[{"href":"https:\/\/stylingagenten.com\/fi\/wp-json\/wp\/v2\/product"}],"about":[{"href":"https:\/\/stylingagenten.com\/fi\/wp-json\/wp\/v2\/types\/product"}],"replies":[{"embeddable":true,"href":"https:\/\/stylingagenten.com\/fi\/wp-json\/wp\/v2\/comments?post=137691"}],"version-history":[{"count":0,"href":"https:\/\/stylingagenten.com\/fi\/wp-json\/wp\/v2\/product\/137691\/revisions"}],"wp:featuredmedia":[{"embeddable":true,"href":"https:\/\/stylingagenten.com\/fi\/wp-json\/wp\/v2\/media\/137689"}],"wp:attachment":[{"href":"https:\/\/stylingagenten.com\/fi\/wp-json\/wp\/v2\/media?parent=137691"}],"wp:term":[{"taxonomy":"product_brand","embeddable":true,"href":"https:\/\/stylingagenten.com\/fi\/wp-json\/wp\/v2\/product_brand?post=137691"},{"taxonomy":"product_cat","embeddable":true,"href":"https:\/\/stylingagenten.com\/fi\/wp-json\/wp\/v2\/product_cat?post=137691"},{"taxonomy":"product_tag","embeddable":true,"href":"https:\/\/stylingagenten.com\/fi\/wp-json\/wp\/v2\/product_tag?post=137691"},{"taxonomy":"berocket_brand","embeddable":true,"href":"https:\/\/stylingagenten.com\/fi\/wp-json\/wp\/v2\/berocket_brand?post=137691"}],"curies":[{"name":"wp","href":"https:\/\/api.w.org\/{rel}","templated":true}]}}