{"id":137674,"date":"2025-05-18T22:56:30","date_gmt":"2025-05-18T22:56:30","guid":{"rendered":"https:\/\/staging2.stylingagenten.com\/fi\/produkt\/viktor-rolf-spicebomb-edt-50ml\/"},"modified":"2025-11-19T10:59:52","modified_gmt":"2025-11-19T10:59:52","slug":"viktor-rolf-spicebomb-edt-50ml","status":"publish","type":"product","link":"https:\/\/stylingagenten.com\/fi\/tuote\/viktor-rolf-spicebomb-edt-50ml\/","title":{"rendered":"Viktor &amp; Rolf Spicebomb Edt 50ml"},"content":{"rendered":"<p>Viktor &amp; Rolf Spicebomb on r\u00e4j\u00e4ht\u00e4v\u00e4 maskuliinisuuden cocktail, joka muuttaa sinusta vahvan, aktiivisen, aistillisen ja rohkean miehen. Miehille tarkoitettu hajuvesi, joka on maskuliininen, hienostunut, koukuttava ja voimakas.<\/p>\n<p><strong>Tuoksutuoksu:<\/strong> ruusupippuri, greippi, bergamotti, kaneli, sahrami, maustepippuri, juomat, tupakka &amp; ; vetiver.<\/p>\n","protected":false},"excerpt":{"rendered":"<p>Viktor &amp; Rolf Spicebomb on r\u00e4j\u00e4ht\u00e4v\u00e4 maskuliinisuuden cocktail, joka muuttaa sinusta vahvan, aktiivisen, aistillisen ja rohkean miehen. Miehille tarkoitettu hajuvesi, joka on maskuliininen, hienostunut, koukuttava ja voimakas. Tuoksutuoksu: ruusupippuri, greippi, bergamotti, kaneli, sahrami, maustepippuri, juomat, tupakka &amp; ; vetiver.<\/p>\n","protected":false},"featured_media":137673,"comment_status":"open","ping_status":"closed","template":"","meta":{"_trash_the_other_posts":false},"product_brand":[],"product_cat":[709],"product_tag":[],"berocket_brand":[1997],"class_list":{"0":"post-137674","1":"product","2":"type-product","3":"status-publish","4":"has-post-thumbnail","6":"product_cat-miesten-eau-de-toilette","7":"pa_brand-viktorrolf","8":"berocket_brand-viktoramp","10":"first","11":"outofstock","12":"sale","13":"taxable","14":"shipping-taxable","15":"purchasable","16":"product-type-simple"},"_links":{"self":[{"href":"https:\/\/stylingagenten.com\/fi\/wp-json\/wp\/v2\/product\/137674","targetHints":{"allow":["GET"]}}],"collection":[{"href":"https:\/\/stylingagenten.com\/fi\/wp-json\/wp\/v2\/product"}],"about":[{"href":"https:\/\/stylingagenten.com\/fi\/wp-json\/wp\/v2\/types\/product"}],"replies":[{"embeddable":true,"href":"https:\/\/stylingagenten.com\/fi\/wp-json\/wp\/v2\/comments?post=137674"}],"version-history":[{"count":0,"href":"https:\/\/stylingagenten.com\/fi\/wp-json\/wp\/v2\/product\/137674\/revisions"}],"wp:featuredmedia":[{"embeddable":true,"href":"https:\/\/stylingagenten.com\/fi\/wp-json\/wp\/v2\/media\/137673"}],"wp:attachment":[{"href":"https:\/\/stylingagenten.com\/fi\/wp-json\/wp\/v2\/media?parent=137674"}],"wp:term":[{"taxonomy":"product_brand","embeddable":true,"href":"https:\/\/stylingagenten.com\/fi\/wp-json\/wp\/v2\/product_brand?post=137674"},{"taxonomy":"product_cat","embeddable":true,"href":"https:\/\/stylingagenten.com\/fi\/wp-json\/wp\/v2\/product_cat?post=137674"},{"taxonomy":"product_tag","embeddable":true,"href":"https:\/\/stylingagenten.com\/fi\/wp-json\/wp\/v2\/product_tag?post=137674"},{"taxonomy":"berocket_brand","embeddable":true,"href":"https:\/\/stylingagenten.com\/fi\/wp-json\/wp\/v2\/berocket_brand?post=137674"}],"curies":[{"name":"wp","href":"https:\/\/api.w.org\/{rel}","templated":true}]}}