{"id":137663,"date":"2025-05-18T22:56:28","date_gmt":"2025-05-18T22:56:28","guid":{"rendered":"https:\/\/staging2.stylingagenten.com\/fi\/produkt\/joop-homme-mild-deodorant-natural-spray-75ml\/"},"modified":"2026-03-25T14:29:59","modified_gmt":"2026-03-25T14:29:59","slug":"joop-homme-mild-deodorant-natural-spray-75ml","status":"publish","type":"product","link":"https:\/\/stylingagenten.com\/fi\/tuote\/joop-homme-mild-deodorant-natural-spray-75ml\/","title":{"rendered":"Joop! Homme Mild Deodorant Natural Spray 75ml"},"content":{"rendered":"<p>Jep! Homme Mild Deodorant Natural Spray suojaa hajuja vastaan \u200b\u200bja j\u00e4tt\u00e4\u00e4 iholle kevyen tuoksun Joop! Homme. <\/p>\n<p>Joop! Homme on l\u00e4mmin, mausteinen ja maskuliininen hajuvesi, jossa on kanelin ja tupakan tuoksu.<br \/>Tuoksutuoksu: bergamotti, kaneli, jasmiini, hunaja, patsuli, tupakka ja vetiveria\u00f6ljy<\/p>\n","protected":false},"excerpt":{"rendered":"<p>Jep! Homme Mild Deodorant Natural Spray suojaa hajuja vastaan \u200b\u200bja j\u00e4tt\u00e4\u00e4 iholle kevyen tuoksun Joop! Homme. Joop! Homme on l\u00e4mmin, mausteinen ja maskuliininen hajuvesi, jossa on kanelin ja tupakan tuoksu.Tuoksutuoksu: bergamotti, kaneli, jasmiini, hunaja, patsuli, tupakka ja vetiveria\u00f6ljy<\/p>\n","protected":false},"featured_media":137659,"comment_status":"open","ping_status":"closed","template":"","meta":{"_trash_the_other_posts":false},"product_brand":[],"product_cat":[722,1006,1000,735],"product_tag":[],"berocket_brand":[1087],"class_list":{"0":"post-137663","1":"product","2":"type-product","3":"status-publish","4":"has-post-thumbnail","6":"product_cat-deo-spray-miehet","7":"product_cat-kampanjahinta","8":"product_cat-kampanjatarjous-miehelle","9":"product_cat-kampanjamme","10":"pa_brand-joop","11":"berocket_brand-joop","13":"first","14":"instock","15":"sale","16":"taxable","17":"shipping-taxable","18":"purchasable","19":"product-type-simple"},"_links":{"self":[{"href":"https:\/\/stylingagenten.com\/fi\/wp-json\/wp\/v2\/product\/137663","targetHints":{"allow":["GET"]}}],"collection":[{"href":"https:\/\/stylingagenten.com\/fi\/wp-json\/wp\/v2\/product"}],"about":[{"href":"https:\/\/stylingagenten.com\/fi\/wp-json\/wp\/v2\/types\/product"}],"replies":[{"embeddable":true,"href":"https:\/\/stylingagenten.com\/fi\/wp-json\/wp\/v2\/comments?post=137663"}],"version-history":[{"count":0,"href":"https:\/\/stylingagenten.com\/fi\/wp-json\/wp\/v2\/product\/137663\/revisions"}],"wp:featuredmedia":[{"embeddable":true,"href":"https:\/\/stylingagenten.com\/fi\/wp-json\/wp\/v2\/media\/137659"}],"wp:attachment":[{"href":"https:\/\/stylingagenten.com\/fi\/wp-json\/wp\/v2\/media?parent=137663"}],"wp:term":[{"taxonomy":"product_brand","embeddable":true,"href":"https:\/\/stylingagenten.com\/fi\/wp-json\/wp\/v2\/product_brand?post=137663"},{"taxonomy":"product_cat","embeddable":true,"href":"https:\/\/stylingagenten.com\/fi\/wp-json\/wp\/v2\/product_cat?post=137663"},{"taxonomy":"product_tag","embeddable":true,"href":"https:\/\/stylingagenten.com\/fi\/wp-json\/wp\/v2\/product_tag?post=137663"},{"taxonomy":"berocket_brand","embeddable":true,"href":"https:\/\/stylingagenten.com\/fi\/wp-json\/wp\/v2\/berocket_brand?post=137663"}],"curies":[{"name":"wp","href":"https:\/\/api.w.org\/{rel}","templated":true}]}}