{"id":137625,"date":"2025-05-18T22:56:21","date_gmt":"2025-05-18T22:56:21","guid":{"rendered":"https:\/\/staging2.stylingagenten.com\/fi\/produkt\/karl-lagerfeld-classic-grey-edt-100ml\/"},"modified":"2026-04-14T18:38:35","modified_gmt":"2026-04-14T18:38:35","slug":"karl-lagerfeld-classic-grey-edt-100ml","status":"publish","type":"product","link":"https:\/\/stylingagenten.com\/fi\/tuote\/karl-lagerfeld-classic-grey-edt-100ml\/","title":{"rendered":"Karl Lagerfeld Classic Grey Edt 100ml"},"content":{"rendered":"<p>Karl Lagefeldt esittelee seuraavan luvun tuoksutarinassa Classic, vessavesi, joka luotiin br\u00e4ndille vuonna 1978 ilment\u00e4m\u00e4\u00e4n ainutlaatuista Karl Lagerfeldin tunnusmerkki\u00e4. Nyt uuden tuoksun muodossa: Classic Grey Eau de Toilette. Moderni, elegantti miehille luotu hajuvesi, jonka p\u00e4\u00e4tuoksussa on p\u00e4hkin\u00e4npuiden lehti\u00e4 ja tuoretta laventelia. Setri ja tammi t\u00e4ytt\u00e4v\u00e4t tuoksun syd\u00e4men, joka on py\u00f6ristetty sammaleen, santelipuun ja pehme\u00e4n vaniljan pohjalla.<\/p>\n","protected":false},"excerpt":{"rendered":"<p>Karl Lagefeldt esittelee seuraavan luvun tuoksutarinassa Classic, vessavesi, joka luotiin br\u00e4ndille vuonna 1978 ilment\u00e4m\u00e4\u00e4n ainutlaatuista Karl Lagerfeldin tunnusmerkki\u00e4. Nyt uuden tuoksun muodossa: Classic Grey Eau de Toilette. Moderni, elegantti miehille luotu hajuvesi, jonka p\u00e4\u00e4tuoksussa on p\u00e4hkin\u00e4npuiden lehti\u00e4 ja tuoretta laventelia. Setri ja tammi t\u00e4ytt\u00e4v\u00e4t tuoksun syd\u00e4men, joka on py\u00f6ristetty sammaleen, santelipuun ja pehme\u00e4n vaniljan pohjalla.<\/p>\n","protected":false},"featured_media":137619,"comment_status":"open","ping_status":"closed","template":"","meta":{"_trash_the_other_posts":false},"product_brand":[],"product_cat":[1006,1000,924,709,1003,735],"product_tag":[],"berocket_brand":[1068],"class_list":{"0":"post-137625","1":"product","2":"type-product","3":"status-publish","4":"has-post-thumbnail","6":"product_cat-kampanjahinta","7":"product_cat-kampanjatarjous-miehelle","8":"product_cat-karl-lagerfeld-classic","9":"product_cat-miesten-eau-de-toilette","10":"product_cat-myydyimmat","11":"product_cat-kampanjamme","12":"pa_brand-karl-lagerfeld","13":"berocket_brand-karl-lagerfeld","15":"first","16":"instock","17":"sale","18":"taxable","19":"shipping-taxable","20":"purchasable","21":"product-type-simple"},"_links":{"self":[{"href":"https:\/\/stylingagenten.com\/fi\/wp-json\/wp\/v2\/product\/137625","targetHints":{"allow":["GET"]}}],"collection":[{"href":"https:\/\/stylingagenten.com\/fi\/wp-json\/wp\/v2\/product"}],"about":[{"href":"https:\/\/stylingagenten.com\/fi\/wp-json\/wp\/v2\/types\/product"}],"replies":[{"embeddable":true,"href":"https:\/\/stylingagenten.com\/fi\/wp-json\/wp\/v2\/comments?post=137625"}],"version-history":[{"count":0,"href":"https:\/\/stylingagenten.com\/fi\/wp-json\/wp\/v2\/product\/137625\/revisions"}],"wp:featuredmedia":[{"embeddable":true,"href":"https:\/\/stylingagenten.com\/fi\/wp-json\/wp\/v2\/media\/137619"}],"wp:attachment":[{"href":"https:\/\/stylingagenten.com\/fi\/wp-json\/wp\/v2\/media?parent=137625"}],"wp:term":[{"taxonomy":"product_brand","embeddable":true,"href":"https:\/\/stylingagenten.com\/fi\/wp-json\/wp\/v2\/product_brand?post=137625"},{"taxonomy":"product_cat","embeddable":true,"href":"https:\/\/stylingagenten.com\/fi\/wp-json\/wp\/v2\/product_cat?post=137625"},{"taxonomy":"product_tag","embeddable":true,"href":"https:\/\/stylingagenten.com\/fi\/wp-json\/wp\/v2\/product_tag?post=137625"},{"taxonomy":"berocket_brand","embeddable":true,"href":"https:\/\/stylingagenten.com\/fi\/wp-json\/wp\/v2\/berocket_brand?post=137625"}],"curies":[{"name":"wp","href":"https:\/\/api.w.org\/{rel}","templated":true}]}}