{"id":137599,"date":"2025-05-18T22:56:16","date_gmt":"2025-05-18T22:56:16","guid":{"rendered":"https:\/\/staging2.stylingagenten.com\/fi\/produkt\/acqua-di-parma-colonia-essenza-edc-20ml\/"},"modified":"2025-11-19T12:18:13","modified_gmt":"2025-11-19T12:18:13","slug":"acqua-di-parma-colonia-essenza-edc-20ml","status":"publish","type":"product","link":"https:\/\/stylingagenten.com\/fi\/tuote\/acqua-di-parma-colonia-essenza-edc-20ml\/","title":{"rendered":"Acqua di Parma Colonia Essenza Edc 20ml"},"content":{"rendered":"<p>Colonia Essenza on moderni klassikko &#8211; tuoksu, joka ilment\u00e4\u00e4 perinteist\u00e4 Coloniaa, mutta edustaa jotain uutta ja ainutlaatuista. Arvokkaimmat, luonnolliset ainesosat on yhdistetty sitrushedelm\u00e4n tuoksuiseen, puumaiseen sekoitukseen. Italialaisten sitrushedelmien tuoreus on tullut entist\u00e4 selvemm\u00e4ksi yhdess\u00e4 greipin, mandariinin ja appelsiinin kanssa. Patchoulin eloisaa, puista pohjaa kevent\u00e4v\u00e4t pehme\u00e4t valkoisen myskin ja l\u00e4mpim\u00e4n meripihkan nuotit.<\/p>\n","protected":false},"excerpt":{"rendered":"<p>Colonia Essenza on moderni klassikko &#8211; tuoksu, joka ilment\u00e4\u00e4 perinteist\u00e4 Coloniaa, mutta edustaa jotain uutta ja ainutlaatuista. Arvokkaimmat, luonnolliset ainesosat on yhdistetty sitrushedelm\u00e4n tuoksuiseen, puumaiseen sekoitukseen. Italialaisten sitrushedelmien tuoreus on tullut entist\u00e4 selvemm\u00e4ksi yhdess\u00e4 greipin, mandariinin ja appelsiinin kanssa. Patchoulin eloisaa, puista pohjaa kevent\u00e4v\u00e4t pehme\u00e4t valkoisen myskin ja l\u00e4mpim\u00e4n meripihkan nuotit.<\/p>\n","protected":false},"featured_media":137594,"comment_status":"open","ping_status":"closed","template":"","meta":{"_trash_the_other_posts":false},"product_brand":[],"product_cat":[710],"product_tag":[2337],"berocket_brand":[1161],"class_list":{"0":"post-137599","1":"product","2":"type-product","3":"status-publish","4":"has-post-thumbnail","6":"product_cat-eau-de-cologne-miehet","7":"product_tag-acqua-di-parma-colonia-essenza-edc","8":"pa_brand-acqua-di-parma","9":"pa_variantti-20ml","10":"berocket_brand-acqua-di-parma","12":"first","13":"outofstock","14":"sale","15":"taxable","16":"shipping-taxable","17":"purchasable","18":"product-type-simple"},"_links":{"self":[{"href":"https:\/\/stylingagenten.com\/fi\/wp-json\/wp\/v2\/product\/137599","targetHints":{"allow":["GET"]}}],"collection":[{"href":"https:\/\/stylingagenten.com\/fi\/wp-json\/wp\/v2\/product"}],"about":[{"href":"https:\/\/stylingagenten.com\/fi\/wp-json\/wp\/v2\/types\/product"}],"replies":[{"embeddable":true,"href":"https:\/\/stylingagenten.com\/fi\/wp-json\/wp\/v2\/comments?post=137599"}],"version-history":[{"count":0,"href":"https:\/\/stylingagenten.com\/fi\/wp-json\/wp\/v2\/product\/137599\/revisions"}],"wp:featuredmedia":[{"embeddable":true,"href":"https:\/\/stylingagenten.com\/fi\/wp-json\/wp\/v2\/media\/137594"}],"wp:attachment":[{"href":"https:\/\/stylingagenten.com\/fi\/wp-json\/wp\/v2\/media?parent=137599"}],"wp:term":[{"taxonomy":"product_brand","embeddable":true,"href":"https:\/\/stylingagenten.com\/fi\/wp-json\/wp\/v2\/product_brand?post=137599"},{"taxonomy":"product_cat","embeddable":true,"href":"https:\/\/stylingagenten.com\/fi\/wp-json\/wp\/v2\/product_cat?post=137599"},{"taxonomy":"product_tag","embeddable":true,"href":"https:\/\/stylingagenten.com\/fi\/wp-json\/wp\/v2\/product_tag?post=137599"},{"taxonomy":"berocket_brand","embeddable":true,"href":"https:\/\/stylingagenten.com\/fi\/wp-json\/wp\/v2\/berocket_brand?post=137599"}],"curies":[{"name":"wp","href":"https:\/\/api.w.org\/{rel}","templated":true}]}}